{"id":184,"date":"2018-03-14T22:14:43","date_gmt":"2018-03-14T22:14:43","guid":{"rendered":"http:\/\/santaceciliadelgrao.com\/?page_id=184"},"modified":"2025-10-31T08:09:34","modified_gmt":"2025-10-31T08:09:34","slug":"banda-titular-2","status":"publish","type":"page","link":"https:\/\/santaceciliadelgrao.com\/?page_id=184","title":{"rendered":"BANDA SIMF\u00d2NICA"},"content":{"rendered":"<p>Des de la seua creaci\u00f3, fa m\u00e9s de 40 anys, la banda titular de Santa Cec\u00edlia del Grau ha anat creixent com a agrupaci\u00f3 tant en nombre de participants com en la qualitat de les seues actuacions.<\/p>\n<p>Actualment compta amb 70 m\u00fasics i m\u00fasiques que es reunixen cada dimarts i divendres a la nit per a assajar. Des de fa uns anys Adri\u00e0 S\u00e1nchez Castell\u00f3 porta la batuta de l&#8217;agrupaci\u00f3.<\/p>\n<p>Al llarg d&#8217;estos anys la banda titular ha participat en innombrables actes i campanyes organitzats per diferents entitats, tant p\u00fabliques com privades, i tamb\u00e9 en festivals nacionals i internacionals, a m\u00e9s de les tradicionals col\u00b7laboracions en les diferents festes de la ciutat. Volem destacar que a l&#8217;octubre de 2022 s&#8217;ha al\u00e7at amb un primer premi i menci\u00f3 d&#8217;honor en el Certamen de Bandes de la Diputaci\u00f3 de Val\u00e8ncia celebrat a Ll\u00edria.<\/p>\n<p>Si eres m\u00fasic o m\u00fasica i desitges unir-te a esta gran fam\u00edlia que, al cap i a la fi, \u00e9s la banda, no dubtes a contactar amb nosaltres.<\/p>\n<p>Els assajos es duen a terme tots els dimarts, de 20 a 22 h, i els divendres, de 22 a 24 h, en el local de M\u00e9ndez N\u00fa\u00f1ez.<\/p>\n<p align=\"justify\"><img loading=\"lazy\" decoding=\"async\" class=\"alignnone size-full wp-image-4102\" src=\"http:\/\/santaceciliadelgrao.com\/wp-content\/uploads\/2025\/10\/Captura2.jpg\" alt=\"\" width=\"1325\" height=\"566\" srcset=\"https:\/\/santaceciliadelgrao.com\/wp-content\/uploads\/2025\/10\/Captura2.jpg 1325w, https:\/\/santaceciliadelgrao.com\/wp-content\/uploads\/2025\/10\/Captura2-300x128.jpg 300w, https:\/\/santaceciliadelgrao.com\/wp-content\/uploads\/2025\/10\/Captura2-1024x437.jpg 1024w, https:\/\/santaceciliadelgrao.com\/wp-content\/uploads\/2025\/10\/Captura2-768x328.jpg 768w\" sizes=\"auto, (max-width: 1325px) 100vw, 1325px\" \/><\/p>\n","protected":false},"excerpt":{"rendered":"<p>Des de la seua creaci\u00f3, fa m\u00e9s de 40 anys, la banda titular de Santa Cec\u00edlia del Grau ha anat creixent com a agrupaci\u00f3 tant en nombre de participants com en la qualitat de les seues actuacions. Actualment compta amb 70 m\u00fasics i m\u00fasiques que es reunixen cada dimarts i divendres a la nit per&hellip; <br \/> <a class=\"button small blue\" href=\"https:\/\/santaceciliadelgrao.com\/?page_id=184\">Read more<\/a><\/p>\n","protected":false},"author":1,"featured_media":0,"parent":0,"menu_order":0,"comment_status":"closed","ping_status":"closed","template":"","meta":{"footnotes":""},"class_list":["post-184","page","type-page","status-publish","hentry"],"_links":{"self":[{"href":"https:\/\/santaceciliadelgrao.com\/index.php?rest_route=\/wp\/v2\/pages\/184","targetHints":{"allow":["GET"]}}],"collection":[{"href":"https:\/\/santaceciliadelgrao.com\/index.php?rest_route=\/wp\/v2\/pages"}],"about":[{"href":"https:\/\/santaceciliadelgrao.com\/index.php?rest_route=\/wp\/v2\/types\/page"}],"author":[{"embeddable":true,"href":"https:\/\/santaceciliadelgrao.com\/index.php?rest_route=\/wp\/v2\/users\/1"}],"replies":[{"embeddable":true,"href":"https:\/\/santaceciliadelgrao.com\/index.php?rest_route=%2Fwp%2Fv2%2Fcomments&post=184"}],"version-history":[{"count":16,"href":"https:\/\/santaceciliadelgrao.com\/index.php?rest_route=\/wp\/v2\/pages\/184\/revisions"}],"predecessor-version":[{"id":4103,"href":"https:\/\/santaceciliadelgrao.com\/index.php?rest_route=\/wp\/v2\/pages\/184\/revisions\/4103"}],"wp:attachment":[{"href":"https:\/\/santaceciliadelgrao.com\/index.php?rest_route=%2Fwp%2Fv2%2Fmedia&parent=184"}],"curies":[{"name":"wp","href":"https:\/\/api.w.org\/{rel}","templated":true}]}}