{"id":780,"date":"2020-08-25T08:45:48","date_gmt":"2020-08-25T08:45:48","guid":{"rendered":"http:\/\/santaceciliadelgrao.com\/?page_id=780"},"modified":"2026-02-26T13:23:30","modified_gmt":"2026-02-26T13:23:30","slug":"one-page-express","status":"publish","type":"page","link":"http:\/\/santaceciliadelgrao.com\/","title":{"rendered":"P\u00e0gina principal"},"content":{"rendered":"<h3 style=\"text-align: center;\">Vos donem la benvinguda a Santa Cec\u00edlia del Grau!<span style=\"color: #333333;\">\u00a0 \u00a0<\/span><\/h3>\n<p style=\"text-align: center;\"><span style=\"color: #333333;\">Som una agrupaci\u00f3 musical que des de fa m\u00e9s de 40 anys treballem per difondre la cultura musical dins i fora del barri del Grau, entre els nostres socis i s\u00f2cies, ve\u00efnat i ciutadania en general. La nostra missi\u00f3 \u00e9s fer de la m\u00fasica un element vertebrador i cohesionador de la societat i, per aix\u00f2, promovem i fomentem principalment la formaci\u00f3 i l\u2019educaci\u00f3 mitjan\u00e7ant l\u2019ensenyament de la m\u00fasica al nostre alumnat.<\/span><\/p>\n\n\n<div class=\"wp-block-columns is-layout-flex wp-container-core-columns-is-layout-9d6595d7 wp-block-columns-is-layout-flex\">\n<div class=\"wp-block-column is-layout-flow wp-block-column-is-layout-flow\" style=\"flex-basis:25%\"><\/div>\n\n\n\n<div class=\"wp-block-column is-layout-flow wp-block-column-is-layout-flow\" style=\"flex-basis:50%\">\n<h3 style=\"text-align: center;\">&#8230;I PER PASQUA<\/h3>\n<p style=\"text-align: center;\"><strong>FES CLIC EN LA IMATGE I INSCRIU-T&#8217;HI<\/strong><\/p>\n\n\n<div class=\"wp-block-image\">\n<figure class=\"aligncenter size-large is-resized\"><a href=\"https:\/\/docs.google.com\/forms\/d\/e\/1FAIpQLSdWVStQ47FZj5QO9Ia_jUuAUgfpifb7ExmZ2QWBtG4a1K700A\/viewform\" target=\"_blank\"><img loading=\"lazy\" decoding=\"async\" width=\"819\" height=\"1024\" src=\"http:\/\/santaceciliadelgrao.com\/wp-content\/uploads\/2026\/02\/WhatsApp-Image-2026-02-18-at-13.36.32-819x1024.jpeg\" alt=\"\" class=\"wp-image-4173\" style=\"width:326px;height:auto\" srcset=\"http:\/\/santaceciliadelgrao.com\/wp-content\/uploads\/2026\/02\/WhatsApp-Image-2026-02-18-at-13.36.32-819x1024.jpeg 819w, http:\/\/santaceciliadelgrao.com\/wp-content\/uploads\/2026\/02\/WhatsApp-Image-2026-02-18-at-13.36.32-240x300.jpeg 240w, http:\/\/santaceciliadelgrao.com\/wp-content\/uploads\/2026\/02\/WhatsApp-Image-2026-02-18-at-13.36.32-768x960.jpeg 768w, http:\/\/santaceciliadelgrao.com\/wp-content\/uploads\/2026\/02\/WhatsApp-Image-2026-02-18-at-13.36.32-1024x1280.jpeg 1024w, http:\/\/santaceciliadelgrao.com\/wp-content\/uploads\/2026\/02\/WhatsApp-Image-2026-02-18-at-13.36.32-864x1080.jpeg 864w, http:\/\/santaceciliadelgrao.com\/wp-content\/uploads\/2026\/02\/WhatsApp-Image-2026-02-18-at-13.36.32.jpeg 1080w\" sizes=\"auto, (max-width: 819px) 100vw, 819px\" \/><\/a><\/figure>\n<\/div><\/div>\n\n\n\n<div class=\"wp-block-column is-layout-flow wp-block-column-is-layout-flow\" style=\"flex-basis:25%\"><\/div>\n<\/div>\n\n\n\n<div class=\"wp-block-columns is-layout-flex wp-container-core-columns-is-layout-9d6595d7 wp-block-columns-is-layout-flex\">\n<div class=\"wp-block-column is-layout-flow wp-block-column-is-layout-flow\" style=\"flex-basis:100%\">\n<h3>\u00a0<\/h3>\n<div id=\"overlapable-4\" class=\"features-overlapped-icons-section stripped-features-overlapped-icons-section\" style=\"background-color: #ffffff;\" data-label=\"Overlapable\" data-id=\"stripped-features-overlapped-icons-section\" data-category=\"overlapable\" data-overlap=\"true\">\n<div class=\"gridContainer\">\n<div class=\"features-overlapped-icons-featuresrow flexbox-list\" data-type=\"row\">\n<div class=\"features-large-icons-featcol cp3cols cp6cols-tablet\">\n<div class=\"features-overlapped-icons-featinnerrow\">\n<div class=\"\" data-type=\"column\">\n<h4 class=\"\">Escola de m\u00fasica<\/h4>\n<p class=\"\"><img decoding=\"async\" class=\"custom-image\" src=\"http:\/\/santaceciliadelgrao.com\/wp-content\/uploads\/2022\/03\/Extras-e1663259806402.jpg\" alt=\"\" \/><\/p>\n<p><a class=\"\" href=\"http:\/\/santaceciliadelgrao.com?page_id=324\" target=\"_blank\" rel=\"noopener\">m\u00e9s informaci\u00f3<\/a><\/p>\n<\/div>\n<\/div>\n<\/div>\n<div class=\"features-large-icons-featcol cp3cols cp6cols-tablet\">\n<div class=\"features-overlapped-icons-featinnerrow\">\n<div class=\"\" data-type=\"column\">\n<h4 class=\"\">Banda simf\u00f2nica<\/h4>\n<p class=\"\"><img decoding=\"async\" class=\"custom-image\" src=\"http:\/\/santaceciliadelgrao.com\/wp-content\/uploads\/2022\/03\/scg-albufera-e1647888292405.jpg\" alt=\"\" \/><\/p>\n<p><a class=\"\" href=\"http:\/\/santaceciliadelgrao.com?page_id=184\" target=\"_blank\" rel=\"noopener\">m\u00e9s informaci\u00f3<\/a><\/p>\n<\/div>\n<\/div>\n<\/div>\n<div class=\"features-large-icons-featcol cp3cols cp6cols-tablet\">\n<div class=\"features-overlapped-icons-featinnerrow\">\n<div class=\"\" data-type=\"column\">\n<h4 class=\"\">Banda escolar<\/h4>\n<p class=\"\"><img decoding=\"async\" class=\"custom-image\" src=\"http:\/\/santaceciliadelgrao.com\/wp-content\/uploads\/2022\/09\/WhatsApp-Image-2022-09-15-at-18.50.08-e1663261019169.jpeg\" alt=\"\" \/><\/p>\n<p><a class=\"\" href=\"http:\/\/santaceciliadelgrao.com?page_id=169#page-content\" target=\"_blank\" rel=\"noopener\">m\u00e9s informaci\u00f3<\/a><\/p>\n<\/div>\n<\/div>\n<\/div>\n<div class=\"features-large-icons-featcol cp3cols cp6cols-tablet\">\n<div class=\"features-overlapped-icons-featinnerrow\">\n<div class=\"\" data-type=\"column\">\n<h4 class=\"\">Cor<\/h4>\n<p><img loading=\"lazy\" decoding=\"async\" class=\"alignnone size-full wp-image-2402\" src=\"http:\/\/santaceciliadelgrao.com\/wp-content\/uploads\/2022\/10\/WhatsApp-Image-2022-09-23-at-19.03.57-2-e1761028509145.jpeg\" alt=\"\" width=\"1024\" height=\"672\" \/><\/p>\n<p><a class=\"\" href=\"http:\/\/santaceciliadelgrao.com?page_id=167\" target=\"_blank\" rel=\"noopener\">m\u00e9s informaci\u00f3<\/a><\/p>\n<\/div>\n<\/div>\n<\/div>\n<\/div>\n<\/div>\n<\/div>\n<div id=\"latest-posts\" class=\"blog-section\" style=\"background-color: #f6f6f6;\" data-label=\"Latest posts\" data-id=\"blog-section\" data-category=\"latest_news\">\n<div class=\"gridContainer\">\n<div class=\"blog-textrow\">\n<div class=\"blog-textcol dynamic-color\" data-type=\"column\">\n<h2 class=\"\">\u00daltimes not\u00edcies<\/h2>\n<\/div>\n<\/div>\n<div class=\"blog-postsrow dark-text\" data-type=\"row\" data-dynamic-columns=\"one_page_express_latest_news_columns\" data-content-shortcode=\"one_page_express_latest_news\">\t\t\t<div id=\"post-4396\" class=\"blog-postcol cp4cols\">\n\t\t\t<div class=\"post-content\">\n\t\t\t\t\t\t\t\t\t<a class=\"post-list-item-thumb\" href=\"http:\/\/santaceciliadelgrao.com\/?p=4396\">\n\t\t\t\t\t\t<img loading=\"lazy\" decoding=\"async\" width=\"731\" height=\"134\" src=\"http:\/\/santaceciliadelgrao.com\/wp-content\/uploads\/2026\/03\/Captura-de-pantalla-2026-03-24-151024.png\" class=\"attachment-post-thumbnail size-post-thumbnail wp-post-image\" alt=\"\" srcset=\"http:\/\/santaceciliadelgrao.com\/wp-content\/uploads\/2026\/03\/Captura-de-pantalla-2026-03-24-151024.png 731w, http:\/\/santaceciliadelgrao.com\/wp-content\/uploads\/2026\/03\/Captura-de-pantalla-2026-03-24-151024-300x55.png 300w\" sizes=\"auto, (max-width: 731px) 100vw, 731px\" \/>\t\t\t\t\t<\/a>\n\t\t\t\t\t\t\t\t<div class=\"row_345\">\n\t\t\t\t\t<h3 class=\"blog-title\">\n\t\t\t\t\t\t<a href=\"http:\/\/santaceciliadelgrao.com\/?p=4396\" rel=\"bookmark\">\n\t\t\t\t\t\t\tEscapada musical y encuentro en l\u00ednea\t\t\t\t\t\t<\/a>\n\t\t\t\t\t<\/h3>\n\t\t\t\t\t<p>Con motivo de la pr\u00f3xima escapada musical a Madrid que ha organizado nuestra Agrupaci\u00f3n, en la que asistiremos a diversos eventos musicales, como la zarzuela Jugar con fuego, la Sinfon\u00eda[&hellip;]<\/p>\n\t\t\t\t\t<a class=\"button blue small\" href=\"http:\/\/santaceciliadelgrao.com\/?p=4396\">\n\t\t\t\t\t\t<span data-theme=\"one_page_express_latest_news_read_more\">Read more<\/span>\n\t\t\t\t\t<\/a>\n\t\t\t\t\t<hr class=\"blog-separator\">\n<div class=\"post-header\">\n    <i class=\"font-icon-post fa fa-user\"><\/i>\n    <a href=\"http:\/\/santaceciliadelgrao.com\/?author=1\" title=\"Entrades de StaCeciDelGrau\" rel=\"author\">StaCeciDelGrau<\/a>    <i class=\"font-icon-post fa fa-calendar\"><\/i>\n    <span class=\"span12\">24\/03\/2026<\/span>\n\n    <i class=\"font-icon-post fa fa-comment-o\"><\/i>\n    <span>0<\/span>\n<\/div>\t\t\t\t<\/div>\n\t\t\t<\/div>\n\t\t<\/div>\n\t\t\t\t<div id=\"post-4392\" class=\"blog-postcol cp4cols\">\n\t\t\t<div class=\"post-content\">\n\t\t\t\t\t\t\t\t\t<a class=\"post-list-item-thumb\" href=\"http:\/\/santaceciliadelgrao.com\/?p=4392\">\n\t\t\t\t\t\t<img loading=\"lazy\" decoding=\"async\" width=\"731\" height=\"134\" src=\"http:\/\/santaceciliadelgrao.com\/wp-content\/uploads\/2026\/03\/Captura-de-pantalla-2026-03-24-151024.png\" class=\"attachment-post-thumbnail size-post-thumbnail wp-post-image\" alt=\"\" srcset=\"http:\/\/santaceciliadelgrao.com\/wp-content\/uploads\/2026\/03\/Captura-de-pantalla-2026-03-24-151024.png 731w, http:\/\/santaceciliadelgrao.com\/wp-content\/uploads\/2026\/03\/Captura-de-pantalla-2026-03-24-151024-300x55.png 300w\" sizes=\"auto, (max-width: 731px) 100vw, 731px\" \/>\t\t\t\t\t<\/a>\n\t\t\t\t\t\t\t\t<div class=\"row_345\">\n\t\t\t\t\t<h3 class=\"blog-title\">\n\t\t\t\t\t\t<a href=\"http:\/\/santaceciliadelgrao.com\/?p=4392\" rel=\"bookmark\">\n\t\t\t\t\t\t\tEscapada musical i trobada en l\u00ednia\t\t\t\t\t\t<\/a>\n\t\t\t\t\t<\/h3>\n\t\t\t\t\t<p>Amb motiu de la pr\u00f2xima escapada musical a Madrid que ha organitzat la nostra Agrupaci\u00f3, en la qual assistirem a diversos esdeveniments, com la sarsuela Jugar con fuego, la Simfonia[&hellip;]<\/p>\n\t\t\t\t\t<a class=\"button blue small\" href=\"http:\/\/santaceciliadelgrao.com\/?p=4392\">\n\t\t\t\t\t\t<span data-theme=\"one_page_express_latest_news_read_more\">Read more<\/span>\n\t\t\t\t\t<\/a>\n\t\t\t\t\t<hr class=\"blog-separator\">\n<div class=\"post-header\">\n    <i class=\"font-icon-post fa fa-user\"><\/i>\n    <a href=\"http:\/\/santaceciliadelgrao.com\/?author=1\" title=\"Entrades de StaCeciDelGrau\" rel=\"author\">StaCeciDelGrau<\/a>    <i class=\"font-icon-post fa fa-calendar\"><\/i>\n    <span class=\"span12\">24\/03\/2026<\/span>\n\n    <i class=\"font-icon-post fa fa-comment-o\"><\/i>\n    <span>0<\/span>\n<\/div>\t\t\t\t<\/div>\n\t\t\t<\/div>\n\t\t<\/div>\n\t\t\t\t<div id=\"post-4185\" class=\"blog-postcol cp4cols\">\n\t\t\t<div class=\"post-content\">\n\t\t\t\t\t\t\t\t\t<a class=\"post-list-item-thumb\" href=\"http:\/\/santaceciliadelgrao.com\/?p=4185\">\n\t\t\t\t\t\t<img loading=\"lazy\" decoding=\"async\" width=\"418\" height=\"143\" src=\"http:\/\/santaceciliadelgrao.com\/wp-content\/uploads\/2026\/03\/Captura-de-pantalla-2026-03-10-111548.pngg_.png\" class=\"attachment-post-thumbnail size-post-thumbnail wp-post-image\" alt=\"\" srcset=\"http:\/\/santaceciliadelgrao.com\/wp-content\/uploads\/2026\/03\/Captura-de-pantalla-2026-03-10-111548.pngg_.png 418w, http:\/\/santaceciliadelgrao.com\/wp-content\/uploads\/2026\/03\/Captura-de-pantalla-2026-03-10-111548.pngg_-300x103.png 300w\" sizes=\"auto, (max-width: 418px) 100vw, 418px\" \/>\t\t\t\t\t<\/a>\n\t\t\t\t\t\t\t\t<div class=\"row_345\">\n\t\t\t\t\t<h3 class=\"blog-title\">\n\t\t\t\t\t\t<a href=\"http:\/\/santaceciliadelgrao.com\/?p=4185\" rel=\"bookmark\">\n\t\t\t\t\t\t\tAudiciones de primavera\t\t\t\t\t\t<\/a>\n\t\t\t\t\t<\/h3>\n\t\t\t\t\t<p>Desde esta misma tarde hasta el mi\u00e9rcoles 12 te esperamos en nuestra escuela de m\u00fasica para disfrutar de las actuaciones de nuestro alumnado en las audiciones de las diferentes aulas[&hellip;]<\/p>\n\t\t\t\t\t<a class=\"button blue small\" href=\"http:\/\/santaceciliadelgrao.com\/?p=4185\">\n\t\t\t\t\t\t<span data-theme=\"one_page_express_latest_news_read_more\">Read more<\/span>\n\t\t\t\t\t<\/a>\n\t\t\t\t\t<hr class=\"blog-separator\">\n<div class=\"post-header\">\n    <i class=\"font-icon-post fa fa-user\"><\/i>\n    <a href=\"http:\/\/santaceciliadelgrao.com\/?author=1\" title=\"Entrades de StaCeciDelGrau\" rel=\"author\">StaCeciDelGrau<\/a>    <i class=\"font-icon-post fa fa-calendar\"><\/i>\n    <span class=\"span12\">10\/03\/2026<\/span>\n\n    <i class=\"font-icon-post fa fa-comment-o\"><\/i>\n    <span>0<\/span>\n<\/div>\t\t\t\t<\/div>\n\t\t\t<\/div>\n\t\t<\/div>\n\t\t<\/div>\n<div class=\"blog-textcol\"><a class=\"button blue\" href=\"http:\/\/santaceciliadelgrao.com\/?page_id=1632\" data-attr-shortcode=\"href:one_page_express_blog_link\">M\u00c9S NOT\u00cdCIES<\/a><\/div>\n<\/div>\n<\/div>\n<\/div>\n<\/div>\n","protected":false},"excerpt":{"rendered":"<p>Vos donem la benvinguda a Santa Cec\u00edlia del Grau!\u00a0 \u00a0 Som una agrupaci\u00f3 musical que des de fa m\u00e9s de 40 anys treballem per difondre la cultura musical dins i fora del barri del Grau, entre els nostres socis i s\u00f2cies, ve\u00efnat i ciutadania en general. La nostra missi\u00f3 \u00e9s fer de la m\u00fasica un&hellip; <br \/> <a class=\"button small blue\" href=\"http:\/\/santaceciliadelgrao.com\/?p=4185\">Read more<\/a><\/p>\n","protected":false},"author":1,"featured_media":0,"parent":0,"menu_order":0,"comment_status":"closed","ping_status":"closed","template":"","meta":{"footnotes":""},"class_list":["post-780","page","type-page","status-publish","hentry"],"_links":{"self":[{"href":"http:\/\/santaceciliadelgrao.com\/index.php?rest_route=\/wp\/v2\/pages\/780","targetHints":{"allow":["GET"]}}],"collection":[{"href":"http:\/\/santaceciliadelgrao.com\/index.php?rest_route=\/wp\/v2\/pages"}],"about":[{"href":"http:\/\/santaceciliadelgrao.com\/index.php?rest_route=\/wp\/v2\/types\/page"}],"author":[{"embeddable":true,"href":"http:\/\/santaceciliadelgrao.com\/index.php?rest_route=\/wp\/v2\/users\/1"}],"replies":[{"embeddable":true,"href":"http:\/\/santaceciliadelgrao.com\/index.php?rest_route=%2Fwp%2Fv2%2Fcomments&post=780"}],"version-history":[{"count":59,"href":"http:\/\/santaceciliadelgrao.com\/index.php?rest_route=\/wp\/v2\/pages\/780\/revisions"}],"predecessor-version":[{"id":4174,"href":"http:\/\/santaceciliadelgrao.com\/index.php?rest_route=\/wp\/v2\/pages\/780\/revisions\/4174"}],"wp:attachment":[{"href":"http:\/\/santaceciliadelgrao.com\/index.php?rest_route=%2Fwp%2Fv2%2Fmedia&parent=780"}],"curies":[{"name":"wp","href":"https:\/\/api.w.org\/{rel}","templated":true}]}}