{"id":60,"date":"2017-12-09T10:26:33","date_gmt":"2017-12-09T10:26:33","guid":{"rendered":"http:\/\/santaceciliadelgrao.com\/?page_id=60"},"modified":"2025-04-30T10:12:07","modified_gmt":"2025-04-30T10:12:07","slug":"banda-juvenil","status":"publish","type":"page","link":"http:\/\/santaceciliadelgrao.com\/?page_id=60","title":{"rendered":"BANDA ESCOLAR"},"content":{"rendered":"<p><span style=\"color: #000000;\">En 1994 naci\u00f3 la banda juvenil y de educandos con la finalidad de formar a sus alumnos de la escuela de cara a su futura incorporaci\u00f3n a la banda titular.<\/span><\/p>\n<p><span style=\"color: #000000;\">A lo largo de su trayectoria, ha participado en diversos conciertos acompa\u00f1ando a la banda titular en los actos de la sociedad y, adem\u00e1s, ha participado en festivales de bandas juveniles, como el Festival Comarcal de Bandas Juveniles celebrado en el Palau de la M\u00fasica en los a\u00f1os 2006 y 2007, y en intercambios con las Bandas Juveniles de Benag\u00e9ber, Massanassa y Massamagrell. Tami\u00e9n ha participado en el ciclo de conciertos en conmemoraci\u00f3n del 30 aniversario de la Coordinadora de Sociedades Musicales Federadas de la ciudad de Val\u00e8ncia, realizado en el Palau de la M\u00fasica. Adem\u00e1s, en 2015 compiti\u00f3 en el Certamen de Bandas Juveniles de Beniarr\u00e9s (Alicante) donde obtuvo el 2\u00ba premio.<\/span><\/p>\n<p>En diciembre de 2021\u00a0 particip\u00f3 en el <strong>44\u00ba Certamen de Bandes de la Diputaci\u00f3 de Val\u00e8ncia<\/strong>, celebrado en el Palau de les Arts, con una formaci\u00f3n integrada por m\u00fasicos y m\u00fasicas de la banda juvenil y de la banda titular que se present\u00f3 como <strong>Banda Jove de l&#8217;AM SCG<\/strong>, y en el que se alz\u00f3 con un segundo premio.<\/p>\n<p>\u00daltimamente, en las ediciones 2021 y 2022, la banda escolar ha representado a la agrupaci\u00f3n en los Concerts d&#8217;Intercanvi que organiza la FSMCV junto con la GVA, y participa todos los a\u00f1os en el tradicional concierto de Santa Cecilia, adem\u00e1s de ofrecer diversos conciertos\/audiciones a lo largo del curso escolar<\/p>\n<p><span style=\"color: #000000;\">Actualmente nuestra banda escolar continua form\u00e1ndose bajo la batuta de <strong>Elena Sim\u00f3n Agudo<\/strong>, directora titular, y cuenta con una plantilla de m\u00e1s de 30 educandos. En determinadas ocasiones algunos m\u00fasicos de la banda titular refuerzan la escolar para mejorar la calidad de las interpretaciones.<\/span><\/p>\n<p><span style=\"color: #000000;\">Hay sesiones que combinan clase y ensayos todos los jueves de 20 a 21:30 h.<\/span><\/p>\n<p>\u00a0<\/p>\n\n\n<figure class=\"wp-block-image size-large\"><img loading=\"lazy\" decoding=\"async\" width=\"1024\" height=\"768\" src=\"http:\/\/santaceciliadelgrao.com\/wp-content\/uploads\/2025\/04\/WhatsApp-Image-2025-04-03-at-19.25.02-1-1024x768.jpeg\" alt=\"\" class=\"wp-image-3893\" srcset=\"http:\/\/santaceciliadelgrao.com\/wp-content\/uploads\/2025\/04\/WhatsApp-Image-2025-04-03-at-19.25.02-1-1024x768.jpeg 1024w, http:\/\/santaceciliadelgrao.com\/wp-content\/uploads\/2025\/04\/WhatsApp-Image-2025-04-03-at-19.25.02-1-300x225.jpeg 300w, http:\/\/santaceciliadelgrao.com\/wp-content\/uploads\/2025\/04\/WhatsApp-Image-2025-04-03-at-19.25.02-1-768x576.jpeg 768w, http:\/\/santaceciliadelgrao.com\/wp-content\/uploads\/2025\/04\/WhatsApp-Image-2025-04-03-at-19.25.02-1-1536x1152.jpeg 1536w, http:\/\/santaceciliadelgrao.com\/wp-content\/uploads\/2025\/04\/WhatsApp-Image-2025-04-03-at-19.25.02-1-1440x1080.jpeg 1440w, http:\/\/santaceciliadelgrao.com\/wp-content\/uploads\/2025\/04\/WhatsApp-Image-2025-04-03-at-19.25.02-1.jpeg 1600w\" sizes=\"auto, (max-width: 1024px) 100vw, 1024px\" \/><\/figure>\n","protected":false},"excerpt":{"rendered":"<p>En 1994 naci\u00f3 la banda juvenil y de educandos con la finalidad de formar a sus alumnos de la escuela de cara a su futura incorporaci\u00f3n a la banda titular. A lo largo de su trayectoria, ha participado en diversos conciertos acompa\u00f1ando a la banda titular en los actos de la sociedad y, adem\u00e1s, ha&hellip; <br \/> <a class=\"button small blue\" href=\"http:\/\/santaceciliadelgrao.com\/?page_id=60\">Read more<\/a><\/p>\n","protected":false},"author":1,"featured_media":0,"parent":0,"menu_order":0,"comment_status":"closed","ping_status":"closed","template":"","meta":{"footnotes":""},"class_list":["post-60","page","type-page","status-publish","hentry"],"_links":{"self":[{"href":"http:\/\/santaceciliadelgrao.com\/index.php?rest_route=\/wp\/v2\/pages\/60","targetHints":{"allow":["GET"]}}],"collection":[{"href":"http:\/\/santaceciliadelgrao.com\/index.php?rest_route=\/wp\/v2\/pages"}],"about":[{"href":"http:\/\/santaceciliadelgrao.com\/index.php?rest_route=\/wp\/v2\/types\/page"}],"author":[{"embeddable":true,"href":"http:\/\/santaceciliadelgrao.com\/index.php?rest_route=\/wp\/v2\/users\/1"}],"replies":[{"embeddable":true,"href":"http:\/\/santaceciliadelgrao.com\/index.php?rest_route=%2Fwp%2Fv2%2Fcomments&post=60"}],"version-history":[{"count":31,"href":"http:\/\/santaceciliadelgrao.com\/index.php?rest_route=\/wp\/v2\/pages\/60\/revisions"}],"predecessor-version":[{"id":3895,"href":"http:\/\/santaceciliadelgrao.com\/index.php?rest_route=\/wp\/v2\/pages\/60\/revisions\/3895"}],"wp:attachment":[{"href":"http:\/\/santaceciliadelgrao.com\/index.php?rest_route=%2Fwp%2Fv2%2Fmedia&parent=60"}],"curies":[{"name":"wp","href":"https:\/\/api.w.org\/{rel}","templated":true}]}}