{"id":4368,"date":"2026-03-24T12:49:32","date_gmt":"2026-03-24T12:49:32","guid":{"rendered":"http:\/\/santaceciliadelgrao.com\/?page_id=4368"},"modified":"2026-03-24T13:34:49","modified_gmt":"2026-03-24T13:34:49","slug":"4368-2","status":"publish","type":"page","link":"http:\/\/santaceciliadelgrao.com\/?page_id=4368","title":{"rendered":""},"content":{"rendered":"\n<p><strong>Jorge Edo Aznar<\/strong><\/p>\n\n\n\n<p><em>Profesor de Percusi\u00f3<\/em>n<\/p>\n\n\n\n<p class=\"has-text-align-left\"><\/p>\n\n\n\n<div class=\"wp-block-media-text alignwide is-stacked-on-mobile\" style=\"grid-template-columns:19% auto\"><figure class=\"wp-block-media-text__media\"><img loading=\"lazy\" decoding=\"async\" width=\"157\" height=\"148\" src=\"http:\/\/santaceciliadelgrao.com\/wp-content\/uploads\/2026\/03\/descarga.png\" alt=\"\" class=\"wp-image-4366 size-full\"\/><\/figure><div class=\"wp-block-media-text__content\">\n<p>Jorge Edo es un percusionista, productor y m\u00fasico electr\u00f3nico nacido en Val\u00e8ncia. Realiz\u00f3 sus estudios musicales en el Conservatorio Superior de M\u00fasica de las Islas Baleares, en la especialidad de Percusi\u00f3n. Posteriormente, estudi\u00f3 en Val\u00e8ncia el Diploma en Producci\u00f3n Musical &amp; DJ en Yamaha Music School, y hasta ahora ha completado su formaci\u00f3n acad\u00e9mica con un M\u00e1ster en Sonolog\u00eda Aplicada y Creaci\u00f3n Sonora en el Conservatorio Superior de M\u00fasica Joaqu\u00edn Rodrigo de Val\u00e8ncia.<\/p>\n\n\n\n<p>Desde entonces, sus proyectos art\u00edsticos han tenido lugar en Val\u00e8ncia, Mallorca y Dinamarca.<\/p>\n\n\n\n<p>Actualmente desarrolla su talento como m\u00fasico electr\u00f3nico <em>freelance<\/em> y productor, creando sus propias sesiones donde sintetiza la percusi\u00f3n con la m\u00fasica electr\u00f3nica.<\/p>\n\n\n\n<p>Tambi\u00e9n es profesor de Percusi\u00f3n, Bater\u00eda y Lenguaje Musical en diferentes conservatorios y escuelas de m\u00fasica, y ofrece clases particulares de percusi\u00f3n, bater\u00eda, m\u00fasica de c\u00e1mara, piano, lenguaje musical, producci\u00f3n musical, DJ y teor\u00eda musical adaptada a la producci\u00f3n.<\/p>\n<\/div><\/div>\n","protected":false},"excerpt":{"rendered":"<p>Jorge Edo Aznar Profesor de Percusi\u00f3n Jorge Edo es un percusionista, productor y m\u00fasico electr\u00f3nico nacido en Val\u00e8ncia. Realiz\u00f3 sus estudios musicales en el Conservatorio Superior de M\u00fasica de las Islas Baleares, en la especialidad de Percusi\u00f3n. Posteriormente, estudi\u00f3 en Val\u00e8ncia el Diploma en Producci\u00f3n Musical &amp; DJ en Yamaha Music School, y hasta ahora&hellip; <br \/> <a class=\"button small blue\" href=\"http:\/\/santaceciliadelgrao.com\/?page_id=4368\">Read more<\/a><\/p>\n","protected":false},"author":1,"featured_media":0,"parent":0,"menu_order":0,"comment_status":"closed","ping_status":"closed","template":"","meta":{"footnotes":""},"class_list":["post-4368","page","type-page","status-publish","hentry"],"_links":{"self":[{"href":"http:\/\/santaceciliadelgrao.com\/index.php?rest_route=\/wp\/v2\/pages\/4368","targetHints":{"allow":["GET"]}}],"collection":[{"href":"http:\/\/santaceciliadelgrao.com\/index.php?rest_route=\/wp\/v2\/pages"}],"about":[{"href":"http:\/\/santaceciliadelgrao.com\/index.php?rest_route=\/wp\/v2\/types\/page"}],"author":[{"embeddable":true,"href":"http:\/\/santaceciliadelgrao.com\/index.php?rest_route=\/wp\/v2\/users\/1"}],"replies":[{"embeddable":true,"href":"http:\/\/santaceciliadelgrao.com\/index.php?rest_route=%2Fwp%2Fv2%2Fcomments&post=4368"}],"version-history":[{"count":2,"href":"http:\/\/santaceciliadelgrao.com\/index.php?rest_route=\/wp\/v2\/pages\/4368\/revisions"}],"predecessor-version":[{"id":4389,"href":"http:\/\/santaceciliadelgrao.com\/index.php?rest_route=\/wp\/v2\/pages\/4368\/revisions\/4389"}],"wp:attachment":[{"href":"http:\/\/santaceciliadelgrao.com\/index.php?rest_route=%2Fwp%2Fv2%2Fmedia&parent=4368"}],"curies":[{"name":"wp","href":"https:\/\/api.w.org\/{rel}","templated":true}]}}