{"id":4365,"date":"2026-03-24T12:48:40","date_gmt":"2026-03-24T12:48:40","guid":{"rendered":"http:\/\/santaceciliadelgrao.com\/?page_id=4365"},"modified":"2026-03-24T12:48:40","modified_gmt":"2026-03-24T12:48:40","slug":"4365-2","status":"publish","type":"page","link":"http:\/\/santaceciliadelgrao.com\/?page_id=4365","title":{"rendered":""},"content":{"rendered":"\n<p><strong>Jorge Edo Aznar<\/strong><\/p>\n\n\n\n<p><em>Professor de Percussi\u00f3<\/em><\/p>\n\n\n\n<p class=\"has-text-align-left\"><\/p>\n\n\n\n<div class=\"wp-block-media-text alignwide is-stacked-on-mobile\" style=\"grid-template-columns:19% auto\"><figure class=\"wp-block-media-text__media\"><img loading=\"lazy\" decoding=\"async\" width=\"157\" height=\"148\" src=\"http:\/\/santaceciliadelgrao.com\/wp-content\/uploads\/2026\/03\/descarga.png\" alt=\"\" class=\"wp-image-4366 size-full\"\/><\/figure><div class=\"wp-block-media-text__content\">\n<p>Jorge Edo \u00e9s un percussionista, productor i m\u00fasic electr\u00f2nic nascut a Val\u00e8ncia. Va realitzar els seus estudis musicals al Conservatori Superior de M\u00fasica de les illes Balears, en l&#8217;especialitat de Percussi\u00f3. Posteriorment, va estudiar a Val\u00e8ncia el Diploma en Producci\u00f3 Musical &amp; DJ en Yamaha Music School, i fins ara ha completat la seua formaci\u00f3 acad\u00e8mica amb un M\u00e0ster en Sinologia Aplicada i Creaci\u00f3 Sonora al Conservatori Superior de M\u00fasica Joaqu\u00edn Rodrigo de Val\u00e8ncia.<\/p>\n\n\n\n<p>Des de llavors, els seus projectes art\u00edstics han tingut lloc a Val\u00e8ncia, Mallorca i Dinamarca.<\/p>\n\n\n\n<p>Actualment &nbsp;desenvolupa el seu talent com a m\u00fasic electr\u00f2nic<em> freelance<\/em> i productor, i crea les seues pr\u00f2pies sessions on sintetitza la percussi\u00f3 amb la m\u00fasica electr\u00f2nica.<\/p>\n\n\n\n<p>Tamb\u00e9 \u00e9s professor de Percussi\u00f3, Bateria i Llenguatge Musical en diferents conservatoris i escoles de m\u00fasica, i oferix classes particulars de percussi\u00f3, bateria, m\u00fasica de cambra, piano, llenguatge musical, producci\u00f3 musical, DJ i teoria musical adaptada a la producci\u00f3.<\/p>\n<\/div><\/div>\n","protected":false},"excerpt":{"rendered":"<p>Jorge Edo Aznar Professor de Percussi\u00f3 Jorge Edo \u00e9s un percussionista, productor i m\u00fasic electr\u00f2nic nascut a Val\u00e8ncia. Va realitzar els seus estudis musicals al Conservatori Superior de M\u00fasica de les illes Balears, en l&#8217;especialitat de Percussi\u00f3. Posteriorment, va estudiar a Val\u00e8ncia el Diploma en Producci\u00f3 Musical &amp; DJ en Yamaha Music School, i fins&hellip; <br \/> <a class=\"button small blue\" href=\"http:\/\/santaceciliadelgrao.com\/?page_id=4365\">Read more<\/a><\/p>\n","protected":false},"author":1,"featured_media":0,"parent":0,"menu_order":0,"comment_status":"closed","ping_status":"closed","template":"","meta":{"footnotes":""},"class_list":["post-4365","page","type-page","status-publish","hentry"],"_links":{"self":[{"href":"http:\/\/santaceciliadelgrao.com\/index.php?rest_route=\/wp\/v2\/pages\/4365","targetHints":{"allow":["GET"]}}],"collection":[{"href":"http:\/\/santaceciliadelgrao.com\/index.php?rest_route=\/wp\/v2\/pages"}],"about":[{"href":"http:\/\/santaceciliadelgrao.com\/index.php?rest_route=\/wp\/v2\/types\/page"}],"author":[{"embeddable":true,"href":"http:\/\/santaceciliadelgrao.com\/index.php?rest_route=\/wp\/v2\/users\/1"}],"replies":[{"embeddable":true,"href":"http:\/\/santaceciliadelgrao.com\/index.php?rest_route=%2Fwp%2Fv2%2Fcomments&post=4365"}],"version-history":[{"count":1,"href":"http:\/\/santaceciliadelgrao.com\/index.php?rest_route=\/wp\/v2\/pages\/4365\/revisions"}],"predecessor-version":[{"id":4367,"href":"http:\/\/santaceciliadelgrao.com\/index.php?rest_route=\/wp\/v2\/pages\/4365\/revisions\/4367"}],"wp:attachment":[{"href":"http:\/\/santaceciliadelgrao.com\/index.php?rest_route=%2Fwp%2Fv2%2Fmedia&parent=4365"}],"curies":[{"name":"wp","href":"https:\/\/api.w.org\/{rel}","templated":true}]}}