{"id":4191,"date":"2026-03-10T10:30:49","date_gmt":"2026-03-10T10:30:49","guid":{"rendered":"http:\/\/santaceciliadelgrao.com\/?page_id=4191"},"modified":"2026-04-15T06:59:54","modified_gmt":"2026-04-15T06:59:54","slug":"escoleta-de-pasqua","status":"publish","type":"page","link":"http:\/\/santaceciliadelgrao.com\/?page_id=4191","title":{"rendered":"Escoleta de Pasqua"},"content":{"rendered":"\n<pre class=\"wp-block-preformatted\">No deixes els teus fills i filles a casa avorrits. Els dies de Pasqua trobaran molta diversi\u00f3 i m\u00fasica en la nostra escoleta.<br>               <br><br>                           <strong>           ENS VEIEM EN LA PR\u00d2XIMA EDICI\u00d3!<\/strong> <br> <br><\/pre>\n\n\n<div class=\"wp-block-image\">\n<figure class=\"aligncenter size-full is-resized\"><img loading=\"lazy\" decoding=\"async\" width=\"495\" height=\"183\" src=\"http:\/\/santaceciliadelgrao.com\/wp-content\/uploads\/2026\/04\/Captura-de-pantalla-2026-04-15-085248-1.png\" alt=\"\" class=\"wp-image-4413\" style=\"width:496px;height:auto\" srcset=\"http:\/\/santaceciliadelgrao.com\/wp-content\/uploads\/2026\/04\/Captura-de-pantalla-2026-04-15-085248-1.png 495w, http:\/\/santaceciliadelgrao.com\/wp-content\/uploads\/2026\/04\/Captura-de-pantalla-2026-04-15-085248-1-300x111.png 300w\" sizes=\"auto, (max-width: 495px) 100vw, 495px\" \/><\/figure>\n<\/div>","protected":false},"excerpt":{"rendered":"<p>No deixes els teus fills i filles a casa avorrits. Els dies de Pasqua trobaran molta diversi\u00f3 i m\u00fasica en la nostra escoleta. ENS VEIEM EN LA PR\u00d2XIMA EDICI\u00d3!<\/p>\n","protected":false},"author":1,"featured_media":0,"parent":0,"menu_order":0,"comment_status":"closed","ping_status":"closed","template":"","meta":{"footnotes":""},"class_list":["post-4191","page","type-page","status-publish","hentry"],"_links":{"self":[{"href":"http:\/\/santaceciliadelgrao.com\/index.php?rest_route=\/wp\/v2\/pages\/4191","targetHints":{"allow":["GET"]}}],"collection":[{"href":"http:\/\/santaceciliadelgrao.com\/index.php?rest_route=\/wp\/v2\/pages"}],"about":[{"href":"http:\/\/santaceciliadelgrao.com\/index.php?rest_route=\/wp\/v2\/types\/page"}],"author":[{"embeddable":true,"href":"http:\/\/santaceciliadelgrao.com\/index.php?rest_route=\/wp\/v2\/users\/1"}],"replies":[{"embeddable":true,"href":"http:\/\/santaceciliadelgrao.com\/index.php?rest_route=%2Fwp%2Fv2%2Fcomments&post=4191"}],"version-history":[{"count":4,"href":"http:\/\/santaceciliadelgrao.com\/index.php?rest_route=\/wp\/v2\/pages\/4191\/revisions"}],"predecessor-version":[{"id":4415,"href":"http:\/\/santaceciliadelgrao.com\/index.php?rest_route=\/wp\/v2\/pages\/4191\/revisions\/4415"}],"wp:attachment":[{"href":"http:\/\/santaceciliadelgrao.com\/index.php?rest_route=%2Fwp%2Fv2%2Fmedia&parent=4191"}],"curies":[{"name":"wp","href":"https:\/\/api.w.org\/{rel}","templated":true}]}}