{"id":3413,"date":"2023-11-22T12:49:13","date_gmt":"2023-11-22T12:49:13","guid":{"rendered":"http:\/\/santaceciliadelgrao.com\/?page_id=3413"},"modified":"2023-11-22T12:49:14","modified_gmt":"2023-11-22T12:49:14","slug":"3413-2","status":"publish","type":"page","link":"http:\/\/santaceciliadelgrao.com\/?page_id=3413","title":{"rendered":""},"content":{"rendered":"\n<p><strong>Iv\u00e1n Gregorio\u00a0<\/strong><\/p>\n\n\n\n<p><em>Professor de Viol\u00ed, Viola i Conjunt Orquestral<\/em><\/p>\n\n\n\n<p class=\"has-text-align-left\"><\/p>\n\n\n\n<div class=\"wp-block-media-text alignwide is-stacked-on-mobile\" style=\"grid-template-columns:19% auto\"><figure class=\"wp-block-media-text__media\"><img loading=\"lazy\" decoding=\"async\" width=\"307\" height=\"480\" src=\"http:\/\/santaceciliadelgrao.com\/wp-content\/uploads\/2023\/11\/Captura-de-pantalla-2023-11-22-134807.png\" alt=\"\" class=\"wp-image-3414 size-full\" srcset=\"http:\/\/santaceciliadelgrao.com\/wp-content\/uploads\/2023\/11\/Captura-de-pantalla-2023-11-22-134807.png 307w, http:\/\/santaceciliadelgrao.com\/wp-content\/uploads\/2023\/11\/Captura-de-pantalla-2023-11-22-134807-192x300.png 192w\" sizes=\"auto, (max-width: 307px) 100vw, 307px\" \/><\/figure><div class=\"wp-block-media-text__content\">\n<p>Iv\u00e1n Gregorio inicia els seus estudis musicals en el Conservatori Professional de M\u00fasica d&#8217;Elx, en la especialidad de viol\u00ed. En 2011 accedix al Conservatori Superior de M\u00fasica Joaqu\u00edn Rodrigo de Val\u00e8ncia i finalitza els estudis l&#8217;any 2015. Actualment estudia el grau de Psicologia en la Universidad Nacional a Distancia (UNED), el qual compagina amb la seus tasca com a docent en diverses acad\u00e8mies.<\/p>\n\n\n\n<p>Ha sigut membre de l&#8217;Orquestra de J\u00f3vens de la prov\u00edncia d&#8217;Alacant, amb la qual ha pogut participar en nombrosos festivals com el de Schleswig-Holstein Musik Festival. En la seua etapa acad\u00e8mica rep classes magistrals d&#8217;Andrey Frolov i Andreas Neufeld, amb els quals  perfecciona la seua t\u00e8cnica instrumental.<\/p>\n<\/div><\/div>\n","protected":false},"excerpt":{"rendered":"<p>Iv\u00e1n Gregorio\u00a0 Professor de Viol\u00ed, Viola i Conjunt Orquestral Iv\u00e1n Gregorio inicia els seus estudis musicals en el Conservatori Professional de M\u00fasica d&#8217;Elx, en la especialidad de viol\u00ed. En 2011 accedix al Conservatori Superior de M\u00fasica Joaqu\u00edn Rodrigo de Val\u00e8ncia i finalitza els estudis l&#8217;any 2015. Actualment estudia el grau de Psicologia en la Universidad&hellip; <br \/> <a class=\"button small blue\" href=\"http:\/\/santaceciliadelgrao.com\/?page_id=3413\">Read more<\/a><\/p>\n","protected":false},"author":1,"featured_media":0,"parent":0,"menu_order":0,"comment_status":"closed","ping_status":"closed","template":"","meta":{"footnotes":""},"class_list":["post-3413","page","type-page","status-publish","hentry"],"_links":{"self":[{"href":"http:\/\/santaceciliadelgrao.com\/index.php?rest_route=\/wp\/v2\/pages\/3413","targetHints":{"allow":["GET"]}}],"collection":[{"href":"http:\/\/santaceciliadelgrao.com\/index.php?rest_route=\/wp\/v2\/pages"}],"about":[{"href":"http:\/\/santaceciliadelgrao.com\/index.php?rest_route=\/wp\/v2\/types\/page"}],"author":[{"embeddable":true,"href":"http:\/\/santaceciliadelgrao.com\/index.php?rest_route=\/wp\/v2\/users\/1"}],"replies":[{"embeddable":true,"href":"http:\/\/santaceciliadelgrao.com\/index.php?rest_route=%2Fwp%2Fv2%2Fcomments&post=3413"}],"version-history":[{"count":1,"href":"http:\/\/santaceciliadelgrao.com\/index.php?rest_route=\/wp\/v2\/pages\/3413\/revisions"}],"predecessor-version":[{"id":3415,"href":"http:\/\/santaceciliadelgrao.com\/index.php?rest_route=\/wp\/v2\/pages\/3413\/revisions\/3415"}],"wp:attachment":[{"href":"http:\/\/santaceciliadelgrao.com\/index.php?rest_route=%2Fwp%2Fv2%2Fmedia&parent=3413"}],"curies":[{"name":"wp","href":"https:\/\/api.w.org\/{rel}","templated":true}]}}