{"id":322,"date":"2018-06-13T11:55:24","date_gmt":"2018-06-13T11:55:24","guid":{"rendered":"http:\/\/santaceciliadelgrao.com\/?page_id=322"},"modified":"2022-10-02T17:50:07","modified_gmt":"2022-10-02T17:50:07","slug":"escuela","status":"publish","type":"page","link":"http:\/\/santaceciliadelgrao.com\/?page_id=322","title":{"rendered":"ESCUELA DE M\u00daSICA"},"content":{"rendered":"<div style=\"width: 1280px;\" class=\"wp-video\"><video class=\"wp-video-shortcode\" id=\"video-322-1\" width=\"1280\" height=\"720\" autoplay preload=\"auto\" controls=\"controls\"><source type=\"video\/mp4\" src=\"http:\/\/santaceciliadelgrao.com\/wp-content\/uploads\/2021\/04\/ESCOLA-DE-MUSICA-SANTA-CECILIA-DEL-GRAU-1.mp4?_=1\" \/><a href=\"http:\/\/santaceciliadelgrao.com\/wp-content\/uploads\/2021\/04\/ESCOLA-DE-MUSICA-SANTA-CECILIA-DEL-GRAU-1.mp4\">http:\/\/santaceciliadelgrao.com\/wp-content\/uploads\/2021\/04\/ESCOLA-DE-MUSICA-SANTA-CECILIA-DEL-GRAU-1.mp4<\/a><\/video><\/div>\n<p><span style=\"color: #000000;\"><strong><span style=\"color: #3366ff;\">\u21d2<\/span><\/strong> <strong>Nuestra escuela de m\u00fasica ofrece clases de<\/strong><\/span><\/p>\n<p><span style=\"color: #000000;\">\u00a0 \u00a0 \u00a0-M\u00fasica y movimiento, para alumnos y alumnas de 4 a 7 a\u00f1os<br \/>\n-Lenguage musical, coro y dictado musical, hasta los 12 a\u00f1os<br \/>\n-Lenguatge musical para adultos<br \/>\n-Cursos preparatorios de pruebas de ense\u00f1anzas profesionales y grupos de refuerzo de lectura musical<br \/>\n<\/span><\/p>\n<p><span style=\"color: #000000;\"><strong><span style=\"color: #3366ff;\">\u21d2 <\/span>Clases de instrumentos<\/strong><\/span><\/p>\n<p><span style=\"color: #000000;\">\u00a0 \u00a0 \u00a0 \u00a0 \u00a0 \u00a0 \u00a0 \u00a0 \u00a0Canto\u00a0 \u00a0 \u00a0 \u00a0 \u00a0 \u00a0 \u00a0 \u00a0 \u00a0 Clarinete\u00a0 \u00a0 \u00a0 \u00a0 \u00a0 \u00a0 \u00a0 \u00a0 \u00a0 Flauta\u00a0 \u00a0 \u00a0 \u00a0 \u00a0 \u00a0 \u00a0 Guitarra\u00a0 <\/span><\/p>\n<p><span style=\"color: #000000;\">\u00a0 \u00a0 \u00a0 \u00a0 \u00a0 \u00a0 \u00a0 \u00a0 \u00a0Oboe\u00a0 \u00a0 \u00a0 \u00a0 \u00a0 \u00a0 \u00a0 \u00a0 \u00a0 \u00a0Percusi\u00f3n\u00a0 \u00a0 \u00a0 \u00a0 \u00a0 \u00a0 \u00a0 \u00a0 Piano\u00a0 \u00a0 \u00a0 \u00a0 \u00a0 \u00a0 \u00a0 \u00a0Saxof\u00f3n\u00a0 \u00a0 \u00a0<\/span><\/p>\n<p><span style=\"color: #000000;\">\u00a0 \u00a0 \u00a0 \u00a0 \u00a0 \u00a0 \u00a0 \u00a0 \u00a0Tromb\u00f3n\u00a0 \u00a0 \u00a0 \u00a0 \u00a0 \u00a0 \u00a0 Trompa\u00a0 \u00a0 \u00a0 \u00a0 \u00a0 \u00a0 \u00a0 \u00a0 \u00a0 \u00a0Trompeta\u00a0 \u00a0 \u00a0 \u00a0 \u00a0Tuba\u00a0 \u00a0 \u00a0 \u00a0 \u00a0 \u00a0 <\/span><\/p>\n<p><span style=\"color: #000000;\">\u00a0 \u00a0 \u00a0 \u00a0 \u00a0 \u00a0 \u00a0 \u00a0 \u00a0 Viol\u00edn\u00a0 \u00a0 \u00a0 \u00a0 \u00a0 \u00a0 \u00a0 \u00a0 \u00a0 \u00a0Violonchelo\u00a0 \u00a0 \u00a0 \u00a0 \u00a0 \u00a0 \u00a0 \u00a0 \u00a0 \u00a0 \u00a0 \u00a0 \u00a0 \u00a0 \u00a0 \u00a0 \u00a0 \u00a0 \u00a0 \u00a0 \u00a0 \u00a0\u00a0<\/span><\/p>\n<p><strong><span style=\"color: #3366ff;\">\u21d2 <\/span><\/strong><strong>Conjuntos instrumentales<\/strong><\/p>\n<p><span style=\"color: #000000;\">\u00a0 \u00a0 \u00a0 \u00a0 \u00a0 \u00a0 \u00a0 \u00a0 \u00a0Banda de educandos y educandas\u00a0 \u00a0 \u00a0 \u00a0 \u00a0 Conjunto de cuerda<\/span><\/p>\n<p><span style=\"color: #000000;\">\u00a0 \u00a0 \u00a0 \u00a0 \u00a0 \u00a0 \u00a0 \u00a0 \u00a0Conjunto de guitarra\u00a0 \u00a0 \u00a0 \u00a0 \u00a0 \u00a0 \u00a0 \u00a0 \u00a0 \u00a0 \u00a0 \u00a0 \u00a0 \u00a0 \u00a0 \u00a0 \u00a0Conjunto de jazz<\/span><\/p>\n<p><strong><span style=\"color: #000000;\"><span style=\"color: #3366ff;\">\u21d2 <\/span><\/span>Novedades<\/strong><\/p>\n<p><span style=\"color: #000000;\"><span class=\"text_exposed_show\">\u00a0 \u00a0 \u00a0 \u00a0 \u00a0 \u00a0 \u00a0 \u00a0 \u00a0 Bajo el\u00e9ctrico\u00a0 \u00a0 \u00a0 \u00a0 <\/span><span class=\"text_exposed_show\">Viola\u00a0 \u00a0 \u00a0 \u00a0 \u00a0 Ukelele\u00a0 \u00a0 \u00a0 \u00a0 \u00a0\u00a0<\/span><\/span><\/p>\n<p><span style=\"color: #000000;\"><strong><span style=\"color: #3366ff;\">\u21d2\u00a0 <\/span><\/strong><\/span><strong>NUEVA METODOLOG\u00cdA CON SOPORTES DIGITALES<\/strong><\/p>\n<p>aulavirtualmusica.com<\/p>\n<p>Metodologia Suena Suena<\/p>\n\n\t\t<style type=\"text\/css\">\n\t\t\t#gallery-1 {\n\t\t\t\tmargin: auto;\n\t\t\t}\n\t\t\t#gallery-1 .gallery-item {\n\t\t\t\tfloat: left;\n\t\t\t\tmargin-top: 10px;\n\t\t\t\ttext-align: center;\n\t\t\t\twidth: 50%;\n\t\t\t}\n\t\t\t#gallery-1 img {\n\t\t\t\tborder: 2px solid #cfcfcf;\n\t\t\t}\n\t\t\t#gallery-1 .gallery-caption {\n\t\t\t\tmargin-left: 0;\n\t\t\t}\n\t\t\t\/* see gallery_shortcode() in wp-includes\/media.php *\/\n\t\t<\/style>\n\t\t<div id='gallery-1' class='gallery galleryid-322 gallery-columns-2 gallery-size-large'><dl class='gallery-item'>\n\t\t\t<dt class='gallery-icon landscape'>\n\t\t\t\t<a href='http:\/\/santaceciliadelgrao.com\/?attachment_id=355'><img loading=\"lazy\" decoding=\"async\" width=\"1024\" height=\"683\" src=\"http:\/\/santaceciliadelgrao.com\/wp-content\/uploads\/2018\/06\/IMG_5282-1-1024x683.jpg\" class=\"attachment-large size-large\" alt=\"\" srcset=\"http:\/\/santaceciliadelgrao.com\/wp-content\/uploads\/2018\/06\/IMG_5282-1-1024x683.jpg 1024w, http:\/\/santaceciliadelgrao.com\/wp-content\/uploads\/2018\/06\/IMG_5282-1-300x200.jpg 300w, http:\/\/santaceciliadelgrao.com\/wp-content\/uploads\/2018\/06\/IMG_5282-1-768x512.jpg 768w, http:\/\/santaceciliadelgrao.com\/wp-content\/uploads\/2018\/06\/IMG_5282-1-1620x1080.jpg 1620w\" sizes=\"auto, (max-width: 1024px) 100vw, 1024px\" \/><\/a>\n\t\t\t<\/dt><\/dl><dl class='gallery-item'>\n\t\t\t<dt class='gallery-icon landscape'>\n\t\t\t\t<a href='http:\/\/santaceciliadelgrao.com\/?attachment_id=343'><img loading=\"lazy\" decoding=\"async\" width=\"1024\" height=\"768\" src=\"http:\/\/santaceciliadelgrao.com\/wp-content\/uploads\/2018\/06\/30167466_1849313028446355_368393781453867037_o-1024x768.jpg\" class=\"attachment-large size-large\" alt=\"\" srcset=\"http:\/\/santaceciliadelgrao.com\/wp-content\/uploads\/2018\/06\/30167466_1849313028446355_368393781453867037_o-1024x768.jpg 1024w, http:\/\/santaceciliadelgrao.com\/wp-content\/uploads\/2018\/06\/30167466_1849313028446355_368393781453867037_o-300x225.jpg 300w, http:\/\/santaceciliadelgrao.com\/wp-content\/uploads\/2018\/06\/30167466_1849313028446355_368393781453867037_o-768x576.jpg 768w, http:\/\/santaceciliadelgrao.com\/wp-content\/uploads\/2018\/06\/30167466_1849313028446355_368393781453867037_o-1440x1080.jpg 1440w, http:\/\/santaceciliadelgrao.com\/wp-content\/uploads\/2018\/06\/30167466_1849313028446355_368393781453867037_o.jpg 1600w\" sizes=\"auto, (max-width: 1024px) 100vw, 1024px\" \/><\/a>\n\t\t\t<\/dt><\/dl><br style=\"clear: both\" \/>\n\t\t<\/div>\n\n<p><strong><span class=\"text_exposed_show\" style=\"color: #000000;\">HORARIO DE SECRETAR\u00cdA<\/span><\/strong><\/p>\n<p><span class=\"text_exposed_show\" style=\"color: #000000;\">De lunes a viernes, de 17:00 h a 20:00 h<br \/>\nC\/ Isaac Peral, 23, 46024 Val\u00e8ncia<\/span><\/p>\n","protected":false},"excerpt":{"rendered":"<p>\u21d2 Nuestra escuela de m\u00fasica ofrece clases de \u00a0 \u00a0 \u00a0-M\u00fasica y movimiento, para alumnos y alumnas de 4 a 7 a\u00f1os -Lenguage musical, coro y dictado musical, hasta los 12 a\u00f1os -Lenguatge musical para adultos -Cursos preparatorios de pruebas de ense\u00f1anzas profesionales y grupos de refuerzo de lectura musical \u21d2 Clases de instrumentos \u00a0&hellip; <br \/> <a class=\"button small blue\" href=\"http:\/\/santaceciliadelgrao.com\/?page_id=322\">Read more<\/a><\/p>\n","protected":false},"author":1,"featured_media":0,"parent":0,"menu_order":0,"comment_status":"closed","ping_status":"closed","template":"","meta":{"footnotes":""},"class_list":["post-322","page","type-page","status-publish","hentry"],"_links":{"self":[{"href":"http:\/\/santaceciliadelgrao.com\/index.php?rest_route=\/wp\/v2\/pages\/322","targetHints":{"allow":["GET"]}}],"collection":[{"href":"http:\/\/santaceciliadelgrao.com\/index.php?rest_route=\/wp\/v2\/pages"}],"about":[{"href":"http:\/\/santaceciliadelgrao.com\/index.php?rest_route=\/wp\/v2\/types\/page"}],"author":[{"embeddable":true,"href":"http:\/\/santaceciliadelgrao.com\/index.php?rest_route=\/wp\/v2\/users\/1"}],"replies":[{"embeddable":true,"href":"http:\/\/santaceciliadelgrao.com\/index.php?rest_route=%2Fwp%2Fv2%2Fcomments&post=322"}],"version-history":[{"count":13,"href":"http:\/\/santaceciliadelgrao.com\/index.php?rest_route=\/wp\/v2\/pages\/322\/revisions"}],"predecessor-version":[{"id":2127,"href":"http:\/\/santaceciliadelgrao.com\/index.php?rest_route=\/wp\/v2\/pages\/322\/revisions\/2127"}],"wp:attachment":[{"href":"http:\/\/santaceciliadelgrao.com\/index.php?rest_route=%2Fwp%2Fv2%2Fmedia&parent=322"}],"curies":[{"name":"wp","href":"https:\/\/api.w.org\/{rel}","templated":true}]}}