{"id":3021,"date":"2023-05-31T08:15:32","date_gmt":"2023-05-31T08:15:32","guid":{"rendered":"http:\/\/santaceciliadelgrao.com\/?page_id=3021"},"modified":"2025-07-12T09:42:43","modified_gmt":"2025-07-12T09:42:43","slug":"matricula-curso-2023-24","status":"publish","type":"page","link":"http:\/\/santaceciliadelgrao.com\/?page_id=3021","title":{"rendered":"MATR\u00cdCULA CURSO 2025-26"},"content":{"rendered":"\n<div class=\"wp-block-media-text is-stacked-on-mobile\" style=\"grid-template-columns:33% auto\"><figure class=\"wp-block-media-text__media\"><img loading=\"lazy\" decoding=\"async\" width=\"819\" height=\"1024\" src=\"http:\/\/santaceciliadelgrao.com\/wp-content\/uploads\/2025\/05\/WhatsApp-Image-2025-05-27-at-12.57.12-1-819x1024.jpeg\" alt=\"\" class=\"wp-image-3933 size-full\" srcset=\"http:\/\/santaceciliadelgrao.com\/wp-content\/uploads\/2025\/05\/WhatsApp-Image-2025-05-27-at-12.57.12-1-819x1024.jpeg 819w, http:\/\/santaceciliadelgrao.com\/wp-content\/uploads\/2025\/05\/WhatsApp-Image-2025-05-27-at-12.57.12-1-240x300.jpeg 240w, http:\/\/santaceciliadelgrao.com\/wp-content\/uploads\/2025\/05\/WhatsApp-Image-2025-05-27-at-12.57.12-1-768x960.jpeg 768w, http:\/\/santaceciliadelgrao.com\/wp-content\/uploads\/2025\/05\/WhatsApp-Image-2025-05-27-at-12.57.12-1-1024x1280.jpeg 1024w, http:\/\/santaceciliadelgrao.com\/wp-content\/uploads\/2025\/05\/WhatsApp-Image-2025-05-27-at-12.57.12-1-864x1080.jpeg 864w, http:\/\/santaceciliadelgrao.com\/wp-content\/uploads\/2025\/05\/WhatsApp-Image-2025-05-27-at-12.57.12-1.jpeg 1080w\" sizes=\"auto, (max-width: 819px) 100vw, 819px\" \/><\/figure><div class=\"wp-block-media-text__content\">\n<p><strong>A partir del dia 1 de junio y durante todo el verano estar\u00e1 abierta la matr\u00edcula en l\u00ednea para el pr\u00f3ximo curso 2025-26<\/strong>.<\/p>\n\n\n\n<p>Este a\u00f1o te lo ponemos f\u00e1cil: <\/p>\n\n\n\n<p><strong>1.<\/strong> Rellena el formulario de matr\u00edcula haciendo clic en el enlace de abajo.<\/p>\n\n\n\n<p><strong>2.<\/strong> Secretar\u00eda se pondr\u00e1 en contacto contigo para confirmar los datos y los horarios grupales.<\/p>\n\n\n\n<p><strong>3.<\/strong> El profesorado de instrumento confirmar\u00e1 contigo tu horario individual.<\/p>\n\n\n<div class=\"wp-block-image\">\n<figure class=\"aligncenter size-full is-resized\"><img loading=\"lazy\" decoding=\"async\" width=\"139\" height=\"207\" src=\"http:\/\/santaceciliadelgrao.com\/wp-content\/uploads\/2025\/05\/fletxa.jpg\" alt=\"\" class=\"wp-image-3917\" style=\"width:54px;height:auto\"\/><\/figure>\n<\/div>\n\n\n<p class=\"has-text-align-center has-light-green-cyan-background-color has-background has-large-font-size\"><a href=\"https:\/\/forms.gle\/x92G1hZZjYKL5Qac7\" target=\"_blank\" rel=\"noreferrer noopener\"><strong>SOLICITUD MATR\u00cdCULA<\/strong><\/a><\/p>\n<\/div><\/div>\n\n\n\n<div class=\"wp-block-columns is-layout-flex wp-container-core-columns-is-layout-9d6595d7 wp-block-columns-is-layout-flex\">\n<div class=\"wp-block-column is-layout-flow wp-block-column-is-layout-flow\">\n<h4>\u00a0<\/h4>\n<h4 style=\"text-align: center;\"><strong>HORARIOS CURSO 2025-2026<\/strong><\/h4>\n<\/div>\n<\/div>\n\n\n<div class=\"wp-block-image\">\n<figure class=\"aligncenter size-full\"><img loading=\"lazy\" decoding=\"async\" width=\"414\" height=\"759\" src=\"http:\/\/santaceciliadelgrao.com\/wp-content\/uploads\/2025\/05\/horari-1.jpg\" alt=\"\" class=\"wp-image-3941\" srcset=\"http:\/\/santaceciliadelgrao.com\/wp-content\/uploads\/2025\/05\/horari-1.jpg 414w, http:\/\/santaceciliadelgrao.com\/wp-content\/uploads\/2025\/05\/horari-1-164x300.jpg 164w\" sizes=\"auto, (max-width: 414px) 100vw, 414px\" \/><\/figure>\n<\/div>\n\n\n<p><\/p>\n\n\n\n<div class=\"wp-block-columns is-layout-flex wp-container-core-columns-is-layout-9d6595d7 wp-block-columns-is-layout-flex\">\n<div class=\"wp-block-column is-layout-flow wp-block-column-is-layout-flow\"><\/div>\n\n\n\n<div class=\"wp-block-column is-layout-flow wp-block-column-is-layout-flow\"><\/div>\n<\/div>\n","protected":false},"excerpt":{"rendered":"<p>\u00a0 HORARIOS CURSO 2025-2026<\/p>\n","protected":false},"author":1,"featured_media":0,"parent":0,"menu_order":0,"comment_status":"closed","ping_status":"closed","template":"","meta":{"footnotes":""},"class_list":["post-3021","page","type-page","status-publish","hentry"],"_links":{"self":[{"href":"http:\/\/santaceciliadelgrao.com\/index.php?rest_route=\/wp\/v2\/pages\/3021","targetHints":{"allow":["GET"]}}],"collection":[{"href":"http:\/\/santaceciliadelgrao.com\/index.php?rest_route=\/wp\/v2\/pages"}],"about":[{"href":"http:\/\/santaceciliadelgrao.com\/index.php?rest_route=\/wp\/v2\/types\/page"}],"author":[{"embeddable":true,"href":"http:\/\/santaceciliadelgrao.com\/index.php?rest_route=\/wp\/v2\/users\/1"}],"replies":[{"embeddable":true,"href":"http:\/\/santaceciliadelgrao.com\/index.php?rest_route=%2Fwp%2Fv2%2Fcomments&post=3021"}],"version-history":[{"count":10,"href":"http:\/\/santaceciliadelgrao.com\/index.php?rest_route=\/wp\/v2\/pages\/3021\/revisions"}],"predecessor-version":[{"id":4029,"href":"http:\/\/santaceciliadelgrao.com\/index.php?rest_route=\/wp\/v2\/pages\/3021\/revisions\/4029"}],"wp:attachment":[{"href":"http:\/\/santaceciliadelgrao.com\/index.php?rest_route=%2Fwp%2Fv2%2Fmedia&parent=3021"}],"curies":[{"name":"wp","href":"https:\/\/api.w.org\/{rel}","templated":true}]}}