{"id":3018,"date":"2023-05-31T08:12:17","date_gmt":"2023-05-31T08:12:17","guid":{"rendered":"http:\/\/santaceciliadelgrao.com\/?page_id=3018"},"modified":"2025-07-12T09:41:25","modified_gmt":"2025-07-12T09:41:25","slug":"matricula-curs-2023-24","status":"publish","type":"page","link":"http:\/\/santaceciliadelgrao.com\/?page_id=3018","title":{"rendered":"MATR\u00cdCULA CURS 2025-26"},"content":{"rendered":"\n<div class=\"wp-block-media-text is-stacked-on-mobile\" style=\"grid-template-columns:33% auto\"><figure class=\"wp-block-media-text__media\"><img loading=\"lazy\" decoding=\"async\" width=\"819\" height=\"1024\" src=\"http:\/\/santaceciliadelgrao.com\/wp-content\/uploads\/2025\/05\/WhatsApp-Image-2025-05-27-at-12.57.12-819x1024.jpeg\" alt=\"\" class=\"wp-image-3931 size-full\" srcset=\"http:\/\/santaceciliadelgrao.com\/wp-content\/uploads\/2025\/05\/WhatsApp-Image-2025-05-27-at-12.57.12-819x1024.jpeg 819w, http:\/\/santaceciliadelgrao.com\/wp-content\/uploads\/2025\/05\/WhatsApp-Image-2025-05-27-at-12.57.12-240x300.jpeg 240w, http:\/\/santaceciliadelgrao.com\/wp-content\/uploads\/2025\/05\/WhatsApp-Image-2025-05-27-at-12.57.12-768x960.jpeg 768w, http:\/\/santaceciliadelgrao.com\/wp-content\/uploads\/2025\/05\/WhatsApp-Image-2025-05-27-at-12.57.12-1024x1280.jpeg 1024w, http:\/\/santaceciliadelgrao.com\/wp-content\/uploads\/2025\/05\/WhatsApp-Image-2025-05-27-at-12.57.12-864x1080.jpeg 864w, http:\/\/santaceciliadelgrao.com\/wp-content\/uploads\/2025\/05\/WhatsApp-Image-2025-05-27-at-12.57.12.jpeg 1080w\" sizes=\"auto, (max-width: 819px) 100vw, 819px\" \/><\/figure><div class=\"wp-block-media-text__content\">\n<p><strong>A partir del dia 1 de juny  i durant tot l&#8217;estiu estar\u00e0 oberta la matr\u00edcula en l\u00ednia per al pr\u00f2xim curs 2025-26<\/strong>.<\/p>\n\n\n\n<p>Enguany t&#8217;ho posem f\u00e0cil:<\/p>\n\n\n\n<p><strong>1.<\/strong> Ompli el formulari de matr\u00edcula fent clic en l&#8217;enlla\u00e7 de davall.<\/p>\n\n\n\n<p>     <strong>2.<\/strong> Secretaria es posar\u00e0 en contacte amb tu per a   confirmar les dades i els horaris grupals.<\/p>\n\n\n\n<p>     <strong>3.<\/strong> El professorat d&#8217;instrument confirmar\u00e0 amb tu l&#8217;horari individual.<\/p>\n\n\n<div class=\"wp-block-image\">\n<figure class=\"aligncenter size-full is-resized\"><img loading=\"lazy\" decoding=\"async\" width=\"139\" height=\"207\" src=\"http:\/\/santaceciliadelgrao.com\/wp-content\/uploads\/2025\/05\/fletxa.jpg\" alt=\"\" class=\"wp-image-3917\" style=\"width:54px;height:auto\"\/><\/figure>\n<\/div>\n\n\n<p class=\"has-text-align-center has-light-green-cyan-background-color has-background has-large-font-size\"><a href=\"https:\/\/forms.gle\/x92G1hZZjYKL5Qac7\" target=\"_blank\" rel=\"noreferrer noopener\"><strong>SOL\u00b7LICITUD MATR\u00cdCULA<\/strong><\/a><\/p>\n<\/div><\/div>\n\n\n\n<div class=\"wp-block-columns is-layout-flex wp-container-core-columns-is-layout-9d6595d7 wp-block-columns-is-layout-flex\">\n<div class=\"wp-block-column is-layout-flow wp-block-column-is-layout-flow\">\n<h4>\u00a0<\/h4>\n<h4 style=\"text-align: center;\"><strong>\u00a0HORARIS CURS 2025-2026<\/strong><\/h4>\n<\/div>\n<\/div>\n\n\n<div class=\"wp-block-image\">\n<figure class=\"aligncenter size-full is-resized\"><img loading=\"lazy\" decoding=\"async\" width=\"414\" height=\"759\" src=\"http:\/\/santaceciliadelgrao.com\/wp-content\/uploads\/2025\/05\/horari.jpg\" alt=\"\" class=\"wp-image-3939\" style=\"width:428px;height:auto\" srcset=\"http:\/\/santaceciliadelgrao.com\/wp-content\/uploads\/2025\/05\/horari.jpg 414w, http:\/\/santaceciliadelgrao.com\/wp-content\/uploads\/2025\/05\/horari-164x300.jpg 164w\" sizes=\"auto, (max-width: 414px) 100vw, 414px\" \/><\/figure>\n<\/div>","protected":false},"excerpt":{"rendered":"<p>\u00a0 \u00a0HORARIS CURS 2025-2026<\/p>\n","protected":false},"author":1,"featured_media":0,"parent":0,"menu_order":0,"comment_status":"closed","ping_status":"closed","template":"","meta":{"footnotes":""},"class_list":["post-3018","page","type-page","status-publish","hentry"],"_links":{"self":[{"href":"http:\/\/santaceciliadelgrao.com\/index.php?rest_route=\/wp\/v2\/pages\/3018","targetHints":{"allow":["GET"]}}],"collection":[{"href":"http:\/\/santaceciliadelgrao.com\/index.php?rest_route=\/wp\/v2\/pages"}],"about":[{"href":"http:\/\/santaceciliadelgrao.com\/index.php?rest_route=\/wp\/v2\/types\/page"}],"author":[{"embeddable":true,"href":"http:\/\/santaceciliadelgrao.com\/index.php?rest_route=\/wp\/v2\/users\/1"}],"replies":[{"embeddable":true,"href":"http:\/\/santaceciliadelgrao.com\/index.php?rest_route=%2Fwp%2Fv2%2Fcomments&post=3018"}],"version-history":[{"count":8,"href":"http:\/\/santaceciliadelgrao.com\/index.php?rest_route=\/wp\/v2\/pages\/3018\/revisions"}],"predecessor-version":[{"id":4027,"href":"http:\/\/santaceciliadelgrao.com\/index.php?rest_route=\/wp\/v2\/pages\/3018\/revisions\/4027"}],"wp:attachment":[{"href":"http:\/\/santaceciliadelgrao.com\/index.php?rest_route=%2Fwp%2Fv2%2Fmedia&parent=3018"}],"curies":[{"name":"wp","href":"https:\/\/api.w.org\/{rel}","templated":true}]}}