{"id":2752,"date":"2023-01-03T19:58:55","date_gmt":"2023-01-03T19:58:55","guid":{"rendered":"http:\/\/santaceciliadelgrao.com\/?page_id=2752"},"modified":"2023-01-04T13:11:13","modified_gmt":"2023-01-04T13:11:13","slug":"privacidad","status":"publish","type":"page","link":"http:\/\/santaceciliadelgrao.com\/?page_id=2752","title":{"rendered":"Pol\u00edtica de privacitat"},"content":{"rendered":"<h3>INTRODUCCI\u00d3<\/h3>\n<p>A Agrupaci\u00f3 Musical Santa Cec\u00edlia del Grau, sensibilitzats amb les necessitats dels usuaris d\u2019Internet i conscients de la import\u00e0ncia de la rigorosa privacitat de la informaci\u00f3 personal que ens confien, incloem aquesta declaraci\u00f3 de privacitat amb l\u2019objecte del fet que siguis conscient de la pol\u00edtica en el tractament de les dades personals que s\u2019obtenen dels visitants i usuaris..<\/p><p>Com usuari, acceptes aquestes condicions pel sol fet de llegir, visualitzar o navegar en la web. Si no ho acceptes, has d\u2019abandonar la web, sense fer \u00fas d\u2019ella ni del seu contingut, i sense accedir a les p\u00e0gines enlla\u00e7ades.<\/p>\n<h3 id='responsable'>RESPONSABLE DEL TRACTAMENT DE DADES<\/h3>\n<p>El titular de la web i responsable del tractament de dades \u00e9s Agrupaci\u00f3 Musical Santa Cec\u00edlia del Grau, amb CIF G46555157, per contactar pots emprar l'adre\u00e7a de correu electr\u00f2nic <a href=\"mailto:%73an&#116;%61%63&#101;ci%6c%69&#97;d%65&#108;g&#114;%61o%40h%6f&#116;m&#97;i%6c.co&#109;\">&#115;&#97;nt&#97;ce&#99;ili&#97;&#100;e&#108;g&#114;&#97;o&#64;h&#111;t&#109;&#97;il.c&#111;&#109;<\/a>, el tel\u00e9fon <a href=\"tel:+34963362779\" title=\"tel\u00e8fon\">+34963362779<\/a> o correu postal a Isaac Peral, 23, codi postal 46024 Val\u00e8ncia.<\/p>\n<h3 id='finalidad'>FINALITAT DEL TRACTAMENT DE DADES<\/h3>\n<p>En la nostra web, existeixen apartats espec\u00edfics on pots anotar les teves dades per rebre informaci\u00f3 sobre actualitzacions de la nostra web i d\u2019alguns programes que es distribueixen. Nosaltres t\u2019assegurem que la informaci\u00f3 que ens facilitis ser\u00e0 gestionada de manera confidencial.<\/p><p>Formulari de contacte: Mantenir contacte amb tu o altres accions requerides.<\/p>\n<p>Les dades s'emmagatzemaran mentre existeixi previsi\u00f3 del seu \u00fas per a la fi per al qual van ser recollides..<\/p><p>No es fan preses de decisions automatitzades amb les teves dades.<\/p><p>La web pot utilitzar cookies, consulta la nostra <a href=\"\">pol\u00edtica de cookies<\/a>.<\/p>\n<h3 id='legitimacion'>LEGITIMACI\u00d3 DEL TRACTAMENT DE DADES<\/h3>\n<p>L'\u00fas de les teves dades s\u2019efectua perqu\u00e8 ens d\u00f3nes el teu consentiment per utilitzar les que ens proporciones en els formularis per un \u00fas espec\u00edfic que s'indica en cadascun d'ells. Totes les teves dades nom\u00e9s s\u00f3n necess\u00e0ries per a usos concrets pels quals se't  sol\u00b7liciten, si no ho fas, aquests serveis no s\u00f3n possibles.<\/p>\n<h3 id='transferencia'>TRANSFER\u00c8NCIES I CESSIONS DE DADES<\/h3>\n<p>Existeix un comprom\u00eds ferm per part nostre que les dades que proporcionis a Agrupaci\u00f3 Musical Santa Cec\u00edlia del Grau, no seran venudes ni cedides a terceres persones sense el teu previ consentiment, per a cap concepte o circumst\u00e0ncia, excepte consentiment expr\u00e9s o obligaci\u00f3 legal.<\/p><p>La nostra web cont\u00e9 enlla\u00e7os cap a altres webs de tercers. Agrupaci\u00f3 Musical Santa Cec\u00edlia del Grau no es fa responsable per les pol\u00edtiques i pr\u00e0ctiques de privacitat d'aquestes altres webs.<\/p>\n<h3 id='derechos'>DRETS DELS INTERESSATS<\/h3>\n<p>Tens dret a accedir a la informaci\u00f3 que sobre la teva persona estigui emmagatzemada en les nostres bases de dades, rectificar-la en cas d\u2019errada, suprimir-la, limitar-la oposar-te al seu tractament i retirar-ne el consentiment si aquest \u00e9s el teu desig. Per fer-ho nom\u00e9s has d\u2019escriure un e-mail a l\u2019adre\u00e7a de correu electr\u00f2nic: <a href=\"mailto:s%61%6e%74&#97;&#99;%65&#99;i&#108;%69ad&#101;&#108;&#103;&#114;%61&#111;&#64;&#104;o&#116;m%61&#105;&#108;&#46;&#99;o&#109;\">s&#97;&#110;t&#97;&#99;eci&#108;&#105;adel&#103;&#114;&#97;&#111;&#64;&#104;o&#116;&#109;a&#105;l.c&#111;m<\/a> don et contestarem qualsevol consulta, comentari, aclariment que ens facis al respecte.<\/p><p>Per a m\u00e9s informaci\u00f3 sobre temes relacionats, la web de refer\u00e8ncia de la Xarxa espanyola \u00e9s l\u2019<a href=\"https:\/\/www.agpd.es\/\">Agencia de Protecci\u00f3n de Datos<\/a>, on tens dret a reclamar.<\/p>\n\n","protected":false},"excerpt":{"rendered":"","protected":false},"author":1,"featured_media":0,"parent":0,"menu_order":0,"comment_status":"closed","ping_status":"closed","template":"","meta":{"footnotes":""},"class_list":["post-2752","page","type-page","status-publish","hentry"],"_links":{"self":[{"href":"http:\/\/santaceciliadelgrao.com\/index.php?rest_route=\/wp\/v2\/pages\/2752","targetHints":{"allow":["GET"]}}],"collection":[{"href":"http:\/\/santaceciliadelgrao.com\/index.php?rest_route=\/wp\/v2\/pages"}],"about":[{"href":"http:\/\/santaceciliadelgrao.com\/index.php?rest_route=\/wp\/v2\/types\/page"}],"author":[{"embeddable":true,"href":"http:\/\/santaceciliadelgrao.com\/index.php?rest_route=\/wp\/v2\/users\/1"}],"replies":[{"embeddable":true,"href":"http:\/\/santaceciliadelgrao.com\/index.php?rest_route=%2Fwp%2Fv2%2Fcomments&post=2752"}],"version-history":[{"count":1,"href":"http:\/\/santaceciliadelgrao.com\/index.php?rest_route=\/wp\/v2\/pages\/2752\/revisions"}],"predecessor-version":[{"id":2799,"href":"http:\/\/santaceciliadelgrao.com\/index.php?rest_route=\/wp\/v2\/pages\/2752\/revisions\/2799"}],"wp:attachment":[{"href":"http:\/\/santaceciliadelgrao.com\/index.php?rest_route=%2Fwp%2Fv2%2Fmedia&parent=2752"}],"curies":[{"name":"wp","href":"https:\/\/api.w.org\/{rel}","templated":true}]}}