{"id":2690,"date":"2022-12-28T19:09:33","date_gmt":"2022-12-28T19:09:33","guid":{"rendered":"http:\/\/santaceciliadelgrao.com\/?page_id=2690"},"modified":"2026-03-19T19:16:31","modified_gmt":"2026-03-19T19:16:31","slug":"directora-del-coro","status":"publish","type":"page","link":"http:\/\/santaceciliadelgrao.com\/?page_id=2690","title":{"rendered":"Director del coro"},"content":{"rendered":"\n<p><strong>MARIO SEVILLA<\/strong><\/p>\n\n\n\n<p class=\"has-text-align-left\"><\/p>\n\n\n\n<div class=\"wp-block-media-text alignwide is-stacked-on-mobile\" style=\"grid-template-columns:27% auto\"><figure class=\"wp-block-media-text__media\"><img loading=\"lazy\" decoding=\"async\" width=\"1024\" height=\"1024\" src=\"http:\/\/santaceciliadelgrao.com\/wp-content\/uploads\/2026\/03\/WhatsApp-Image-2026-02-27-at-14.27.57-1-1024x1024.jpeg\" alt=\"\" class=\"wp-image-4242 size-full\" srcset=\"http:\/\/santaceciliadelgrao.com\/wp-content\/uploads\/2026\/03\/WhatsApp-Image-2026-02-27-at-14.27.57-1-1024x1024.jpeg 1024w, http:\/\/santaceciliadelgrao.com\/wp-content\/uploads\/2026\/03\/WhatsApp-Image-2026-02-27-at-14.27.57-1-300x300.jpeg 300w, http:\/\/santaceciliadelgrao.com\/wp-content\/uploads\/2026\/03\/WhatsApp-Image-2026-02-27-at-14.27.57-1-150x150.jpeg 150w, http:\/\/santaceciliadelgrao.com\/wp-content\/uploads\/2026\/03\/WhatsApp-Image-2026-02-27-at-14.27.57-1-768x768.jpeg 768w, http:\/\/santaceciliadelgrao.com\/wp-content\/uploads\/2026\/03\/WhatsApp-Image-2026-02-27-at-14.27.57-1-1536x1536.jpeg 1536w, http:\/\/santaceciliadelgrao.com\/wp-content\/uploads\/2026\/03\/WhatsApp-Image-2026-02-27-at-14.27.57-1-1080x1080.jpeg 1080w, http:\/\/santaceciliadelgrao.com\/wp-content\/uploads\/2026\/03\/WhatsApp-Image-2026-02-27-at-14.27.57-1.jpeg 1600w\" sizes=\"auto, (max-width: 1024px) 100vw, 1024px\" \/><\/figure><div class=\"wp-block-media-text__content\">\n<p>Natural de Val\u00e8ncia, completa las ense\u00f1anzas elementales y profesionales de m\u00fasica en el Conservatorio Municipal de M\u00fasica Jos\u00e9 Iturbi de Val\u00e8ncia, en la especialidad de Tuba (Bombardino). Actualmente cursa un doble Grado Superior en Interpretaci\u00f3n Musical y Direcci\u00f3n de Orquesta y Coro en el Conservatorio Superior de M\u00fasica Salvador Segu\u00ed de Castell\u00f3n.<\/p>\n\n\n\n<p>Es m\u00fasico de la Agrupaci\u00f3 Musical Santa Cec\u00edlia del Grau desde 2014 y de las respectivas bandas de las universidades de Val\u00e8ncia y Castell\u00f3n. Ha tocado el bombardino y ha dirigido la Jove Orquestra Intercomarcal de Tarragona y la Banda Simf\u00f2nica del Llevant. Como profesor, ha impartido las asignaturas de Tuba, Bombardino, Lenguaje Musical y Coro en diferentes escuelas como el Centre de M\u00fasica i Dansa de Natzaret, CAM B\u00e9tera y AM Xilxes entre otras.<\/p>\n\n\n\n<p><\/p>\n\n\n\n<p><\/p>\n<\/div><\/div>\n","protected":false},"excerpt":{"rendered":"<p>MARIO SEVILLA Natural de Val\u00e8ncia, completa las ense\u00f1anzas elementales y profesionales de m\u00fasica en el Conservatorio Municipal de M\u00fasica Jos\u00e9 Iturbi de Val\u00e8ncia, en la especialidad de Tuba (Bombardino). Actualmente cursa un doble Grado Superior en Interpretaci\u00f3n Musical y Direcci\u00f3n de Orquesta y Coro en el Conservatorio Superior de M\u00fasica Salvador Segu\u00ed de Castell\u00f3n. Es&hellip; <br \/> <a class=\"button small blue\" href=\"http:\/\/santaceciliadelgrao.com\/?page_id=2690\">Read more<\/a><\/p>\n","protected":false},"author":1,"featured_media":0,"parent":0,"menu_order":0,"comment_status":"closed","ping_status":"closed","template":"","meta":{"footnotes":""},"class_list":["post-2690","page","type-page","status-publish","hentry"],"_links":{"self":[{"href":"http:\/\/santaceciliadelgrao.com\/index.php?rest_route=\/wp\/v2\/pages\/2690","targetHints":{"allow":["GET"]}}],"collection":[{"href":"http:\/\/santaceciliadelgrao.com\/index.php?rest_route=\/wp\/v2\/pages"}],"about":[{"href":"http:\/\/santaceciliadelgrao.com\/index.php?rest_route=\/wp\/v2\/types\/page"}],"author":[{"embeddable":true,"href":"http:\/\/santaceciliadelgrao.com\/index.php?rest_route=\/wp\/v2\/users\/1"}],"replies":[{"embeddable":true,"href":"http:\/\/santaceciliadelgrao.com\/index.php?rest_route=%2Fwp%2Fv2%2Fcomments&post=2690"}],"version-history":[{"count":4,"href":"http:\/\/santaceciliadelgrao.com\/index.php?rest_route=\/wp\/v2\/pages\/2690\/revisions"}],"predecessor-version":[{"id":4284,"href":"http:\/\/santaceciliadelgrao.com\/index.php?rest_route=\/wp\/v2\/pages\/2690\/revisions\/4284"}],"wp:attachment":[{"href":"http:\/\/santaceciliadelgrao.com\/index.php?rest_route=%2Fwp%2Fv2%2Fmedia&parent=2690"}],"curies":[{"name":"wp","href":"https:\/\/api.w.org\/{rel}","templated":true}]}}