{"id":2664,"date":"2022-12-28T17:45:36","date_gmt":"2022-12-28T17:45:36","guid":{"rendered":"http:\/\/santaceciliadelgrao.com\/?page_id=2664"},"modified":"2022-12-28T17:45:36","modified_gmt":"2022-12-28T17:45:36","slug":"2664-2","status":"publish","type":"page","link":"http:\/\/santaceciliadelgrao.com\/?page_id=2664","title":{"rendered":""},"content":{"rendered":"\n<p><strong>H\u00e9ctor Juan Albarrac\u00edn<\/strong><\/p>\n\n\n\n<p><em>Professor de sax\u00f2fon<\/em><\/p>\n\n\n\n<p class=\"has-text-align-left\"><\/p>\n\n\n\n<div class=\"wp-block-media-text alignwide is-stacked-on-mobile\" style=\"grid-template-columns:25% auto\"><figure class=\"wp-block-media-text__media\"><img loading=\"lazy\" decoding=\"async\" width=\"709\" height=\"808\" src=\"http:\/\/santaceciliadelgrao.com\/wp-content\/uploads\/2022\/11\/Hector-Juan.png\" alt=\"\" class=\"wp-image-2530 size-full\" srcset=\"http:\/\/santaceciliadelgrao.com\/wp-content\/uploads\/2022\/11\/Hector-Juan.png 709w, http:\/\/santaceciliadelgrao.com\/wp-content\/uploads\/2022\/11\/Hector-Juan-263x300.png 263w\" sizes=\"auto, (max-width: 709px) 100vw, 709px\" \/><\/figure><div class=\"wp-block-media-text__content\">\n<p>Titulat en Sax\u00f2fon cl\u00e0ssic des de 2001, va de la m\u00e0 de la m\u00fasica des dels 8 anys. Durant la seua traject\u00f2ria ha estudiat amb m\u00fasics de la talla de Claude Delange, Xelo Giner, Perico Sambeat, Francisco A. Llat\u00ed, Jerry Bergonzi, Bob Mintzer i Bob Stoloff, entre d\u2019altres. Ha realitzat cursos d&#8217;arranjaments per a <em>big band<\/em> amb Greg Hopkins del Berklee College of Music.&nbsp;<\/p>\n\n\n\n<p>El seu inter\u00e9s pel jazz i la m\u00fasica moderna li ha portat finalment a formar-se en el Conservatori Superior de M\u00fasica de Val\u00e8ncia i Navarra (grau superior tant d&#8217;Interpretaci\u00f3 de jazz com de Pedagogia del jazz), despr\u00e9s de m\u00e9s de 20 anys com a col\u00b7laborador habitual de Sedajazz. Tamb\u00e9 ha exercit de director i arranjador de diferents projectes de teatre musical (<em>Grease<\/em>, <em>Sue\u00f1o de una noche de verano<\/em> i <em>Mamma Mia<\/em>, entre d\u2019altres), improvisaci\u00f3 i de<em> big band<\/em>.&nbsp;<\/p>\n\n\n\n<p>La seua labor docent suma ja m\u00e9s de 20 anys, la qual cosa permet que els seus alumnes es nodrisquen de la seua \u00e0mplia visi\u00f3 musical i de la seua vocaci\u00f3 per l&#8217;ensenyament.<\/p>\n<\/div><\/div>\n","protected":false},"excerpt":{"rendered":"<p>H\u00e9ctor Juan Albarrac\u00edn Professor de sax\u00f2fon Titulat en Sax\u00f2fon cl\u00e0ssic des de 2001, va de la m\u00e0 de la m\u00fasica des dels 8 anys. Durant la seua traject\u00f2ria ha estudiat amb m\u00fasics de la talla de Claude Delange, Xelo Giner, Perico Sambeat, Francisco A. Llat\u00ed, Jerry Bergonzi, Bob Mintzer i Bob Stoloff, entre d\u2019altres. Ha&hellip; <br \/> <a class=\"button small blue\" href=\"http:\/\/santaceciliadelgrao.com\/?page_id=2664\">Read more<\/a><\/p>\n","protected":false},"author":1,"featured_media":0,"parent":0,"menu_order":0,"comment_status":"closed","ping_status":"closed","template":"","meta":{"footnotes":""},"class_list":["post-2664","page","type-page","status-publish","hentry"],"_links":{"self":[{"href":"http:\/\/santaceciliadelgrao.com\/index.php?rest_route=\/wp\/v2\/pages\/2664","targetHints":{"allow":["GET"]}}],"collection":[{"href":"http:\/\/santaceciliadelgrao.com\/index.php?rest_route=\/wp\/v2\/pages"}],"about":[{"href":"http:\/\/santaceciliadelgrao.com\/index.php?rest_route=\/wp\/v2\/types\/page"}],"author":[{"embeddable":true,"href":"http:\/\/santaceciliadelgrao.com\/index.php?rest_route=\/wp\/v2\/users\/1"}],"replies":[{"embeddable":true,"href":"http:\/\/santaceciliadelgrao.com\/index.php?rest_route=%2Fwp%2Fv2%2Fcomments&post=2664"}],"version-history":[{"count":2,"href":"http:\/\/santaceciliadelgrao.com\/index.php?rest_route=\/wp\/v2\/pages\/2664\/revisions"}],"predecessor-version":[{"id":2666,"href":"http:\/\/santaceciliadelgrao.com\/index.php?rest_route=\/wp\/v2\/pages\/2664\/revisions\/2666"}],"wp:attachment":[{"href":"http:\/\/santaceciliadelgrao.com\/index.php?rest_route=%2Fwp%2Fv2%2Fmedia&parent=2664"}],"curies":[{"name":"wp","href":"https:\/\/api.w.org\/{rel}","templated":true}]}}