{"id":2579,"date":"2022-11-17T13:08:06","date_gmt":"2022-11-17T13:08:06","guid":{"rendered":"http:\/\/santaceciliadelgrao.com\/?page_id=2579"},"modified":"2022-11-17T13:11:48","modified_gmt":"2022-11-17T13:11:48","slug":"2579-2","status":"publish","type":"page","link":"http:\/\/santaceciliadelgrao.com\/?page_id=2579","title":{"rendered":""},"content":{"rendered":"\n<p><strong>Alba Gim\u00e9nez Nogu\u00e9s\u00a0<\/strong><\/p>\n\n\n\n<p><em>Professora de Violoncel i Llenguatge Musical&nbsp;<\/em><\/p>\n\n\n\n<div class=\"wp-block-media-text alignwide is-stacked-on-mobile\" style=\"grid-template-columns:19% auto\"><figure class=\"wp-block-media-text__media\"><img loading=\"lazy\" decoding=\"async\" width=\"129\" height=\"151\" src=\"http:\/\/santaceciliadelgrao.com\/wp-content\/uploads\/2022\/11\/Alba-Gimenez-1.png\" alt=\"\" class=\"wp-image-2505 size-full\"\/><\/figure><div class=\"wp-block-media-text__content\">\n<p>Naix a Carlet en 1998 i all\u00ed inicia els seus estudis de\u00a0violoncel a l\u2019Escola de M\u00fasica L\u2019Art\u00edstica de Carlet. Continua el grau professional al Conservatori Perfecto Gracia Chornet de Carlet. L\u2019any 2021 finalitza els estudis superiors de Violoncel al Conservatori Superior de M\u00fasica Joaqu\u00edn Rodrigo de Val\u00e8ncia. A m\u00e9s a m\u00e9s, ha rebut classes de professors de gran prestigi com Josep Trescol\u00ed, Mariano Garc\u00eda, Fernando Arias o Adrian Van Dongen, entre d&#8217;altres.\u00a0<\/p>\n\n\n\n<p>Ha format part de diverses agrupacions de la Comunitat Valenciana com la Jove Orquestra Simf\u00f2nica de la Federaci\u00f3 de Societats Musicals aix\u00ed com la seua banda i la banda de dones, la Jove Orquestra de la Generalitat Valenciana, la Jove Orquestra de Castell\u00f3, la Film Orchestra Valencia i l&#8217;Orquestra de la Ribera.&nbsp;<\/p>\n\n\n\n<p>Actualment, impartix classes de Violoncel, Llenguatge Musical, M\u00fasica i Moviment, Educaci\u00f3 Musical i M\u00fasica en Fam\u00edlia en diverses escoles i acad\u00e8mies de Val\u00e8ncia i els seus voltants&nbsp;<\/p>\n<\/div><\/div>\n","protected":false},"excerpt":{"rendered":"<p>Alba Gim\u00e9nez Nogu\u00e9s\u00a0 Professora de Violoncel i Llenguatge Musical&nbsp; Naix a Carlet en 1998 i all\u00ed inicia els seus estudis de\u00a0violoncel a l\u2019Escola de M\u00fasica L\u2019Art\u00edstica de Carlet. Continua el grau professional al Conservatori Perfecto Gracia Chornet de Carlet. L\u2019any 2021 finalitza els estudis superiors de Violoncel al Conservatori Superior de M\u00fasica Joaqu\u00edn Rodrigo de&hellip; <br \/> <a class=\"button small blue\" href=\"http:\/\/santaceciliadelgrao.com\/?page_id=2579\">Read more<\/a><\/p>\n","protected":false},"author":1,"featured_media":0,"parent":0,"menu_order":0,"comment_status":"closed","ping_status":"closed","template":"","meta":{"footnotes":""},"class_list":["post-2579","page","type-page","status-publish","hentry"],"_links":{"self":[{"href":"http:\/\/santaceciliadelgrao.com\/index.php?rest_route=\/wp\/v2\/pages\/2579","targetHints":{"allow":["GET"]}}],"collection":[{"href":"http:\/\/santaceciliadelgrao.com\/index.php?rest_route=\/wp\/v2\/pages"}],"about":[{"href":"http:\/\/santaceciliadelgrao.com\/index.php?rest_route=\/wp\/v2\/types\/page"}],"author":[{"embeddable":true,"href":"http:\/\/santaceciliadelgrao.com\/index.php?rest_route=\/wp\/v2\/users\/1"}],"replies":[{"embeddable":true,"href":"http:\/\/santaceciliadelgrao.com\/index.php?rest_route=%2Fwp%2Fv2%2Fcomments&post=2579"}],"version-history":[{"count":3,"href":"http:\/\/santaceciliadelgrao.com\/index.php?rest_route=\/wp\/v2\/pages\/2579\/revisions"}],"predecessor-version":[{"id":2586,"href":"http:\/\/santaceciliadelgrao.com\/index.php?rest_route=\/wp\/v2\/pages\/2579\/revisions\/2586"}],"wp:attachment":[{"href":"http:\/\/santaceciliadelgrao.com\/index.php?rest_route=%2Fwp%2Fv2%2Fmedia&parent=2579"}],"curies":[{"name":"wp","href":"https:\/\/api.w.org\/{rel}","templated":true}]}}