{"id":2573,"date":"2022-11-17T13:02:48","date_gmt":"2022-11-17T13:02:48","guid":{"rendered":"http:\/\/santaceciliadelgrao.com\/?page_id=2573"},"modified":"2026-03-24T13:04:05","modified_gmt":"2026-03-24T13:04:05","slug":"2573-2","status":"publish","type":"page","link":"http:\/\/santaceciliadelgrao.com\/?page_id=2573","title":{"rendered":""},"content":{"rendered":"\n<p><strong>Claudia Mart\u00ednez Gonz\u00e1lez&nbsp;<\/strong><\/p>\n\n\n\n<p><em>Professora de Sensibilitzaci\u00f3 i M\u00fasica i Moviment&nbsp;<\/em><\/p>\n\n\n\n<div class=\"wp-block-media-text alignwide is-stacked-on-mobile\" style=\"grid-template-columns:29% auto\"><figure class=\"wp-block-media-text__media\"><img loading=\"lazy\" decoding=\"async\" width=\"658\" height=\"687\" src=\"http:\/\/santaceciliadelgrao.com\/wp-content\/uploads\/2026\/03\/Claudia.jpg\" alt=\"\" class=\"wp-image-4250 size-full\" srcset=\"http:\/\/santaceciliadelgrao.com\/wp-content\/uploads\/2026\/03\/Claudia.jpg 658w, http:\/\/santaceciliadelgrao.com\/wp-content\/uploads\/2026\/03\/Claudia-287x300.jpg 287w\" sizes=\"auto, (max-width: 658px) 100vw, 658px\" \/><\/figure><div class=\"wp-block-media-text__content\">\n<p>Inicia els seus estudis musicals a la nostra escola a&nbsp;l&#8217;edat de 7 anys en l&#8217;especialitat de piano i als 11 anys&nbsp;canvia al clarinet, instrument que continua tocant en&nbsp;l&#8217;actualitat en la nostra banda titular. Va estudiar en&nbsp;2015 Educaci\u00f3 Infantil i despr\u00e9s l&#8217;especialitat d\u2019Educaci\u00f3&nbsp;Prim\u00e0ria, per a continuar la seua formaci\u00f3 en la rama&nbsp;de la doc\u00e8ncia. Durant aquests anys ha realitzat&nbsp;diversos cursos relacionats amb l&#8217;\u00e0mbit educatiu i&nbsp;musical.&nbsp;<\/p>\n\n\n\n<p>Actualment continua amb la seua formaci\u00f3 i, a m\u00e9s, treballa en la nostra escola amb els grups m\u00e9s joves d&#8217;Infantil i primer de Prim\u00e0ria que comencen la seua traject\u00f2ria musical. Tamb\u00e9 \u00e9s la responsable de les classes de l&#8217;escola de Sensibilitzaci\u00f3 Musical amb la companyia d&#8217;un familiar i est\u00e0 en actiu en un altre col\u00b7legi com a mestra d&#8217;Educaci\u00f3 Infantil.<\/p>\n<\/div><\/div>\n","protected":false},"excerpt":{"rendered":"<p>Claudia Mart\u00ednez Gonz\u00e1lez&nbsp; Professora de Sensibilitzaci\u00f3 i M\u00fasica i Moviment&nbsp; Inicia els seus estudis musicals a la nostra escola a&nbsp;l&#8217;edat de 7 anys en l&#8217;especialitat de piano i als 11 anys&nbsp;canvia al clarinet, instrument que continua tocant en&nbsp;l&#8217;actualitat en la nostra banda titular. Va estudiar en&nbsp;2015 Educaci\u00f3 Infantil i despr\u00e9s l&#8217;especialitat d\u2019Educaci\u00f3&nbsp;Prim\u00e0ria, per a continuar&hellip; <br \/> <a class=\"button small blue\" href=\"http:\/\/santaceciliadelgrao.com\/?page_id=2573\">Read more<\/a><\/p>\n","protected":false},"author":1,"featured_media":0,"parent":0,"menu_order":0,"comment_status":"closed","ping_status":"closed","template":"","meta":{"footnotes":""},"class_list":["post-2573","page","type-page","status-publish","hentry"],"_links":{"self":[{"href":"http:\/\/santaceciliadelgrao.com\/index.php?rest_route=\/wp\/v2\/pages\/2573","targetHints":{"allow":["GET"]}}],"collection":[{"href":"http:\/\/santaceciliadelgrao.com\/index.php?rest_route=\/wp\/v2\/pages"}],"about":[{"href":"http:\/\/santaceciliadelgrao.com\/index.php?rest_route=\/wp\/v2\/types\/page"}],"author":[{"embeddable":true,"href":"http:\/\/santaceciliadelgrao.com\/index.php?rest_route=\/wp\/v2\/users\/1"}],"replies":[{"embeddable":true,"href":"http:\/\/santaceciliadelgrao.com\/index.php?rest_route=%2Fwp%2Fv2%2Fcomments&post=2573"}],"version-history":[{"count":3,"href":"http:\/\/santaceciliadelgrao.com\/index.php?rest_route=\/wp\/v2\/pages\/2573\/revisions"}],"predecessor-version":[{"id":4252,"href":"http:\/\/santaceciliadelgrao.com\/index.php?rest_route=\/wp\/v2\/pages\/2573\/revisions\/4252"}],"wp:attachment":[{"href":"http:\/\/santaceciliadelgrao.com\/index.php?rest_route=%2Fwp%2Fv2%2Fmedia&parent=2573"}],"curies":[{"name":"wp","href":"https:\/\/api.w.org\/{rel}","templated":true}]}}