{"id":2487,"date":"2022-11-17T08:37:59","date_gmt":"2022-11-17T08:37:59","guid":{"rendered":"http:\/\/santaceciliadelgrao.com\/?page_id=2487"},"modified":"2026-03-19T19:01:50","modified_gmt":"2026-03-19T19:01:50","slug":"2487-2","status":"publish","type":"page","link":"http:\/\/santaceciliadelgrao.com\/?page_id=2487","title":{"rendered":""},"content":{"rendered":"\n<p><strong>In\u00e9s Cabo Mur<\/strong><\/p>\n\n\n\n<p><em>Professora de Clarinet<\/em><\/p>\n\n\n\n<p class=\"has-text-align-left\"><\/p>\n\n\n\n<div class=\"wp-block-media-text alignwide is-stacked-on-mobile\" style=\"grid-template-columns:33% auto\"><figure class=\"wp-block-media-text__media\"><img loading=\"lazy\" decoding=\"async\" width=\"739\" height=\"765\" src=\"http:\/\/santaceciliadelgrao.com\/wp-content\/uploads\/2026\/03\/Ines-2.jpg\" alt=\"\" class=\"wp-image-4271 size-full\" srcset=\"http:\/\/santaceciliadelgrao.com\/wp-content\/uploads\/2026\/03\/Ines-2.jpg 739w, http:\/\/santaceciliadelgrao.com\/wp-content\/uploads\/2026\/03\/Ines-2-290x300.jpg 290w\" sizes=\"auto, (max-width: 739px) 100vw, 739px\" \/><\/figure><div class=\"wp-block-media-text__content\">\n<p>Va comen\u00e7ar els seus estudis musicals en la Societat Ateneu Musical del Port de Val\u00e8ncia. Posteriorment va obtindre el premi extraordinari de final de Grau Professional al Conservatori Jos\u00e9 Iturbi en les especialitats de Clarinet i M\u00fasica de Cambra, i va continuar estudiant el Grau Superior de M\u00fasica en l\u2019especialitat d\u2019Interpretaci\u00f3 al Conservatori Superior Salvador Segu\u00ed de Castell\u00f3. En 2022 va obtindre el t\u00edtol de Master of Music in Performance del Royal College of Music de Londres, i a l\u2019any seg\u00fcent, el t\u00edtol equivalent pel Conservatori Superior de M\u00fasica de Val\u00e8ncia.<\/p>\n\n\n\n<p>Des de 2022 \u00e9s membre de l\u2019Orquestra Filharm\u00f2nica de la Universitat de Val\u00e8ncia, gr\u00e0cies a la qual ha pogut oferir recitals de cambra en diversos espais de la Universitat.<\/p>\n\n\n\n<p><a><\/a> Paral\u00b7lelament als estudis de M\u00fasica, va completar el Grau en F\u00edsica i M\u00e0ster en Enginyeria Ac\u00fastica. Actualment, compagina el seu treball en una empresa d\u2019enginyeria amb la doc\u00e8ncia.<\/p>\n<\/div><\/div>\n","protected":false},"excerpt":{"rendered":"<p>In\u00e9s Cabo Mur Professora de Clarinet Va comen\u00e7ar els seus estudis musicals en la Societat Ateneu Musical del Port de Val\u00e8ncia. Posteriorment va obtindre el premi extraordinari de final de Grau Professional al Conservatori Jos\u00e9 Iturbi en les especialitats de Clarinet i M\u00fasica de Cambra, i va continuar estudiant el Grau Superior de M\u00fasica en&hellip; <br \/> <a class=\"button small blue\" href=\"http:\/\/santaceciliadelgrao.com\/?page_id=2487\">Read more<\/a><\/p>\n","protected":false},"author":1,"featured_media":0,"parent":0,"menu_order":0,"comment_status":"closed","ping_status":"closed","template":"","meta":{"footnotes":""},"class_list":["post-2487","page","type-page","status-publish","hentry"],"_links":{"self":[{"href":"http:\/\/santaceciliadelgrao.com\/index.php?rest_route=\/wp\/v2\/pages\/2487","targetHints":{"allow":["GET"]}}],"collection":[{"href":"http:\/\/santaceciliadelgrao.com\/index.php?rest_route=\/wp\/v2\/pages"}],"about":[{"href":"http:\/\/santaceciliadelgrao.com\/index.php?rest_route=\/wp\/v2\/types\/page"}],"author":[{"embeddable":true,"href":"http:\/\/santaceciliadelgrao.com\/index.php?rest_route=\/wp\/v2\/users\/1"}],"replies":[{"embeddable":true,"href":"http:\/\/santaceciliadelgrao.com\/index.php?rest_route=%2Fwp%2Fv2%2Fcomments&post=2487"}],"version-history":[{"count":3,"href":"http:\/\/santaceciliadelgrao.com\/index.php?rest_route=\/wp\/v2\/pages\/2487\/revisions"}],"predecessor-version":[{"id":4273,"href":"http:\/\/santaceciliadelgrao.com\/index.php?rest_route=\/wp\/v2\/pages\/2487\/revisions\/4273"}],"wp:attachment":[{"href":"http:\/\/santaceciliadelgrao.com\/index.php?rest_route=%2Fwp%2Fv2%2Fmedia&parent=2487"}],"curies":[{"name":"wp","href":"https:\/\/api.w.org\/{rel}","templated":true}]}}