{"id":2437,"date":"2022-11-16T13:47:36","date_gmt":"2022-11-16T13:47:36","guid":{"rendered":"http:\/\/santaceciliadelgrao.com\/?page_id=2437"},"modified":"2026-03-19T19:09:53","modified_gmt":"2026-03-19T19:09:53","slug":"2437-2","status":"publish","type":"page","link":"http:\/\/santaceciliadelgrao.com\/?page_id=2437","title":{"rendered":""},"content":{"rendered":"\n<p><strong>Adri\u00e0 S\u00e1nchez Castell\u00f3&nbsp;&nbsp;<\/strong><\/p>\n\n\n\n<p><em>Director de l&#8217;Escola, director de la banda s\u00e8nior i professor de Llenguatge Musical<\/em><\/p>\n\n\n\n<p class=\"has-text-align-left\"><\/p>\n\n\n\n<div class=\"wp-block-media-text alignwide is-stacked-on-mobile\" style=\"grid-template-columns:25% auto\"><figure class=\"wp-block-media-text__media\"><img loading=\"lazy\" decoding=\"async\" width=\"890\" height=\"1024\" src=\"http:\/\/santaceciliadelgrao.com\/wp-content\/uploads\/2023\/01\/WhatsApp-Image-2023-01-16-at-12.26.35-890x1024.jpeg\" alt=\"\" class=\"wp-image-2841 size-full\" srcset=\"http:\/\/santaceciliadelgrao.com\/wp-content\/uploads\/2023\/01\/WhatsApp-Image-2023-01-16-at-12.26.35-890x1024.jpeg 890w, http:\/\/santaceciliadelgrao.com\/wp-content\/uploads\/2023\/01\/WhatsApp-Image-2023-01-16-at-12.26.35-261x300.jpeg 261w, http:\/\/santaceciliadelgrao.com\/wp-content\/uploads\/2023\/01\/WhatsApp-Image-2023-01-16-at-12.26.35-768x884.jpeg 768w, http:\/\/santaceciliadelgrao.com\/wp-content\/uploads\/2023\/01\/WhatsApp-Image-2023-01-16-at-12.26.35-1334x1536.jpeg 1334w, http:\/\/santaceciliadelgrao.com\/wp-content\/uploads\/2023\/01\/WhatsApp-Image-2023-01-16-at-12.26.35-1024x1179.jpeg 1024w, http:\/\/santaceciliadelgrao.com\/wp-content\/uploads\/2023\/01\/WhatsApp-Image-2023-01-16-at-12.26.35-938x1080.jpeg 938w, http:\/\/santaceciliadelgrao.com\/wp-content\/uploads\/2023\/01\/WhatsApp-Image-2023-01-16-at-12.26.35.jpeg 1390w\" sizes=\"auto, (max-width: 890px) 100vw, 890px\" \/><\/figure><div class=\"wp-block-media-text__content\">\n<p>Natural de Burjassot, \u00e9s professor de Sax\u00f2fon pel Conservatori Superior de M\u00fasica de Navarra. En la seua formaci\u00f3 compta amb un m\u00e0ster universitari en Desenvolupament de les Capacitats Musicals, un m\u00e0ster en Gesti\u00f3 de Projectes i Espais Culturals i el m\u00e0ster universitari de Professor d&#8217;Educaci\u00f3 Secund\u00e0ria. Compta amb una \u00e0mplia experi\u00e8ncia de quasi 20 anys com a professor de Sax\u00f2fon, Llenguatge Musical i Conjunt Instrumental en diferents escoles de m\u00fasica i conservatoris, durant les seues dos etapes professionals a Pamplona i Val\u00e8ncia.<\/p>\n\n\n\n<p>Actualment \u00e9s director i responsable dels projectes educatius de l&#8217;Escola de M\u00fasica Santa Cec\u00edlia del Grau, on fa classe de Sax\u00f3fon, Llenguatge Musical i dirigix la Banda S\u00e8nior. A m\u00e9s, \u00e9s professor de Sax\u00f2fon i Llenguatge Musical a l&#8217;Escola de M\u00fasica Los Silos de Burjassot i \u00e9s el director art\u00edstic de l&#8217;Agrupaci\u00f3 Musical de Massarrojos. <\/p>\n<\/div><\/div>\n","protected":false},"excerpt":{"rendered":"<p>Adri\u00e0 S\u00e1nchez Castell\u00f3&nbsp;&nbsp; Director de l&#8217;Escola, director de la banda s\u00e8nior i professor de Llenguatge Musical Natural de Burjassot, \u00e9s professor de Sax\u00f2fon pel Conservatori Superior de M\u00fasica de Navarra. En la seua formaci\u00f3 compta amb un m\u00e0ster universitari en Desenvolupament de les Capacitats Musicals, un m\u00e0ster en Gesti\u00f3 de Projectes i Espais Culturals i&hellip; <br \/> <a class=\"button small blue\" href=\"http:\/\/santaceciliadelgrao.com\/?page_id=2437\">Read more<\/a><\/p>\n","protected":false},"author":1,"featured_media":0,"parent":0,"menu_order":0,"comment_status":"closed","ping_status":"closed","template":"","meta":{"footnotes":""},"class_list":["post-2437","page","type-page","status-publish","hentry"],"_links":{"self":[{"href":"http:\/\/santaceciliadelgrao.com\/index.php?rest_route=\/wp\/v2\/pages\/2437","targetHints":{"allow":["GET"]}}],"collection":[{"href":"http:\/\/santaceciliadelgrao.com\/index.php?rest_route=\/wp\/v2\/pages"}],"about":[{"href":"http:\/\/santaceciliadelgrao.com\/index.php?rest_route=\/wp\/v2\/types\/page"}],"author":[{"embeddable":true,"href":"http:\/\/santaceciliadelgrao.com\/index.php?rest_route=\/wp\/v2\/users\/1"}],"replies":[{"embeddable":true,"href":"http:\/\/santaceciliadelgrao.com\/index.php?rest_route=%2Fwp%2Fv2%2Fcomments&post=2437"}],"version-history":[{"count":6,"href":"http:\/\/santaceciliadelgrao.com\/index.php?rest_route=\/wp\/v2\/pages\/2437\/revisions"}],"predecessor-version":[{"id":4278,"href":"http:\/\/santaceciliadelgrao.com\/index.php?rest_route=\/wp\/v2\/pages\/2437\/revisions\/4278"}],"wp:attachment":[{"href":"http:\/\/santaceciliadelgrao.com\/index.php?rest_route=%2Fwp%2Fv2%2Fmedia&parent=2437"}],"curies":[{"name":"wp","href":"https:\/\/api.w.org\/{rel}","templated":true}]}}