{"id":2435,"date":"2022-11-16T13:56:28","date_gmt":"2022-11-16T13:56:28","guid":{"rendered":"http:\/\/santaceciliadelgrao.com\/?page_id=2435"},"modified":"2026-03-24T13:21:14","modified_gmt":"2026-03-24T13:21:14","slug":"el-nostre-professorat","status":"publish","type":"page","link":"http:\/\/santaceciliadelgrao.com\/?page_id=2435","title":{"rendered":"El nostre professorat"},"content":{"rendered":"\n<p class=\"has-text-align-center has-black-color has-text-color has-background has-medium-font-size\" style=\"background-color:#a78cbd4f\"><strong>Coneix millor els professors i professores de l&#8217;escola.<\/strong><\/p>\n\n\n\n<div class=\"wp-block-columns is-layout-flex wp-container-core-columns-is-layout-9d6595d7 wp-block-columns-is-layout-flex\">\n<div class=\"wp-block-column is-layout-flow wp-block-column-is-layout-flow\" style=\"flex-basis:100%\">\n<div class=\"wp-block-columns is-layout-flex wp-container-core-columns-is-layout-9d6595d7 wp-block-columns-is-layout-flex\">\n<div class=\"wp-block-column is-layout-flow wp-block-column-is-layout-flow\"><div class=\"wp-block-image\">\n<figure class=\"aligncenter size-full is-resized\"><a href=\"http:\/\/santaceciliadelgrao.com\/?page_id=2437\" target=\"_blank\" rel=\" noreferrer noopener\"><img loading=\"lazy\" decoding=\"async\" width=\"588\" height=\"842\" src=\"http:\/\/santaceciliadelgrao.com\/wp-content\/uploads\/2026\/03\/55.png\" alt=\"\" class=\"wp-image-4339\" style=\"aspect-ratio:0.6983393731830672;width:223px;height:auto\" srcset=\"http:\/\/santaceciliadelgrao.com\/wp-content\/uploads\/2026\/03\/55.png 588w, http:\/\/santaceciliadelgrao.com\/wp-content\/uploads\/2026\/03\/55-210x300.png 210w\" sizes=\"auto, (max-width: 588px) 100vw, 588px\" \/><\/a><figcaption class=\"wp-element-caption\"><strong>Adri\u00e0 S\u00e1nchez Castell\u00f3<\/strong> <br><em>Director de l&#8217;Escola, professor de Llenguatge Musical<\/em>, <em>Sax\u00f2fon i director de la banda s\u00e8nior<\/em><\/figcaption><\/figure>\n<\/div><\/div>\n\n\n\n<div class=\"wp-block-column is-layout-flow wp-block-column-is-layout-flow\"><div class=\"wp-block-image\">\n<figure class=\"aligncenter size-full is-resized\"><a href=\"http:\/\/santaceciliadelgrao.com\/?page_id=3188\" target=\"_blank\" rel=\" noreferrer noopener\"><img loading=\"lazy\" decoding=\"async\" width=\"328\" height=\"411\" src=\"http:\/\/santaceciliadelgrao.com\/wp-content\/uploads\/2026\/03\/mario2-1.png\" alt=\"\" class=\"wp-image-4309\" style=\"aspect-ratio:0.7980703590770492;width:255px;height:auto\" srcset=\"http:\/\/santaceciliadelgrao.com\/wp-content\/uploads\/2026\/03\/mario2-1.png 328w, http:\/\/santaceciliadelgrao.com\/wp-content\/uploads\/2026\/03\/mario2-1-239x300.png 239w\" sizes=\"auto, (max-width: 328px) 100vw, 328px\" \/><\/a><figcaption class=\"wp-element-caption\"><strong>Mario Sevilla<\/strong><br><em>Director de la banda escolar, director del cor SCG i professor de tuba i bombard\u00ed<\/em><\/figcaption><\/figure>\n<\/div><\/div>\n\n\n\n<div class=\"wp-block-column is-layout-flow wp-block-column-is-layout-flow\"><div class=\"wp-block-image\">\n<figure class=\"aligncenter size-full is-resized\"><a href=\"http:\/\/santaceciliadelgrao.com\/?page_id=2657\" target=\"_blank\" rel=\" noreferrer noopener\"><img loading=\"lazy\" decoding=\"async\" width=\"291\" height=\"399\" src=\"http:\/\/santaceciliadelgrao.com\/wp-content\/uploads\/2026\/03\/raul-1.png\" alt=\"\" class=\"wp-image-4314\" style=\"aspect-ratio:0.7293295624688072;width:233px;height:auto\" srcset=\"http:\/\/santaceciliadelgrao.com\/wp-content\/uploads\/2026\/03\/raul-1.png 291w, http:\/\/santaceciliadelgrao.com\/wp-content\/uploads\/2026\/03\/raul-1-219x300.png 219w\" sizes=\"auto, (max-width: 291px) 100vw, 291px\" \/><\/a><figcaption class=\"wp-element-caption\"><strong>Ra\u00fal Carrasco Cervera&nbsp;<\/strong><br><em>Director del conjunt instrumental i professor de Trompeta i Llenguatge Musical <\/em><\/figcaption><\/figure>\n<\/div><\/div>\n<\/div>\n<\/div>\n<\/div>\n\n\n\n<div class=\"wp-block-columns is-layout-flex wp-container-core-columns-is-layout-9d6595d7 wp-block-columns-is-layout-flex\">\n<div class=\"wp-block-column is-layout-flow wp-block-column-is-layout-flow\"><div class=\"wp-block-image\">\n<figure class=\"aligncenter size-full is-resized\"><a href=\"http:\/\/santaceciliadelgrao.com\/?page_id=4359\" target=\"_blank\" rel=\" noreferrer noopener\"><img loading=\"lazy\" decoding=\"async\" width=\"280\" height=\"473\" src=\"http:\/\/santaceciliadelgrao.com\/wp-content\/uploads\/2026\/03\/Captura-de-pantalla-2026-03-23-131614.png\" alt=\"\" class=\"wp-image-4323\" style=\"aspect-ratio:0.6960616438356164;width:180px;height:auto\" srcset=\"http:\/\/santaceciliadelgrao.com\/wp-content\/uploads\/2026\/03\/Captura-de-pantalla-2026-03-23-131614.png 280w, http:\/\/santaceciliadelgrao.com\/wp-content\/uploads\/2026\/03\/Captura-de-pantalla-2026-03-23-131614-178x300.png 178w\" sizes=\"auto, (max-width: 280px) 100vw, 280px\" \/><\/a><figcaption class=\"wp-element-caption\"><strong>Neus Gurrea Villarreal&nbsp;<\/strong><br><em>Professora de Flauta <\/em><br><\/figcaption><\/figure>\n<\/div><\/div>\n\n\n\n<div class=\"wp-block-column is-layout-flow wp-block-column-is-layout-flow\"><div class=\"wp-block-image\">\n<figure class=\"aligncenter size-full is-resized\"><a href=\"http:\/\/santaceciliadelgrao.com\/?page_id=2487\" target=\"_blank\" rel=\" noreferrer noopener\"><img loading=\"lazy\" decoding=\"async\" width=\"391\" height=\"610\" src=\"http:\/\/santaceciliadelgrao.com\/wp-content\/uploads\/2026\/03\/ines-2-4.png\" alt=\"\" class=\"wp-image-4317\" style=\"aspect-ratio:0.6410092150002464;width:170px;height:auto\" srcset=\"http:\/\/santaceciliadelgrao.com\/wp-content\/uploads\/2026\/03\/ines-2-4.png 391w, http:\/\/santaceciliadelgrao.com\/wp-content\/uploads\/2026\/03\/ines-2-4-192x300.png 192w\" sizes=\"auto, (max-width: 391px) 100vw, 391px\" \/><\/a><figcaption class=\"wp-element-caption\">      <strong>In\u00e9s Cabo Mur<\/strong> <br> <em>Professora de Clarinet<\/em><\/figcaption><\/figure>\n<\/div>\n\n\n<\/p>\n<\/div>\n\n\n\n<div class=\"wp-block-column is-layout-flow wp-block-column-is-layout-flow\"><div class=\"wp-block-image\">\n<figure class=\"aligncenter size-medium is-resized\"><a href=\"http:\/\/santaceciliadelgrao.com\/?page_id=2619\" target=\"_blank\" rel=\"noreferrer noopener\"><img loading=\"lazy\" decoding=\"async\" width=\"248\" height=\"300\" src=\"http:\/\/santaceciliadelgrao.com\/wp-content\/uploads\/2023\/10\/WhatsApp-Image-2023-10-30-at-10.10.59-248x300.jpeg\" alt=\"\" class=\"wp-image-3327\" style=\"aspect-ratio:0.7186440677966102;width:192px;height:auto\" srcset=\"http:\/\/santaceciliadelgrao.com\/wp-content\/uploads\/2023\/10\/WhatsApp-Image-2023-10-30-at-10.10.59-248x300.jpeg 248w, http:\/\/santaceciliadelgrao.com\/wp-content\/uploads\/2023\/10\/WhatsApp-Image-2023-10-30-at-10.10.59-768x927.jpeg 768w, http:\/\/santaceciliadelgrao.com\/wp-content\/uploads\/2023\/10\/WhatsApp-Image-2023-10-30-at-10.10.59.jpeg 848w\" sizes=\"auto, (max-width: 248px) 100vw, 248px\" \/><\/a><figcaption class=\"wp-element-caption\"><strong>Nuria Moll\u00e1 Garc\u00eda&nbsp;<\/strong><br><em>Professora d&#8217;Obo\u00e9 i Llenguatge Musical<\/em><\/figcaption><\/figure>\n<\/div><\/div>\n\n\n\n<div class=\"wp-block-column is-layout-flow wp-block-column-is-layout-flow\"><div class=\"wp-block-image\">\n<figure class=\"aligncenter size-full is-resized\"><a href=\"http:\/\/santaceciliadelgrao.com\/?page_id=2664\" target=\"_blank\" rel=\"noreferrer noopener\"><img loading=\"lazy\" decoding=\"async\" width=\"709\" height=\"808\" src=\"http:\/\/santaceciliadelgrao.com\/wp-content\/uploads\/2022\/11\/Hector-Juan.png\" alt=\"\" class=\"wp-image-2530\" style=\"aspect-ratio:0.8797250859106529;width:193px;height:auto\" srcset=\"http:\/\/santaceciliadelgrao.com\/wp-content\/uploads\/2022\/11\/Hector-Juan.png 709w, http:\/\/santaceciliadelgrao.com\/wp-content\/uploads\/2022\/11\/Hector-Juan-263x300.png 263w\" sizes=\"auto, (max-width: 709px) 100vw, 709px\" \/><\/a><figcaption class=\"wp-element-caption\"><strong>H\u00e9ctor Juan Albarrac\u00edn<\/strong><br><em>Professor de Sax\u00f2fon<\/em> <em>i Llenguatge Musical<\/em><br><\/figcaption><\/figure>\n<\/div><\/div>\n<\/div>\n\n\n\n<div class=\"wp-block-columns is-layout-flex wp-container-core-columns-is-layout-9d6595d7 wp-block-columns-is-layout-flex\">\n<div class=\"wp-block-column is-layout-flow wp-block-column-is-layout-flow\"><div class=\"wp-block-image\">\n<figure class=\"aligncenter size-full is-resized\"><a href=\"http:\/\/santaceciliadelgrao.com\/?page_id=2579\" target=\"_blank\" rel=\"noreferrer noopener\"><img loading=\"lazy\" decoding=\"async\" width=\"129\" height=\"151\" src=\"http:\/\/santaceciliadelgrao.com\/wp-content\/uploads\/2022\/11\/Alba-Gimenez-1.png\" alt=\"\" class=\"wp-image-2505\" style=\"aspect-ratio:0.7008620689655173;width:182px;height:auto\"\/><\/a><figcaption class=\"wp-element-caption\"><strong>Alba Gim\u00e9nez Nogu\u00e9s&nbsp;<\/strong><br><em>Professora de Violoncel i Llenguatge Musical<\/em><br><br><\/figcaption><\/figure>\n<\/div><\/div>\n\n\n\n<div class=\"wp-block-column is-layout-flow wp-block-column-is-layout-flow\"><div class=\"wp-block-image\">\n<figure class=\"aligncenter size-full is-resized\"><a href=\"http:\/\/santaceciliadelgrao.com\/?page_id=3413\" target=\"_blank\" rel=\"noreferrer noopener\"><img loading=\"lazy\" decoding=\"async\" width=\"307\" height=\"480\" src=\"http:\/\/santaceciliadelgrao.com\/wp-content\/uploads\/2023\/11\/Captura-de-pantalla-2023-11-22-134807.png\" alt=\"\" class=\"wp-image-3414\" style=\"aspect-ratio:0.6395851339671564;width:164px;height:auto\" srcset=\"http:\/\/santaceciliadelgrao.com\/wp-content\/uploads\/2023\/11\/Captura-de-pantalla-2023-11-22-134807.png 307w, http:\/\/santaceciliadelgrao.com\/wp-content\/uploads\/2023\/11\/Captura-de-pantalla-2023-11-22-134807-192x300.png 192w\" sizes=\"auto, (max-width: 307px) 100vw, 307px\" \/><\/a><figcaption class=\"wp-element-caption\"><strong>Iv\u00e1n Gregorio<\/strong>                  <br><em>Professor de Viol\u00ed, Viola i Conjunt instrumental<\/em><\/figcaption><\/figure>\n<\/div><\/div>\n\n\n\n<div class=\"wp-block-column is-layout-flow wp-block-column-is-layout-flow\"><div class=\"wp-block-image\">\n<figure class=\"aligncenter size-full is-resized\"><a href=\"http:\/\/santaceciliadelgrao.com\/?page_id=2636\" target=\"_blank\" rel=\"noreferrer noopener\"><img loading=\"lazy\" decoding=\"async\" width=\"111\" height=\"159\" src=\"http:\/\/santaceciliadelgrao.com\/wp-content\/uploads\/2022\/11\/Isabel-Barea.png\" alt=\"\" class=\"wp-image-2512\" style=\"aspect-ratio:0.6936860068259386;width:188px;height:auto\"\/><\/a><figcaption class=\"wp-element-caption\"><strong>Isabel Barea Gil&nbsp;<\/strong><br><em>Professora de Piano, Cant i Cor Escolar&nbsp;<\/em><br><br><\/figcaption><\/figure>\n<\/div><\/div>\n\n\n\n<div class=\"wp-block-column is-layout-flow wp-block-column-is-layout-flow\"><div class=\"wp-block-image\">\n<figure class=\"aligncenter size-full is-resized\"><a href=\"http:\/\/santaceciliadelgrao.com\/?page_id=2549\" target=\"_blank\" rel=\" noreferrer noopener\"><img loading=\"lazy\" decoding=\"async\" width=\"466\" height=\"506\" src=\"http:\/\/santaceciliadelgrao.com\/wp-content\/uploads\/2026\/03\/Carlos-1.jpg\" alt=\"\" class=\"wp-image-4264\" style=\"aspect-ratio:0.6936860068259386;width:187px;height:auto\" srcset=\"http:\/\/santaceciliadelgrao.com\/wp-content\/uploads\/2026\/03\/Carlos-1.jpg 466w, http:\/\/santaceciliadelgrao.com\/wp-content\/uploads\/2026\/03\/Carlos-1-276x300.jpg 276w\" sizes=\"auto, (max-width: 466px) 100vw, 466px\" \/><\/a><figcaption class=\"wp-element-caption\"><strong>Carlos Ribes Verdejo<\/strong><br><em>Professor de Guitarra&nbsp;<\/em><br><\/figcaption><\/figure>\n<\/div><\/div>\n<\/div>\n\n\n\n<div class=\"wp-block-columns is-layout-flex wp-container-core-columns-is-layout-9d6595d7 wp-block-columns-is-layout-flex\">\n<div class=\"wp-block-column is-layout-flow wp-block-column-is-layout-flow\"><div class=\"wp-block-image\">\n<figure class=\"aligncenter size-full is-resized\"><a href=\"http:\/\/santaceciliadelgrao.com\/?page_id=4365\" target=\"_blank\" rel=\" noreferrer noopener\"><img loading=\"lazy\" decoding=\"async\" width=\"157\" height=\"148\" src=\"http:\/\/santaceciliadelgrao.com\/wp-content\/uploads\/2026\/03\/descarga-1.png\" alt=\"\" class=\"wp-image-4377\" style=\"aspect-ratio:0.6984536082474226;width:189px;height:auto\"\/><\/a><figcaption class=\"wp-element-caption\"><strong>Jorge Edo<\/strong> <strong>Aznar<\/strong><br><em>Professor de Percussi\u00f3&nbsp;<\/em><br><br><\/figcaption><\/figure>\n<\/div><\/div>\n\n\n\n<div class=\"wp-block-column is-layout-flow wp-block-column-is-layout-flow\"><div class=\"wp-block-image\">\n<figure class=\"aligncenter size-full is-resized\"><a href=\"http:\/\/santaceciliadelgrao.com\/?page_id=2629\" target=\"_blank\" rel=\"noreferrer noopener\"><img loading=\"lazy\" decoding=\"async\" width=\"152\" height=\"203\" src=\"http:\/\/santaceciliadelgrao.com\/wp-content\/uploads\/2022\/11\/Amparo-Lagura.jpg\" alt=\"\" class=\"wp-image-2522\" style=\"aspect-ratio:0.6936860068259386;width:189px;height:auto\"\/><\/a><figcaption class=\"wp-element-caption\"><strong>Amparo Lagunas Valero&nbsp;<\/strong><br><em>Professora de Trompa, M\u00fasica i Moviment, Llenguatge Musical i Cultura Musical&nbsp;<\/em><\/figcaption><\/figure>\n<\/div><\/div>\n\n\n\n<div class=\"wp-block-column is-layout-flow wp-block-column-is-layout-flow\"><div class=\"wp-block-image\">\n<figure class=\"aligncenter size-full is-resized\"><a href=\"http:\/\/santaceciliadelgrao.com\/?page_id=2573\" target=\"_blank\" rel=\" noreferrer noopener\"><img loading=\"lazy\" decoding=\"async\" width=\"406\" height=\"526\" src=\"http:\/\/santaceciliadelgrao.com\/wp-content\/uploads\/2026\/03\/claudia2-1.png\" alt=\"\" class=\"wp-image-4318\" style=\"aspect-ratio:0.6545936395759717;width:177px;height:auto\" srcset=\"http:\/\/santaceciliadelgrao.com\/wp-content\/uploads\/2026\/03\/claudia2-1.png 406w, http:\/\/santaceciliadelgrao.com\/wp-content\/uploads\/2026\/03\/claudia2-1-232x300.png 232w\" sizes=\"auto, (max-width: 406px) 100vw, 406px\" \/><\/a><figcaption class=\"wp-element-caption\"><strong>Claudia Mart\u00ednez Gonz\u00e1lez&nbsp;<\/strong><br><em>Professora de Sensibilitzaci\u00f3 i M\u00fasica i Moviment&nbsp;<\/em><\/figcaption><\/figure>\n<\/div><\/div>\n\n\n\n<div class=\"wp-block-column is-layout-flow wp-block-column-is-layout-flow\"><div class=\"wp-block-image\">\n<figure class=\"aligncenter size-full is-resized\"><a href=\"http:\/\/santaceciliadelgrao.com\/?page_id=2560\" target=\"_blank\" rel=\"noreferrer noopener\"><img loading=\"lazy\" decoding=\"async\" width=\"152\" height=\"210\" src=\"http:\/\/santaceciliadelgrao.com\/wp-content\/uploads\/2022\/11\/Paula-Arbaiza.jpg\" alt=\"\" class=\"wp-image-2523\" style=\"aspect-ratio:0.6545936395759717;width:172px;height:auto\"\/><\/a><figcaption class=\"wp-element-caption\"><strong><strong>Paula Arbaiza Balaguer&nbsp;<\/strong><br><\/strong><em>Professora de M\u00fasica i Moviment<\/em><strong><br><\/strong><br><\/figcaption><\/figure>\n<\/div><\/div>\n<\/div>\n\n\n\n<div class=\"wp-block-columns is-layout-flex wp-container-core-columns-is-layout-9d6595d7 wp-block-columns-is-layout-flex\">\n<div class=\"wp-block-column is-layout-flow wp-block-column-is-layout-flow\"><\/div>\n\n\n\n<div class=\"wp-block-column is-layout-flow wp-block-column-is-layout-flow\"><\/div>\n\n\n\n<div class=\"wp-block-column is-layout-flow wp-block-column-is-layout-flow\"><\/div>\n<\/div>\n","protected":false},"excerpt":{"rendered":"<p>Coneix millor els professors i professores de l&#8217;escola.<\/p>\n","protected":false},"author":1,"featured_media":0,"parent":0,"menu_order":0,"comment_status":"closed","ping_status":"closed","template":"","meta":{"footnotes":""},"class_list":["post-2435","page","type-page","status-publish","hentry"],"_links":{"self":[{"href":"http:\/\/santaceciliadelgrao.com\/index.php?rest_route=\/wp\/v2\/pages\/2435","targetHints":{"allow":["GET"]}}],"collection":[{"href":"http:\/\/santaceciliadelgrao.com\/index.php?rest_route=\/wp\/v2\/pages"}],"about":[{"href":"http:\/\/santaceciliadelgrao.com\/index.php?rest_route=\/wp\/v2\/types\/page"}],"author":[{"embeddable":true,"href":"http:\/\/santaceciliadelgrao.com\/index.php?rest_route=\/wp\/v2\/users\/1"}],"replies":[{"embeddable":true,"href":"http:\/\/santaceciliadelgrao.com\/index.php?rest_route=%2Fwp%2Fv2%2Fcomments&post=2435"}],"version-history":[{"count":70,"href":"http:\/\/santaceciliadelgrao.com\/index.php?rest_route=\/wp\/v2\/pages\/2435\/revisions"}],"predecessor-version":[{"id":4384,"href":"http:\/\/santaceciliadelgrao.com\/index.php?rest_route=\/wp\/v2\/pages\/2435\/revisions\/4384"}],"wp:attachment":[{"href":"http:\/\/santaceciliadelgrao.com\/index.php?rest_route=%2Fwp%2Fv2%2Fmedia&parent=2435"}],"curies":[{"name":"wp","href":"https:\/\/api.w.org\/{rel}","templated":true}]}}