{"id":169,"date":"2018-03-01T19:50:34","date_gmt":"2018-03-01T19:50:34","guid":{"rendered":"http:\/\/santaceciliadelgrao.com\/?page_id=169"},"modified":"2025-04-30T10:13:12","modified_gmt":"2025-04-30T10:13:12","slug":"banda-juvenil-2","status":"publish","type":"page","link":"http:\/\/santaceciliadelgrao.com\/?page_id=169","title":{"rendered":"BANDA ESCOLAR"},"content":{"rendered":"\n<p>El 1994 va n\u00e0ixer la banda juvenil i d&#8217;educands amb la finalitat de formar l&#8217;alumnat de l&#8217;escola de cara a la seua futura incorporaci\u00f3 a la banda titular.<\/p>\n\n\n\n<p>Al llarg de la seua traject\u00f2ria ha participat en nombrosos concerts acompanyant la banda titular en els actes de la societat i, a m\u00e9s, ha participat en festivals de bandes juvenils, com el Festival Comarcal de Bandes Juvenils celebrat en el Palau de M\u00fasica els anys 2006 i 2007, i els intercanvis amb les bandes juvenils de Sant Antoni de Benaixeve, Massanassa i Massamagrell.<\/p>\n\n\n\n<p class=\"has-text-align-left\">Va participar en el cicle de concerts en commemoraci\u00f3 del 30 aniversari de la Coordinadora de Societats Musicals Federades de la ciutat de Val\u00e8ncia celebrat al Palau de la M\u00fasica, i el 2015 va participar en el Certamen de Bandes Juvenils de Beniarr\u00e9s (Alacant) on va obtindre&nbsp;el&nbsp;2n premi.<\/p>\n\n\n\n<p>Al desembre de 2021 va participar tamb\u00e9 en la <strong>44 edici\u00f3 del Certamen de Bandes de la Diputaci\u00f3 de Val\u00e8ncia<\/strong> celebrat al Palau de les Arts en una formaci\u00f3 integrada per m\u00fasics i m\u00fasiques de la banda juvenil i de la banda titular que es va presentar com a <strong>Banda Jove de l&#8217;AM SCG<\/strong>, on tamb\u00e9 es va al\u00e7ar amb un segon premi. <span style=\"font-size: revert; color: initial;\">\u00daltimament, en les edicions 2021 i 2022, la banda escolar ha representat l&#8217;agrupaci\u00f3 en els Concerts d&#8217;Intercanvi que organitza la FSMCV juntament amb la GVA, i participa tot els anys en el tradicional concert de Santa Cec\u00edlia, a m\u00e9s d&#8217;oferir diversos concerts\/audicions al llarg del curs escolar.<\/span><\/p>\n\n\n\n<p>Actualment la nostra banda escolar continua formant-se sota la batuta d\u2019<strong>Elena Sim\u00f3n Agudo<\/strong>, directora titular, i compta amb una plantilla de m\u00e9s de 30 educands.<\/p>\n\n\n\n<p>Hi ha sessions que combinen classe i assajos tots els dijous de 20 a 21:30 h.<\/p>\n\n\n\n<figure class=\"wp-block-image size-large\"><img loading=\"lazy\" decoding=\"async\" width=\"1024\" height=\"768\" src=\"http:\/\/santaceciliadelgrao.com\/wp-content\/uploads\/2025\/04\/WhatsApp-Image-2025-04-03-at-19.25.02-1024x768.jpeg\" alt=\"\" class=\"wp-image-3890\" srcset=\"http:\/\/santaceciliadelgrao.com\/wp-content\/uploads\/2025\/04\/WhatsApp-Image-2025-04-03-at-19.25.02-1024x768.jpeg 1024w, http:\/\/santaceciliadelgrao.com\/wp-content\/uploads\/2025\/04\/WhatsApp-Image-2025-04-03-at-19.25.02-300x225.jpeg 300w, http:\/\/santaceciliadelgrao.com\/wp-content\/uploads\/2025\/04\/WhatsApp-Image-2025-04-03-at-19.25.02-768x576.jpeg 768w, http:\/\/santaceciliadelgrao.com\/wp-content\/uploads\/2025\/04\/WhatsApp-Image-2025-04-03-at-19.25.02-1536x1152.jpeg 1536w, http:\/\/santaceciliadelgrao.com\/wp-content\/uploads\/2025\/04\/WhatsApp-Image-2025-04-03-at-19.25.02-1440x1080.jpeg 1440w, http:\/\/santaceciliadelgrao.com\/wp-content\/uploads\/2025\/04\/WhatsApp-Image-2025-04-03-at-19.25.02.jpeg 1600w\" sizes=\"auto, (max-width: 1024px) 100vw, 1024px\" \/><\/figure>\n","protected":false},"excerpt":{"rendered":"<p>El 1994 va n\u00e0ixer la banda juvenil i d&#8217;educands amb la finalitat de formar l&#8217;alumnat de l&#8217;escola de cara a la seua futura incorporaci\u00f3 a la banda titular. Al llarg de la seua traject\u00f2ria ha participat en nombrosos concerts acompanyant la banda titular en els actes de la societat i, a m\u00e9s, ha participat en&hellip; <br \/> <a class=\"button small blue\" href=\"http:\/\/santaceciliadelgrao.com\/?page_id=169\">Read more<\/a><\/p>\n","protected":false},"author":1,"featured_media":0,"parent":0,"menu_order":0,"comment_status":"closed","ping_status":"closed","template":"","meta":{"footnotes":""},"class_list":["post-169","page","type-page","status-publish","hentry"],"_links":{"self":[{"href":"http:\/\/santaceciliadelgrao.com\/index.php?rest_route=\/wp\/v2\/pages\/169","targetHints":{"allow":["GET"]}}],"collection":[{"href":"http:\/\/santaceciliadelgrao.com\/index.php?rest_route=\/wp\/v2\/pages"}],"about":[{"href":"http:\/\/santaceciliadelgrao.com\/index.php?rest_route=\/wp\/v2\/types\/page"}],"author":[{"embeddable":true,"href":"http:\/\/santaceciliadelgrao.com\/index.php?rest_route=\/wp\/v2\/users\/1"}],"replies":[{"embeddable":true,"href":"http:\/\/santaceciliadelgrao.com\/index.php?rest_route=%2Fwp%2Fv2%2Fcomments&post=169"}],"version-history":[{"count":28,"href":"http:\/\/santaceciliadelgrao.com\/index.php?rest_route=\/wp\/v2\/pages\/169\/revisions"}],"predecessor-version":[{"id":3896,"href":"http:\/\/santaceciliadelgrao.com\/index.php?rest_route=\/wp\/v2\/pages\/169\/revisions\/3896"}],"wp:attachment":[{"href":"http:\/\/santaceciliadelgrao.com\/index.php?rest_route=%2Fwp%2Fv2%2Fmedia&parent=169"}],"curies":[{"name":"wp","href":"https:\/\/api.w.org\/{rel}","templated":true}]}}