{"id":167,"date":"2018-03-01T19:49:52","date_gmt":"2018-03-01T19:49:52","guid":{"rendered":"http:\/\/santaceciliadelgrao.com\/?page_id=167"},"modified":"2023-06-07T09:02:55","modified_gmt":"2023-06-07T09:02:55","slug":"cor","status":"publish","type":"page","link":"http:\/\/santaceciliadelgrao.com\/?page_id=167","title":{"rendered":"COR SCG"},"content":{"rendered":"<p><span style=\"font-weight: 400;\"><img loading=\"lazy\" decoding=\"async\" class=\"alignnone size-full wp-image-2403\" src=\"http:\/\/santaceciliadelgrao.com\/wp-content\/uploads\/2022\/10\/WhatsApp-Image-2022-09-23-at-19.03.57-e1666537228261.jpeg\" alt=\"\" width=\"1024\" height=\"386\" srcset=\"http:\/\/santaceciliadelgrao.com\/wp-content\/uploads\/2022\/10\/WhatsApp-Image-2022-09-23-at-19.03.57-e1666537228261.jpeg 1024w, http:\/\/santaceciliadelgrao.com\/wp-content\/uploads\/2022\/10\/WhatsApp-Image-2022-09-23-at-19.03.57-e1666537228261-300x113.jpeg 300w, http:\/\/santaceciliadelgrao.com\/wp-content\/uploads\/2022\/10\/WhatsApp-Image-2022-09-23-at-19.03.57-e1666537228261-768x290.jpeg 768w\" sizes=\"auto, (max-width: 1024px) 100vw, 1024px\" \/><\/span><\/p>\n<p><span style=\"font-weight: 400;\">L&#8217;any 1998, un grup de directius, socis i s\u00f2cies, pares i mares d\u2019alumnes de l\u2019escola de m\u00fasica, familiars i amics, van decidir reunir-se per a cantar unes nadales en el concert de Nadal sota la direcci\u00f3 de Gemma Garc\u00eda Cebri\u00e1n, m\u00fasica de l\u2019Agrupaci\u00f3 Musical Santa Cec\u00edlia del Grau. Esta idea va continuar i el cor va seguir cantant any rere any en cada concert de Nadal. La Directiva va voler consolidar i donar continu\u00eftat a la formaci\u00f3 coral i, per aix\u00f2, va decidir convertir-la en una agrupaci\u00f3 permanent, amb assajos setmanals i amb m\u00e9s actuacions a banda de la de Nadal.<\/span><\/p>\n<p><span style=\"font-weight: 400;\">Aix\u00ed, al febrer de 2006 es va celebrar el primer assaig d\u2019esta nova agrupaci\u00f3, amb\u00a0 Eva M. Fayos Blanes i Joaqu\u00edn Calatayud Llobregat, tots dos m\u00fasics de l\u2019agrupaci\u00f3, que es van encarregar conjuntament de la direcci\u00f3. De seguida es van posar a treballar i van invitar tots els socis, s\u00f2cies i simpatitzants de la societat musical a formar part del cor. Esta iniciativa va tindre una excel\u00b7lent acollida que, a m\u00e9s, va atraure nous socis.<\/span><\/p>\n<p><span style=\"font-weight: 400;\">En molt poc de temps es va consolidar un magn\u00edfic grup hum\u00e0, que amb molt\u00edssima il\u00b7lusi\u00f3, esfor\u00e7 i ganes de treballar per la m\u00fasica van fer que el cor tinguera un futur prometedor.<\/span><\/p>\n<p><span style=\"font-weight: 400;\">Transit\u00f2riament, l\u2019any 2010, va assumir la direcci\u00f3 Julia Ruiz Castell, a la qual va seguir de nou Eva M. Fayos fins al 2014. A partir d\u2019eixe any, fins a l\u2019estiu de 2022, han dirigit el cor Mar\u00eda Cuenca Juan i Daniel Monteagudo Garc\u00eda. Des de setembre de 2022 \u00e9s <\/span><b>directora del cor<\/b> <b>Miriam N\u00fa\u00f1ez Chapi<\/b><span style=\"font-weight: 400;\">.<\/span><\/p>\n<p><span style=\"font-weight: 400;\">Al llarg de tots estos anys la coral ha participat en innombrables trobades, cicles i concerts. La primera actuaci\u00f3 va ser el concert de clausura de la Setmana Cultural de la nostra agrupaci\u00f3 al juny de 2006. Des d\u2019eixe moment ha realitzat actuacions en la setmana de festes de Santa Cec\u00edlia i en Nadal, on ha compartit el protagonisme amb la banda titular i la juvenil.\u00a0<\/span><\/p>\n<p><span style=\"font-weight: 400;\">Cal destacar la seua participaci\u00f3 en cicles d\u2019intercanvi de corals a Natzaret, Picanya, Patraix i Benimaclet, aix\u00ed com la participaci\u00f3 durant diversos anys en el Festival \u00c1frica Grita i el concert que va oferir al Palau de la M\u00fasica al setembre de 2014. Tamb\u00e9 ha sigut invitat a cantar en diverses trobades corals a Alfara de la Baronia i a Borriana, i ha participat en el Programa d\u2019activitats comarcals amb un concert en els Jardins d\u2019Eivissa, en el Dia Internacional de la M\u00fasica de 2016. A m\u00e9s, organitza des de fa uns anys el festival de cors en qu\u00e8 participen amb altres corals amigues.<\/span><\/p>\n<p><span style=\"font-weight: 400;\">Actualment, la coral est\u00e0 formada per 24 components als quals s\u2019unix ocasionalment el pianista i algun membre m\u00e9s de la banda titular. Els assajos es realitzen cada dimarts de 19:30 a 20:30 i divendres de 19:30 a 21:30 en el local d\u2019assajos de M\u00e9ndez N\u00fa\u00f1ez.<\/span><\/p>\n<p><img loading=\"lazy\" decoding=\"async\" class=\" wp-image-368 aligncenter\" src=\"http:\/\/santaceciliadelgrao.com\/wp-content\/uploads\/2018\/06\/IMG-20171107-WA0066-2-1.jpg\" alt=\"\" width=\"690\" height=\"460\" \/><\/p>\n<h2><\/h2>\n<h2 class=\"western\"><\/h2>\n","protected":false},"excerpt":{"rendered":"<p>L&#8217;any 1998, un grup de directius, socis i s\u00f2cies, pares i mares d\u2019alumnes de l\u2019escola de m\u00fasica, familiars i amics, van decidir reunir-se per a cantar unes nadales en el concert de Nadal sota la direcci\u00f3 de Gemma Garc\u00eda Cebri\u00e1n, m\u00fasica de l\u2019Agrupaci\u00f3 Musical Santa Cec\u00edlia del Grau. Esta idea va continuar i el cor&hellip; <br \/> <a class=\"button small blue\" href=\"http:\/\/santaceciliadelgrao.com\/?page_id=167\">Read more<\/a><\/p>\n","protected":false},"author":1,"featured_media":0,"parent":0,"menu_order":0,"comment_status":"closed","ping_status":"closed","template":"","meta":{"footnotes":""},"class_list":["post-167","page","type-page","status-publish","hentry"],"_links":{"self":[{"href":"http:\/\/santaceciliadelgrao.com\/index.php?rest_route=\/wp\/v2\/pages\/167","targetHints":{"allow":["GET"]}}],"collection":[{"href":"http:\/\/santaceciliadelgrao.com\/index.php?rest_route=\/wp\/v2\/pages"}],"about":[{"href":"http:\/\/santaceciliadelgrao.com\/index.php?rest_route=\/wp\/v2\/types\/page"}],"author":[{"embeddable":true,"href":"http:\/\/santaceciliadelgrao.com\/index.php?rest_route=\/wp\/v2\/users\/1"}],"replies":[{"embeddable":true,"href":"http:\/\/santaceciliadelgrao.com\/index.php?rest_route=%2Fwp%2Fv2%2Fcomments&post=167"}],"version-history":[{"count":10,"href":"http:\/\/santaceciliadelgrao.com\/index.php?rest_route=\/wp\/v2\/pages\/167\/revisions"}],"predecessor-version":[{"id":3047,"href":"http:\/\/santaceciliadelgrao.com\/index.php?rest_route=\/wp\/v2\/pages\/167\/revisions\/3047"}],"wp:attachment":[{"href":"http:\/\/santaceciliadelgrao.com\/index.php?rest_route=%2Fwp%2Fv2%2Fmedia&parent=167"}],"curies":[{"name":"wp","href":"https:\/\/api.w.org\/{rel}","templated":true}]}}