{"id":1504,"date":"2022-03-27T14:50:29","date_gmt":"2022-03-27T14:50:29","guid":{"rendered":"http:\/\/santaceciliadelgrao.com\/?page_id=1504"},"modified":"2026-04-15T07:03:23","modified_gmt":"2026-04-15T07:03:23","slug":"pagina-principal-2","status":"publish","type":"page","link":"http:\/\/santaceciliadelgrao.com\/?page_id=1504","title":{"rendered":"P\u00e1gina principal"},"content":{"rendered":"\n<div class=\"wp-block-columns is-layout-flex wp-container-core-columns-is-layout-9d6595d7 wp-block-columns-is-layout-flex\">\n<div class=\"wp-block-column is-layout-flow wp-block-column-is-layout-flow\" style=\"flex-basis:100%\">\n<h3 style=\"text-align: center;\">Os damos la bienvenida a Santa Cecilia del Grao!<\/h3>\n<p style=\"text-align: center;\"><span style=\"color: #333333;\">Somos una agrupaci\u00f3n musical que desde hace m\u00e1s de 40 a\u00f1os trabajamos para difundir la cultura musical dentro y fuera del barrio del Grau, entre nuestros socios y socias, vecindario y ciudadan\u00eda en general. Nuestra misi\u00f3n es hacer de la m\u00fasica un elemento vertebrador y cohesionador de la sociedad y, por eso, promovemos y fomentamos principalmente la formaci\u00f3n y la educaci\u00f3n mediante la ense\u00f1anza de la m\u00fasica a nuestro alumnado.<\/span><\/p>\n<\/div>\n<\/div>\n\n\n<h3>\u00a0<\/h3>\n<div id=\"overlapable-4\" class=\"features-overlapped-icons-section stripped-features-overlapped-icons-section\" style=\"background-color: #ffffff;\" data-label=\"Overlapable\" data-id=\"stripped-features-overlapped-icons-section\" data-category=\"overlapable\" data-overlap=\"true\">\n<div class=\"gridContainer\">\n<div class=\"features-overlapped-icons-featuresrow flexbox-list\" data-type=\"row\">\n<div class=\"features-large-icons-featcol cp3cols cp6cols-tablet\">\n<div class=\"features-overlapped-icons-featinnerrow\">\n<div class=\"\" data-type=\"column\">\n<h4 class=\"\">Escuela<\/h4>\n<p class=\"\"><img decoding=\"async\" class=\"custom-image\" src=\"http:\/\/santaceciliadelgrao.com\/wp-content\/uploads\/2022\/03\/Extras-e1663259806402.jpg\" alt=\"\" \/><\/p>\n<p><a class=\"\" href=\"http:\/\/santaceciliadelgrao.com?page_id=322#page-content\" target=\"_blank\" rel=\"noopener\">m\u00e1s informaci\u00f3n<\/a><\/p>\n<\/div>\n<\/div>\n<\/div>\n<div class=\"features-large-icons-featcol cp3cols cp6cols-tablet\">\n<div class=\"features-overlapped-icons-featinnerrow\">\n<div class=\"\" data-type=\"column\">\n<h4 class=\"\"><span style=\"font-size: revert; color: initial;\">Banda sinf\u00f3nica\u00a0<\/span><\/h4>\n<p class=\"\"><img decoding=\"async\" class=\"custom-image\" src=\"http:\/\/santaceciliadelgrao.com\/wp-content\/uploads\/2022\/03\/scg-albufera-e1647888292405.jpg\" alt=\"\" \/><\/p>\n<p><a class=\"\" href=\"http:\/\/santaceciliadelgrao.com?page_id=85#page-content\" target=\"_blank\" rel=\"noopener\">m\u00e1s informaci\u00f3n<\/a><\/p>\n<\/div>\n<\/div>\n<\/div>\n<div class=\"features-large-icons-featcol cp3cols cp6cols-tablet\">\n<div class=\"features-overlapped-icons-featinnerrow\">\n<div class=\"\" data-type=\"column\">\n<h4 class=\"\">Banda escolar<\/h4>\n<p class=\"\"><img decoding=\"async\" class=\"custom-image\" src=\"http:\/\/santaceciliadelgrao.com\/wp-content\/uploads\/2022\/09\/WhatsApp-Image-2022-09-15-at-18.50.08-e1663261019169.jpeg\" alt=\"\" \/><\/p>\n<p><a class=\"\" href=\"http:\/\/santaceciliadelgrao.com?page_id=60#page-content\" target=\"_blank\" rel=\"noopener\">m\u00e1s informaci\u00f3n<\/a><\/p>\n<\/div>\n<\/div>\n<\/div>\n<div class=\"features-large-icons-featcol cp3cols cp6cols-tablet\">\n<div class=\"features-overlapped-icons-featinnerrow\">\n<div class=\"\" data-type=\"column\">\n<h4 class=\"\">Coro<\/h4>\n<h4 class=\"\"><img loading=\"lazy\" decoding=\"async\" class=\"alignnone size-full wp-image-2419\" src=\"http:\/\/santaceciliadelgrao.com\/wp-content\/uploads\/2022\/10\/WhatsApp-Image-2022-09-23-at-19.03.57-2-2-e1666536431934.jpeg\" sizes=\"auto, (max-width: 977px) 100vw, 977px\" srcset=\"http:\/\/santaceciliadelgrao.com\/wp-content\/uploads\/2022\/10\/WhatsApp-Image-2022-09-23-at-19.03.57-2-2-e1666536431934.jpeg 977w, http:\/\/santaceciliadelgrao.com\/wp-content\/uploads\/2022\/10\/WhatsApp-Image-2022-09-23-at-19.03.57-2-2-e1666536431934-300x185.jpeg 300w, http:\/\/santaceciliadelgrao.com\/wp-content\/uploads\/2022\/10\/WhatsApp-Image-2022-09-23-at-19.03.57-2-2-e1666536431934-768x474.jpeg 768w\" alt=\"\" width=\"977\" height=\"603\" \/><\/h4>\n<p><a class=\"\" href=\"http:\/\/santaceciliadelgrao.com?page_id=61#page-content\" target=\"_blank\" rel=\"noopener\">m\u00e1s informaci\u00f3n<\/a><\/p>\n<\/div>\n<\/div>\n<\/div>\n<\/div>\n<\/div>\n<\/div>\n<div id=\"latest-posts\" class=\"blog-section\" style=\"background-color: #f6f6f6;\" data-label=\"Latest posts\" data-id=\"blog-section\" data-category=\"latest_news\">\n<div class=\"gridContainer\">\n<div class=\"blog-textrow\">\n<div class=\"blog-textcol dynamic-color\" data-type=\"column\">\n<h2 class=\"\">\u00daltimas noticias<\/h2>\n<\/div>\n<\/div>\n<div class=\"blog-postsrow dark-text\" data-type=\"row\" data-dynamic-columns=\"one_page_express_latest_news_columns\" data-content-shortcode=\"one_page_express_latest_news\">\t\t\t<div id=\"post-4427\" class=\"blog-postcol cp4cols\">\n\t\t\t<div class=\"post-content\">\n\t\t\t\t\t\t\t\t\t<a class=\"post-list-item-thumb\" href=\"http:\/\/santaceciliadelgrao.com\/?p=4427\">\n\t\t\t\t\t\t<img loading=\"lazy\" decoding=\"async\" width=\"289\" height=\"56\" src=\"http:\/\/santaceciliadelgrao.com\/wp-content\/uploads\/2026\/04\/Captura-de-pantalla-2026-04-15-091217.png\" class=\"attachment-post-thumbnail size-post-thumbnail wp-post-image\" alt=\"\" \/>\t\t\t\t\t<\/a>\n\t\t\t\t\t\t\t\t<div class=\"row_345\">\n\t\t\t\t\t<h3 class=\"blog-title\">\n\t\t\t\t\t\t<a href=\"http:\/\/santaceciliadelgrao.com\/?p=4427\" rel=\"bookmark\">\n\t\t\t\t\t\t\tEncuentro de Escuelas de M\u00fasica\t\t\t\t\t\t<\/a>\n\t\t\t\t\t<\/h3>\n\t\t\t\t\t<p>Nuestra banda escolar y la banda s\u00e9nior de SCG participan este domingo por la ma\u00f1ana en los Jardines del Palau de la M\u00fasica, donde se reunir\u00e1n las escuelas de m\u00fasica[&hellip;]<\/p>\n\t\t\t\t\t<a class=\"button blue small\" href=\"http:\/\/santaceciliadelgrao.com\/?p=4427\">\n\t\t\t\t\t\t<span data-theme=\"one_page_express_latest_news_read_more\">Read more<\/span>\n\t\t\t\t\t<\/a>\n\t\t\t\t\t<hr class=\"blog-separator\">\n<div class=\"post-header\">\n    <i class=\"font-icon-post fa fa-user\"><\/i>\n    <a href=\"http:\/\/santaceciliadelgrao.com\/?author=1\" title=\"Entrades de StaCeciDelGrau\" rel=\"author\">StaCeciDelGrau<\/a>    <i class=\"font-icon-post fa fa-calendar\"><\/i>\n    <span class=\"span12\">15\/04\/2026<\/span>\n\n    <i class=\"font-icon-post fa fa-comment-o\"><\/i>\n    <span>0<\/span>\n<\/div>\t\t\t\t<\/div>\n\t\t\t<\/div>\n\t\t<\/div>\n\t\t\t\t<div id=\"post-4420\" class=\"blog-postcol cp4cols\">\n\t\t\t<div class=\"post-content\">\n\t\t\t\t\t\t\t\t\t<a class=\"post-list-item-thumb\" href=\"http:\/\/santaceciliadelgrao.com\/?p=4420\">\n\t\t\t\t\t\t<img loading=\"lazy\" decoding=\"async\" width=\"289\" height=\"56\" src=\"http:\/\/santaceciliadelgrao.com\/wp-content\/uploads\/2026\/04\/Captura-de-pantalla-2026-04-15-091217.png\" class=\"attachment-post-thumbnail size-post-thumbnail wp-post-image\" alt=\"\" \/>\t\t\t\t\t<\/a>\n\t\t\t\t\t\t\t\t<div class=\"row_345\">\n\t\t\t\t\t<h3 class=\"blog-title\">\n\t\t\t\t\t\t<a href=\"http:\/\/santaceciliadelgrao.com\/?p=4420\" rel=\"bookmark\">\n\t\t\t\t\t\t\tTrobada d&#8217;Escoles de M\u00fasica\t\t\t\t\t\t<\/a>\n\t\t\t\t\t<\/h3>\n\t\t\t\t\t<p>La nostra banda escolar i la banda s\u00e9nior de SCG participen este diumenge de mat\u00ed als Jardins del Palau de la M\u00fasica, on es reuniran les escoles de m\u00fasica de[&hellip;]<\/p>\n\t\t\t\t\t<a class=\"button blue small\" href=\"http:\/\/santaceciliadelgrao.com\/?p=4420\">\n\t\t\t\t\t\t<span data-theme=\"one_page_express_latest_news_read_more\">Read more<\/span>\n\t\t\t\t\t<\/a>\n\t\t\t\t\t<hr class=\"blog-separator\">\n<div class=\"post-header\">\n    <i class=\"font-icon-post fa fa-user\"><\/i>\n    <a href=\"http:\/\/santaceciliadelgrao.com\/?author=1\" title=\"Entrades de StaCeciDelGrau\" rel=\"author\">StaCeciDelGrau<\/a>    <i class=\"font-icon-post fa fa-calendar\"><\/i>\n    <span class=\"span12\">15\/04\/2026<\/span>\n\n    <i class=\"font-icon-post fa fa-comment-o\"><\/i>\n    <span>0<\/span>\n<\/div>\t\t\t\t<\/div>\n\t\t\t<\/div>\n\t\t<\/div>\n\t\t\t\t<div id=\"post-4396\" class=\"blog-postcol cp4cols\">\n\t\t\t<div class=\"post-content\">\n\t\t\t\t\t\t\t\t\t<a class=\"post-list-item-thumb\" href=\"http:\/\/santaceciliadelgrao.com\/?p=4396\">\n\t\t\t\t\t\t<img loading=\"lazy\" decoding=\"async\" width=\"731\" height=\"134\" src=\"http:\/\/santaceciliadelgrao.com\/wp-content\/uploads\/2026\/03\/Captura-de-pantalla-2026-03-24-151024.png\" class=\"attachment-post-thumbnail size-post-thumbnail wp-post-image\" alt=\"\" srcset=\"http:\/\/santaceciliadelgrao.com\/wp-content\/uploads\/2026\/03\/Captura-de-pantalla-2026-03-24-151024.png 731w, http:\/\/santaceciliadelgrao.com\/wp-content\/uploads\/2026\/03\/Captura-de-pantalla-2026-03-24-151024-300x55.png 300w\" sizes=\"auto, (max-width: 731px) 100vw, 731px\" \/>\t\t\t\t\t<\/a>\n\t\t\t\t\t\t\t\t<div class=\"row_345\">\n\t\t\t\t\t<h3 class=\"blog-title\">\n\t\t\t\t\t\t<a href=\"http:\/\/santaceciliadelgrao.com\/?p=4396\" rel=\"bookmark\">\n\t\t\t\t\t\t\tEscapada musical y encuentro en l\u00ednea\t\t\t\t\t\t<\/a>\n\t\t\t\t\t<\/h3>\n\t\t\t\t\t<p>Con motivo de la pr\u00f3xima escapada musical a Madrid que ha organizado nuestra Agrupaci\u00f3n, en la que asistiremos a diversos eventos musicales, como la zarzuela Jugar con fuego, la Sinfon\u00eda[&hellip;]<\/p>\n\t\t\t\t\t<a class=\"button blue small\" href=\"http:\/\/santaceciliadelgrao.com\/?p=4396\">\n\t\t\t\t\t\t<span data-theme=\"one_page_express_latest_news_read_more\">Read more<\/span>\n\t\t\t\t\t<\/a>\n\t\t\t\t\t<hr class=\"blog-separator\">\n<div class=\"post-header\">\n    <i class=\"font-icon-post fa fa-user\"><\/i>\n    <a href=\"http:\/\/santaceciliadelgrao.com\/?author=1\" title=\"Entrades de StaCeciDelGrau\" rel=\"author\">StaCeciDelGrau<\/a>    <i class=\"font-icon-post fa fa-calendar\"><\/i>\n    <span class=\"span12\">24\/03\/2026<\/span>\n\n    <i class=\"font-icon-post fa fa-comment-o\"><\/i>\n    <span>0<\/span>\n<\/div>\t\t\t\t<\/div>\n\t\t\t<\/div>\n\t\t<\/div>\n\t\t<\/div>\n<div class=\"blog-textcol\"><a class=\"button blue\" href=\"http:\/\/santaceciliadelgrao.com\/?page_id=1632\" data-attr-shortcode=\"href:one_page_express_blog_link\">M\u00c1S NOTICIAS<\/a><\/div>\n<\/div>\n<\/div>\n<div class=\"blog-textrow\">\n<div class=\"blog-textcol dynamic-color\" data-type=\"column\">\u00a0<\/div>\n<\/div>\n<div class=\"blog-textcol\">\u00a0<\/div>","protected":false},"excerpt":{"rendered":"<p>Os damos la bienvenida a Santa Cecilia del Grao! Somos una agrupaci\u00f3n musical que desde hace m\u00e1s de 40 a\u00f1os trabajamos para difundir la cultura musical dentro y fuera del barrio del Grau, entre nuestros socios y socias, vecindario y ciudadan\u00eda en general. Nuestra misi\u00f3n es hacer de la m\u00fasica un elemento vertebrador y cohesionador&hellip; <br \/> <a class=\"button small blue\" href=\"http:\/\/santaceciliadelgrao.com\/?p=4396\">Read more<\/a><\/p>\n","protected":false},"author":1,"featured_media":0,"parent":0,"menu_order":0,"comment_status":"closed","ping_status":"closed","template":"","meta":{"footnotes":""},"class_list":["post-1504","page","type-page","status-publish","hentry"],"_links":{"self":[{"href":"http:\/\/santaceciliadelgrao.com\/index.php?rest_route=\/wp\/v2\/pages\/1504","targetHints":{"allow":["GET"]}}],"collection":[{"href":"http:\/\/santaceciliadelgrao.com\/index.php?rest_route=\/wp\/v2\/pages"}],"about":[{"href":"http:\/\/santaceciliadelgrao.com\/index.php?rest_route=\/wp\/v2\/types\/page"}],"author":[{"embeddable":true,"href":"http:\/\/santaceciliadelgrao.com\/index.php?rest_route=\/wp\/v2\/users\/1"}],"replies":[{"embeddable":true,"href":"http:\/\/santaceciliadelgrao.com\/index.php?rest_route=%2Fwp%2Fv2%2Fcomments&post=1504"}],"version-history":[{"count":46,"href":"http:\/\/santaceciliadelgrao.com\/index.php?rest_route=\/wp\/v2\/pages\/1504\/revisions"}],"predecessor-version":[{"id":4419,"href":"http:\/\/santaceciliadelgrao.com\/index.php?rest_route=\/wp\/v2\/pages\/1504\/revisions\/4419"}],"wp:attachment":[{"href":"http:\/\/santaceciliadelgrao.com\/index.php?rest_route=%2Fwp%2Fv2%2Fmedia&parent=1504"}],"curies":[{"name":"wp","href":"https:\/\/api.w.org\/{rel}","templated":true}]}}