{"id":150,"date":"2018-03-01T19:28:25","date_gmt":"2018-03-01T19:28:25","guid":{"rendered":"http:\/\/santaceciliadelgrao.com\/?page_id=150"},"modified":"2023-01-04T08:11:26","modified_gmt":"2023-01-04T08:11:26","slug":"contacto-2","status":"publish","type":"page","link":"http:\/\/santaceciliadelgrao.com\/?page_id=150","title":{"rendered":"CONTACTA CON NOSOTROS"},"content":{"rendered":"\n<div class=\"wp-block-columns is-layout-flex wp-container-core-columns-is-layout-9d6595d7 wp-block-columns-is-layout-flex\">\n<div class=\"wp-block-column is-layout-flow wp-block-column-is-layout-flow\">\n<h4 style=\"text-align: center;\">Escuela de m\u00fasica y Secretar\u00eda:<\/h4>\n<h4 style=\"text-align: center;\">Calle Isaac Peral, 23<\/h4>\n<h4 style=\"text-align: center;\">46024 Val\u00e8ncia<\/h4>\n<p><\/p>\n<h4 style=\"text-align: center;\">Local de ensayo:<\/h4>\n<h4 style=\"text-align: center;\">Calle M\u00e9ndez N\u00fa\u00f1ez, 4<\/h4>\n<h4 style=\"text-align: center;\">46024 Val\u00e8ncia<\/h4>\n<p><\/p>\n<h4 style=\"text-align: center;\">963 36 27 79<\/h4>\n<p><\/p>\n<h4 style=\"text-align: center;\">santaceciliadelgrao@hotmail.com<\/h4>\n<\/div>\n\n\n\n<div class=\"wp-block-column is-layout-flow wp-block-column-is-layout-flow\">\n<div class=\"wp-block-contact-form-7-contact-form-selector span.Acepto-privacidad {  display: inline; }\">\n<div class=\"wpcf7 no-js\" id=\"wpcf7-f1454-o1\" lang=\"es-ES\" dir=\"ltr\">\n<div class=\"screen-reader-response\"><p role=\"status\" aria-live=\"polite\" aria-atomic=\"true\"><\/p> <ul><\/ul><\/div>\n<form action=\"\/index.php?rest_route=%2Fwp%2Fv2%2Fpages%2F150#wpcf7-f1454-o1\" method=\"post\" class=\"wpcf7-form init\" aria-label=\"Formulario de contacto\" novalidate=\"novalidate\" data-status=\"init\">\n<div style=\"display: none;\">\n<input type=\"hidden\" name=\"_wpcf7\" value=\"1454\" \/>\n<input type=\"hidden\" name=\"_wpcf7_version\" value=\"5.7.7\" \/>\n<input type=\"hidden\" name=\"_wpcf7_locale\" value=\"es_ES\" \/>\n<input type=\"hidden\" name=\"_wpcf7_unit_tag\" value=\"wpcf7-f1454-o1\" \/>\n<input type=\"hidden\" name=\"_wpcf7_container_post\" value=\"0\" \/>\n<input type=\"hidden\" name=\"_wpcf7_posted_data_hash\" value=\"\" \/>\n<\/div>\n<p><label> Nombre (requerido)<br \/>\n<span class=\"wpcf7-form-control-wrap\" data-name=\"your-name\"><input size=\"40\" class=\"wpcf7-form-control wpcf7-text wpcf7-validates-as-required\" aria-required=\"true\" aria-invalid=\"false\" value=\"\" type=\"text\" name=\"your-name\" \/><\/span> <\/label>\n<\/p>\n<p><label> Correo electr\u00f3nico (requerido)<br \/>\n<span class=\"wpcf7-form-control-wrap\" data-name=\"your-email\"><input size=\"40\" class=\"wpcf7-form-control wpcf7-text wpcf7-email wpcf7-validates-as-required wpcf7-validates-as-email\" aria-required=\"true\" aria-invalid=\"false\" value=\"\" type=\"email\" name=\"your-email\" \/><\/span> <\/label>\n<\/p>\n<p><label> Asunto<br \/>\n<span class=\"wpcf7-form-control-wrap\" data-name=\"your-subject\"><input size=\"40\" class=\"wpcf7-form-control wpcf7-text\" aria-invalid=\"false\" value=\"\" type=\"text\" name=\"your-subject\" \/><\/span> <\/label>\n<\/p>\n<p><label> Mensaje<br \/>\n<span class=\"wpcf7-form-control-wrap\" data-name=\"your-message\"><textarea cols=\"40\" rows=\"10\" class=\"wpcf7-form-control wpcf7-textarea\" aria-invalid=\"false\" name=\"your-message\"><\/textarea><\/span> <\/label>\n<\/p>\n<p><span class=\"wpcf7-form-control-wrap\" data-name=\"Acepto-privacidad\"><span class=\"wpcf7-form-control wpcf7-acceptance\"><span class=\"wpcf7-list-item\"><input type=\"checkbox\" name=\"Acepto-privacidad\" value=\"1\" aria-invalid=\"false\" \/><\/span><\/span><\/span> Acepto la <a href=\"http:\/\/santaceciliadelgrao.com\/?page_id=2752&#038;preview_id=2752&#038;preview_nonce=716f9512ee&#038;preview=true#page-content\">pol\u00edtica de privacidad<\/a><br \/>\n<table class=\"pdrgpd_primeracapa\">\n <tr>\n  <th colspan=2 class=\"pdrgpd_primeracapa\">Informaci\u00f3n b\u00e1sica sobre protecci\u00f3n de datos<\/th>\n <\/tr>\n <tr>\n <th class=\"pdrgpd_primeracapa\">Responsable<\/th>\n <td class=\"pdrgpd_primeracapa\">Agrupaci\u00f3 Musical Santa Cec\u00edlia del Grau <a href=\"http:\/\/santaceciliadelgrao.com\/?page_id=2752&#038;preview_id=2752&#038;preview_nonce=716f9512ee&#038;preview=true#page-content#responsable\" target=\"_blank\" rel=\"noopener noreferrer\">+info...<\/a><\/td>\n <\/tr>\n <tr>\n <th class=\"pdrgpd_primeracapa\">Finalidad<\/th>\n <td class=\"pdrgpd_primeracapa\">Mantener el contacto contigo u otras acciones obligatorias. <a href=\"http:\/\/santaceciliadelgrao.com\/?page_id=2752&#038;preview_id=2752&#038;preview_nonce=716f9512ee&#038;preview=true#page-content#finalidad\" target=\"_blank\" rel=\"noopener noreferrer\">+info...<\/a><\/td>\n <\/tr>\n <tr>\n <th class=\"pdrgpd_primeracapa\">Legitimaci\u00f3n<\/th>\n <td class=\"pdrgpd_primeracapa\">Consentimiento del interesado. <a href=\"http:\/\/santaceciliadelgrao.com\/?page_id=2752&#038;preview_id=2752&#038;preview_nonce=716f9512ee&#038;preview=true#page-content#legitimacion\" target=\"_blank\" rel=\"noopener noreferrer\">+info...<\/a><\/td>\n <\/tr>\n <tr>\n <th class=\"pdrgpd_primeracapa\">Destinatarios<\/th>\n <td class=\"pdrgpd_primeracapa\">No se ceder\u00e1n datos a terceros, salvo obligaci\u00f3n legal <a href=\"http:\/\/santaceciliadelgrao.com\/?page_id=2752&#038;preview_id=2752&#038;preview_nonce=716f9512ee&#038;preview=true#page-content#transferencia\" target=\"_blank\" rel=\"noopener noreferrer\">+info...<\/a><\/td>\n <\/tr>\n <tr>\n <th class=\"pdrgpd_primeracapa\">Derechos<\/th>\n <td class=\"pdrgpd_primeracapa\">Acceder, rectificar y cancelar los datos, as\u00ed como otros derechos. <a href=\"http:\/\/santaceciliadelgrao.com\/?page_id=2752&#038;preview_id=2752&#038;preview_nonce=716f9512ee&#038;preview=true#page-content#derechos\" target=\"_blank\" rel=\"noopener noreferrer\">+info...<\/a><\/td>\n <\/tr>\n <tr>\n <th class=\"pdrgpd_primeracapa\">Informaci\u00f3n adicional<\/th>\n <td class=\"pdrgpd_primeracapa\">Puedes consultar la informaci\u00f3n adicional y detallada sobre protecci\u00f3n de datos en nuestra p\u00e1gina de <a href=\"http:\/\/santaceciliadelgrao.com\/?page_id=2752&#038;preview_id=2752&#038;preview_nonce=716f9512ee&#038;preview=true#page-content\" target=\"_blank\" rel=\"noopener noreferrer\">pol\u00edtica de privacidad<\/a>.<\/td>\n <\/tr>\n<\/table>\n\n<\/p>\n<p><input class=\"wpcf7-form-control has-spinner wpcf7-submit\" type=\"submit\" value=\"Enviar\" \/>\n<\/p><div class=\"wpcf7-response-output\" aria-hidden=\"true\"><\/div>\n<\/form>\n<\/div>\n<\/div>\n<\/div>\n<\/div>\n","protected":false},"excerpt":{"rendered":"<p>Escuela de m\u00fasica y Secretar\u00eda: Calle Isaac Peral, 23 46024 Val\u00e8ncia Local de ensayo: Calle M\u00e9ndez N\u00fa\u00f1ez, 4 46024 Val\u00e8ncia 963 36 27 79 santaceciliadelgrao@hotmail.com<\/p>\n","protected":false},"author":1,"featured_media":0,"parent":0,"menu_order":0,"comment_status":"closed","ping_status":"closed","template":"","meta":{"footnotes":""},"class_list":["post-150","page","type-page","status-publish","hentry"],"_links":{"self":[{"href":"http:\/\/santaceciliadelgrao.com\/index.php?rest_route=\/wp\/v2\/pages\/150","targetHints":{"allow":["GET"]}}],"collection":[{"href":"http:\/\/santaceciliadelgrao.com\/index.php?rest_route=\/wp\/v2\/pages"}],"about":[{"href":"http:\/\/santaceciliadelgrao.com\/index.php?rest_route=\/wp\/v2\/types\/page"}],"author":[{"embeddable":true,"href":"http:\/\/santaceciliadelgrao.com\/index.php?rest_route=\/wp\/v2\/users\/1"}],"replies":[{"embeddable":true,"href":"http:\/\/santaceciliadelgrao.com\/index.php?rest_route=%2Fwp%2Fv2%2Fcomments&post=150"}],"version-history":[{"count":10,"href":"http:\/\/santaceciliadelgrao.com\/index.php?rest_route=\/wp\/v2\/pages\/150\/revisions"}],"predecessor-version":[{"id":2769,"href":"http:\/\/santaceciliadelgrao.com\/index.php?rest_route=\/wp\/v2\/pages\/150\/revisions\/2769"}],"wp:attachment":[{"href":"http:\/\/santaceciliadelgrao.com\/index.php?rest_route=%2Fwp%2Fv2%2Fmedia&parent=150"}],"curies":[{"name":"wp","href":"https:\/\/api.w.org\/{rel}","templated":true}]}}