{"id":1475,"date":"2022-03-27T14:03:56","date_gmt":"2022-03-27T14:03:56","guid":{"rendered":"http:\/\/santaceciliadelgrao.com\/?page_id=1475"},"modified":"2023-09-08T16:51:06","modified_gmt":"2023-09-08T16:51:06","slug":"nuestras-instalaciones","status":"publish","type":"page","link":"http:\/\/santaceciliadelgrao.com\/?page_id=1475","title":{"rendered":"Nuestras instalaciones"},"content":{"rendered":"<div class=\"wp-block-image\">\n<figure class=\"aligncenter size-large\"><img loading=\"lazy\" decoding=\"async\" width=\"1024\" height=\"323\" src=\"http:\/\/santaceciliadelgrao.com\/wp-content\/uploads\/2022\/09\/Mural-1024x323.jpeg\" alt=\"\" class=\"wp-image-2077\" srcset=\"http:\/\/santaceciliadelgrao.com\/wp-content\/uploads\/2022\/09\/Mural-1024x323.jpeg 1024w, http:\/\/santaceciliadelgrao.com\/wp-content\/uploads\/2022\/09\/Mural-300x95.jpeg 300w, http:\/\/santaceciliadelgrao.com\/wp-content\/uploads\/2022\/09\/Mural-768x242.jpeg 768w, http:\/\/santaceciliadelgrao.com\/wp-content\/uploads\/2022\/09\/Mural.jpeg 1536w\" sizes=\"auto, (max-width: 1024px) 100vw, 1024px\" \/><figcaption class=\"wp-element-caption\"><em>Mural elaborat en el pati de la seu de M\u00e9ndez N\u00fa\u00f1ez<\/em><\/figcaption><\/figure>\n<\/div>\n\n<p>Nuestra sociedad musical cuenta con dos espacios donde se desarrollan las diversas actividades de la escuela y de las diferentes agrupaciones, ambos muy pr\u00f3ximos entre s\u00ed, en las calles Isaac Peral, 23, y M\u00e9ndez N\u00fa\u00f1ez, 4.\u00a0<\/p>\n<p>La Secretaria y las aulas para los m\u00e1s peque\u00f1os se ubican en la calle M\u00e9ndez N\u00fa\u00f1ez, donde tambi\u00e9n est\u00e1 la sala general de ensayos y usos m\u00faltiples, y el resto de aulas donde se imparten lenguaje musical y las clases de instrumentos. En esta sede tambi\u00e9n se sit\u00faa el aula de coro y podemos disfrutar de un patio muy amplio donde celebramos conciertos, audiciones y eventos sociales de la agrupaci\u00f3n.\u00a0<\/p>\n\n\n<figure class=\"wp-block-video\"><video height=\"1080\" style=\"aspect-ratio: 1920 \/ 1080;\" width=\"1920\" controls src=\"http:\/\/santaceciliadelgrao.com\/wp-content\/uploads\/2022\/12\/Installacions-1.mp4\"><\/video><\/figure>\n","protected":false},"excerpt":{"rendered":"<p>Nuestra sociedad musical cuenta con dos espacios donde se desarrollan las diversas actividades de la escuela y de las diferentes agrupaciones, ambos muy pr\u00f3ximos entre s\u00ed, en las calles Isaac Peral, 23, y M\u00e9ndez N\u00fa\u00f1ez, 4.\u00a0 La Secretaria y las aulas para los m\u00e1s peque\u00f1os se ubican en la calle M\u00e9ndez N\u00fa\u00f1ez, donde tambi\u00e9n est\u00e1&hellip; <br \/> <a class=\"button small blue\" href=\"http:\/\/santaceciliadelgrao.com\/?page_id=1475\">Read more<\/a><\/p>\n","protected":false},"author":1,"featured_media":0,"parent":0,"menu_order":0,"comment_status":"closed","ping_status":"closed","template":"","meta":{"footnotes":""},"class_list":["post-1475","page","type-page","status-publish","hentry"],"_links":{"self":[{"href":"http:\/\/santaceciliadelgrao.com\/index.php?rest_route=\/wp\/v2\/pages\/1475","targetHints":{"allow":["GET"]}}],"collection":[{"href":"http:\/\/santaceciliadelgrao.com\/index.php?rest_route=\/wp\/v2\/pages"}],"about":[{"href":"http:\/\/santaceciliadelgrao.com\/index.php?rest_route=\/wp\/v2\/types\/page"}],"author":[{"embeddable":true,"href":"http:\/\/santaceciliadelgrao.com\/index.php?rest_route=\/wp\/v2\/users\/1"}],"replies":[{"embeddable":true,"href":"http:\/\/santaceciliadelgrao.com\/index.php?rest_route=%2Fwp%2Fv2%2Fcomments&post=1475"}],"version-history":[{"count":5,"href":"http:\/\/santaceciliadelgrao.com\/index.php?rest_route=\/wp\/v2\/pages\/1475\/revisions"}],"predecessor-version":[{"id":3236,"href":"http:\/\/santaceciliadelgrao.com\/index.php?rest_route=\/wp\/v2\/pages\/1475\/revisions\/3236"}],"wp:attachment":[{"href":"http:\/\/santaceciliadelgrao.com\/index.php?rest_route=%2Fwp%2Fv2%2Fmedia&parent=1475"}],"curies":[{"name":"wp","href":"https:\/\/api.w.org\/{rel}","templated":true}]}}