{"id":1473,"date":"2022-03-27T14:03:21","date_gmt":"2022-03-27T14:03:21","guid":{"rendered":"http:\/\/santaceciliadelgrao.com\/?page_id=1473"},"modified":"2024-03-20T12:40:32","modified_gmt":"2024-03-20T12:40:32","slug":"junta-directiva-2","status":"publish","type":"page","link":"http:\/\/santaceciliadelgrao.com\/?page_id=1473","title":{"rendered":"Junta Directiva"},"content":{"rendered":"\n<p class=\"has-text-align-center has-medium-font-size\"><strong>En la actualidad la Junta Directiva de la agrupaci\u00f3n la formamos los socios y las socias siguientes:<\/strong><\/p>\n\n\n\n<p><\/p>\n\n\n\n<p><\/p>\n\n\n\n<div class=\"wp-block-columns is-layout-flex wp-container-core-columns-is-layout-9d6595d7 wp-block-columns-is-layout-flex\">\n<div class=\"wp-block-column is-layout-flow wp-block-column-is-layout-flow\">\n<p class=\"has-text-align-center\">Vicent Aleixos Tello<\/p>\n\n\n\n<p class=\"has-text-align-center\">Presidente<\/p>\n\n\n\n<figure class=\"wp-block-image size-full is-resized\"><img loading=\"lazy\" decoding=\"async\" width=\"193\" height=\"300\" src=\"http:\/\/santaceciliadelgrao.com\/wp-content\/uploads\/2022\/06\/Vte.Aleixos-193x300-1.png\" alt=\"\" class=\"wp-image-1750\" style=\"width:162px;height:252px\"\/><\/figure>\n<\/div>\n\n\n\n<div class=\"wp-block-column is-layout-flow wp-block-column-is-layout-flow\">\n<p class=\"has-text-align-center\">Mari Carmen Llobretat Vicedo<\/p>\n\n\n\n<p class=\"has-text-align-center\">Vicepresidenta<\/p>\n\n\n\n<figure class=\"wp-block-image size-full is-resized\"><img loading=\"lazy\" decoding=\"async\" width=\"186\" height=\"300\" src=\"http:\/\/santaceciliadelgrao.com\/wp-content\/uploads\/2022\/06\/Mari-Carmen-186x300-1.jpeg\" alt=\"\" class=\"wp-image-1745\" style=\"width:153px;height:246px\"\/><\/figure>\n<\/div>\n\n\n\n<div class=\"wp-block-column is-layout-flow wp-block-column-is-layout-flow\">\n<p class=\"has-text-align-center\">Vicent Clement C\u00edscar<\/p>\n\n\n\n<p class=\"has-text-align-center\">Secretario<\/p>\n\n\n\n<figure class=\"wp-block-image size-full is-resized\"><img loading=\"lazy\" decoding=\"async\" width=\"194\" height=\"300\" src=\"http:\/\/santaceciliadelgrao.com\/wp-content\/uploads\/2022\/06\/Vicent-Clemente-194x300-1.png\" alt=\"\" class=\"wp-image-1749\" style=\"width:164px;height:252px\"\/><\/figure>\n<\/div>\n\n\n\n<div class=\"wp-block-column is-layout-flow wp-block-column-is-layout-flow\">\n<p class=\"has-text-align-center\">Silvia Blanes Garc\u00eda<\/p>\n\n\n\n<p class=\"has-text-align-center\">Tesorera<\/p>\n\n\n\n<figure class=\"wp-block-image size-full is-resized\"><img loading=\"lazy\" decoding=\"async\" width=\"207\" height=\"300\" src=\"http:\/\/santaceciliadelgrao.com\/wp-content\/uploads\/2022\/06\/Susi-1-207x300-1.png\" alt=\"\" class=\"wp-image-1746\" style=\"width:170px;height:246px\"\/><\/figure>\n<\/div>\n<\/div>\n\n\n\n<div class=\"wp-block-columns is-layout-flex wp-container-core-columns-is-layout-9d6595d7 wp-block-columns-is-layout-flex\">\n<div class=\"wp-block-column is-layout-flow wp-block-column-is-layout-flow\">\n<p class=\"has-text-align-center\">Eva M. Fayos Blanes<\/p>\n\n\n\n<p class=\"has-text-align-center\">Vocal y ajustadora<\/p>\n\n\n<div class=\"wp-block-image\">\n<figure class=\"aligncenter size-full is-resized\"><img loading=\"lazy\" decoding=\"async\" width=\"203\" height=\"300\" src=\"http:\/\/santaceciliadelgrao.com\/wp-content\/uploads\/2022\/06\/Eva-203x300-1.png\" alt=\"\" class=\"wp-image-1744\" style=\"width:160px;height:237px\"\/><\/figure>\n<\/div><\/div>\n\n\n\n<div class=\"wp-block-column is-layout-flow wp-block-column-is-layout-flow\">\n<p class=\"has-text-align-center\">Ascensi\u00f3n Valero Garc\u00eda<\/p>\n\n\n\n<p class=\"has-text-align-center\">Vocal y delegada del coro<\/p>\n\n\n<div class=\"wp-block-image\">\n<figure class=\"aligncenter size-full is-resized\"><img loading=\"lazy\" decoding=\"async\" width=\"208\" height=\"300\" src=\"http:\/\/santaceciliadelgrao.com\/wp-content\/uploads\/2022\/06\/Susi2-208x300-1.png\" alt=\"\" class=\"wp-image-1747\" style=\"width:164px;height:237px\"\/><\/figure>\n<\/div><\/div>\n\n\n\n<div class=\"wp-block-column is-layout-flow wp-block-column-is-layout-flow\">\n<p style=\"text-align: center;\">Pilar Carril Avil\u00e9s<\/p>\n<p style=\"text-align: center;\">Vocal y delegada banda escolar<\/p>\n<p><img loading=\"lazy\" decoding=\"async\" class=\"wp-image-1907 aligncenter\" src=\"http:\/\/santaceciliadelgrao.com\/wp-content\/uploads\/2022\/09\/WhatsApp-Image-2022-09-16-at-09.57.47-1.jpeg\" alt=\"\" width=\"155\" height=\"242\" srcset=\"http:\/\/santaceciliadelgrao.com\/wp-content\/uploads\/2022\/09\/WhatsApp-Image-2022-09-16-at-09.57.47-1.jpeg 322w, http:\/\/santaceciliadelgrao.com\/wp-content\/uploads\/2022\/09\/WhatsApp-Image-2022-09-16-at-09.57.47-1-192x300.jpeg 192w\" sizes=\"auto, (max-width: 155px) 100vw, 155px\" \/><\/p>\n<\/div>\n<\/div>\n\n\n\n<p><\/p>\n\n\n\n<p class=\"has-text-align-center has-medium-font-size\"><strong>Tambi\u00e9n colaboran con nosotros: <\/strong><\/p>\n\n\n\n<div class=\"wp-block-columns is-layout-flex wp-container-core-columns-is-layout-9d6595d7 wp-block-columns-is-layout-flex\">\n<div class=\"wp-block-column is-layout-flow wp-block-column-is-layout-flow\">\n<p class=\"has-text-align-center\">Claudia Mart\u00ednez Gonz\u00e1les<\/p>\n\n\n\n<p class=\"has-text-align-center\">Gestora de redes sociales<\/p>\n\n\n<div class=\"wp-block-image\">\n<figure class=\"aligncenter size-full is-resized\"><img loading=\"lazy\" decoding=\"async\" width=\"166\" height=\"300\" src=\"http:\/\/santaceciliadelgrao.com\/wp-content\/uploads\/2022\/06\/Claudia-166x300-1.png\" alt=\"\" class=\"wp-image-1743\" style=\"width:134px;height:241px\"\/><\/figure>\n<\/div><\/div>\n\n\n\n<div class=\"wp-block-column is-layout-flow wp-block-column-is-layout-flow\">\n<p style=\"text-align: center;\">Teresa Chac\u00f3n Fern\u00e1ndez<\/p>\n<p style=\"text-align: center;\">Lloc web<\/p>\n\n\n<div class=\"wp-block-image\">\n<figure class=\"aligncenter size-full is-resized\"><img loading=\"lazy\" decoding=\"async\" width=\"353\" height=\"495\" src=\"http:\/\/santaceciliadelgrao.com\/wp-content\/uploads\/2024\/03\/20240308_201346-1.jpg\" alt=\"\" class=\"wp-image-3541\" style=\"width:168px;height:auto\" srcset=\"http:\/\/santaceciliadelgrao.com\/wp-content\/uploads\/2024\/03\/20240308_201346-1.jpg 353w, http:\/\/santaceciliadelgrao.com\/wp-content\/uploads\/2024\/03\/20240308_201346-1-214x300.jpg 214w\" sizes=\"auto, (max-width: 353px) 100vw, 353px\" \/><\/figure>\n<\/div><\/div>\n\n\n\n<div class=\"wp-block-column is-layout-flow wp-block-column-is-layout-flow\">\n<p class=\"has-text-align-center\">Ximo Calatayud Llobregat<\/p>\n\n\n\n<p class=\"has-text-align-center\">Archivero<\/p>\n\n\n<div class=\"wp-block-image\">\n<figure class=\"aligncenter size-full is-resized\"><img loading=\"lazy\" decoding=\"async\" width=\"271\" height=\"488\" src=\"http:\/\/santaceciliadelgrao.com\/wp-content\/uploads\/2022\/06\/Ximo-2.jpeg\" alt=\"\" class=\"wp-image-1751\" style=\"width:138px;height:249px\" srcset=\"http:\/\/santaceciliadelgrao.com\/wp-content\/uploads\/2022\/06\/Ximo-2.jpeg 271w, http:\/\/santaceciliadelgrao.com\/wp-content\/uploads\/2022\/06\/Ximo-2-167x300.jpeg 167w\" sizes=\"auto, (max-width: 271px) 100vw, 271px\" \/><\/figure>\n<\/div><\/div>\n<\/div>\n","protected":false},"excerpt":{"rendered":"<p>En la actualidad la Junta Directiva de la agrupaci\u00f3n la formamos los socios y las socias siguientes: Vicent Aleixos Tello Presidente Mari Carmen Llobretat Vicedo Vicepresidenta Vicent Clement C\u00edscar Secretario Silvia Blanes Garc\u00eda Tesorera Eva M. Fayos Blanes Vocal y ajustadora Ascensi\u00f3n Valero Garc\u00eda Vocal y delegada del coro Pilar Carril Avil\u00e9s Vocal y delegada&hellip; <br \/> <a class=\"button small blue\" href=\"http:\/\/santaceciliadelgrao.com\/?page_id=1473\">Read more<\/a><\/p>\n","protected":false},"author":1,"featured_media":0,"parent":0,"menu_order":0,"comment_status":"closed","ping_status":"closed","template":"","meta":{"footnotes":""},"class_list":["post-1473","page","type-page","status-publish","hentry"],"_links":{"self":[{"href":"http:\/\/santaceciliadelgrao.com\/index.php?rest_route=\/wp\/v2\/pages\/1473","targetHints":{"allow":["GET"]}}],"collection":[{"href":"http:\/\/santaceciliadelgrao.com\/index.php?rest_route=\/wp\/v2\/pages"}],"about":[{"href":"http:\/\/santaceciliadelgrao.com\/index.php?rest_route=\/wp\/v2\/types\/page"}],"author":[{"embeddable":true,"href":"http:\/\/santaceciliadelgrao.com\/index.php?rest_route=\/wp\/v2\/users\/1"}],"replies":[{"embeddable":true,"href":"http:\/\/santaceciliadelgrao.com\/index.php?rest_route=%2Fwp%2Fv2%2Fcomments&post=1473"}],"version-history":[{"count":10,"href":"http:\/\/santaceciliadelgrao.com\/index.php?rest_route=\/wp\/v2\/pages\/1473\/revisions"}],"predecessor-version":[{"id":3544,"href":"http:\/\/santaceciliadelgrao.com\/index.php?rest_route=\/wp\/v2\/pages\/1473\/revisions\/3544"}],"wp:attachment":[{"href":"http:\/\/santaceciliadelgrao.com\/index.php?rest_route=%2Fwp%2Fv2%2Fmedia&parent=1473"}],"curies":[{"name":"wp","href":"https:\/\/api.w.org\/{rel}","templated":true}]}}