{"id":1469,"date":"2022-03-27T13:58:18","date_gmt":"2022-03-27T13:58:18","guid":{"rendered":"http:\/\/santaceciliadelgrao.com\/?page_id=1469"},"modified":"2023-11-02T08:28:10","modified_gmt":"2023-11-02T08:28:10","slug":"historia-de-la-banda-2","status":"publish","type":"page","link":"http:\/\/santaceciliadelgrao.com\/?page_id=1469","title":{"rendered":"Historia de la banda"},"content":{"rendered":"<p><img loading=\"lazy\" decoding=\"async\" class=\"alignnone size-full wp-image-1298\" src=\"http:\/\/santaceciliadelgrao.com\/wp-content\/uploads\/2022\/03\/WhatsApp-Image-2022-03-21-at-19.10.11-e1647888142153.jpeg\" alt=\"\" width=\"2048\" height=\"947\" srcset=\"http:\/\/santaceciliadelgrao.com\/wp-content\/uploads\/2022\/03\/WhatsApp-Image-2022-03-21-at-19.10.11-e1647888142153.jpeg 2048w, http:\/\/santaceciliadelgrao.com\/wp-content\/uploads\/2022\/03\/WhatsApp-Image-2022-03-21-at-19.10.11-e1647888142153-300x139.jpeg 300w, http:\/\/santaceciliadelgrao.com\/wp-content\/uploads\/2022\/03\/WhatsApp-Image-2022-03-21-at-19.10.11-e1647888142153-1024x474.jpeg 1024w, http:\/\/santaceciliadelgrao.com\/wp-content\/uploads\/2022\/03\/WhatsApp-Image-2022-03-21-at-19.10.11-e1647888142153-768x355.jpeg 768w, http:\/\/santaceciliadelgrao.com\/wp-content\/uploads\/2022\/03\/WhatsApp-Image-2022-03-21-at-19.10.11-e1647888142153-1536x710.jpeg 1536w, http:\/\/santaceciliadelgrao.com\/wp-content\/uploads\/2022\/03\/WhatsApp-Image-2022-03-21-at-19.10.11-e1647888142153-1920x888.jpeg 1920w\" sizes=\"auto, (max-width: 2048px) 100vw, 2048px\" \/>La banda de Santa Cecilia del Grao se fund\u00f3 en 1980 con el nombre de Agrupaci\u00f3n Musical Falla Isaac Peral- M\u00e9ndez N\u00fa\u00f1ez, pero no fue hasta febrero de 1981 cuando realiz\u00f3 su primera actuaci\u00f3n oficial.<\/p>\n<p>Durante los primeros a\u00f1os fueron directores de la banda Vicente Gimeno, Vicente Benavent, Pedro Garc\u00eda Pay\u00e1n y El\u00edas Roger Garc\u00eda, entre otros.<\/p>\n<p>En enero de 1993 fue nombrado director de la banda y de la escuela de m\u00fasica, Vicente Giner Gil, quien desarroll\u00f3 una gran labor que acab\u00f3 desembocando en la creaci\u00f3n de la banda juvenil. De septiembre de 1996 a diciembre de 2000 cogi\u00f3 la batuta Salvador Rojo Gam\u00f3n y, posteriormente, hasta julio de 2002, el director titular fue Jos\u00e9 J. Ricart Fons.<\/p>\n<p>De septiembre de 2002 hasta agosto de 2006, \u00a0Vicente Giner Gil volvi\u00f3 a ser el director de la Agrupaci\u00f3n y, a partir de septiembre de 2006, tom\u00f3 el relevo Joan F. Miquel Zan\u00f3n, quien dirigi\u00f3 la banda hasta julio de 2016. Hasta el d\u00eda de hoy se han ido sucediendo en el cargo la directora Vivian Guti\u00e9rrez Abreu y los directores Jos\u00e9 Luis Peris Cordellat y Borja Zan\u00f3n Gonz\u00e1lez.<\/p>\n<p>Actualmente la batuta de nuestra banda titular est\u00e1 a cargo de Adri\u00e0 S\u00e1nchez Castell\u00f3 y cuenta con 70 m\u00fasicos y m\u00fasicas.<\/p>\n<p>Durante los m\u00e1s de 40 a\u00f1os de vida de la banda titular, esta ha participado en innumerables actos y campa\u00f1as organizados por diferentes entidades, como la Diputaci\u00f3n de Val\u00e8ncia (Retrobem la nostra m\u00fasica, Excel\u00b7lent), el Ayuntamiento de Val\u00e8ncia (Festival de Bandes del Mar\u00edtim, Cultura als Barris), la FSMCV (Concerts d\u2019intercanvi), diversos ciclos de conciertos en la p\u00e9rgola de la Marina de Val\u00e8ncia, entre otros. Tambi\u00e9n ha participado en el ciclo M\u00fasica a la Mar organizado por el Palau de la M\u00fasica de Val\u00e8ncia y ha colaborado en proyectos solidarios, como el concierto Solidariarte en 2017, a favor de las personas refugiadas.<\/p>\n<p>Ha actuado igualmente en festivales de bandas de m\u00fasica tanto nacionales como fuera de nuestras fronteras: Andratx (Mallorca) en 2002, \u00a0Bernau (Alemania) en 2005, Landemonti Saint-Brevin (Francia) en 2007, Disneyland Par\u00eds en 2018, Sant Antoni de Portmany (Ibiza) en 2022, entre otros.<\/p>\n<p>Adem\u00e1s de los tradicionales conciertos que ofrece en Santa Cecilia y Navidad, tambi\u00e9n participa habitualmente en diferentes festividades de la ciudad como en los pasacalles de Fallas, Semana Santa, Corpus o fiestas de moros y cristianos.<\/p>\n<p>En 2021 graba su primer CD con Adri\u00e0 S\u00e1nchez como director musical. Adem\u00e1s, este mismo octubre de 2022 ha ganado un primer premio y menci\u00f3n de honor en el Certamen de Bandes de la Diputaci\u00f3 de Val\u00e8ncia celebrado en Liria.<\/p>\n<p>Los ensayos se llevan a cabo todos los martes, de 20 h a 22 h, y los viernes, de 22 a 24 h en el local de M\u00e9ndez N\u00fa\u00f1ez.<\/p>\n\n\n<figure class=\"wp-block-gallery has-nested-images columns-default is-cropped wp-block-gallery-1 is-layout-flex wp-block-gallery-is-layout-flex\">\n<figure class=\"wp-block-image size-large\"><img loading=\"lazy\" decoding=\"async\" width=\"1024\" height=\"683\" data-id=\"1914\" src=\"http:\/\/santaceciliadelgrao.com\/wp-content\/uploads\/2022\/09\/Carrer-1024x683.jpg\" alt=\"\" class=\"wp-image-1914\" srcset=\"http:\/\/santaceciliadelgrao.com\/wp-content\/uploads\/2022\/09\/Carrer-1024x683.jpg 1024w, http:\/\/santaceciliadelgrao.com\/wp-content\/uploads\/2022\/09\/Carrer-300x200.jpg 300w, http:\/\/santaceciliadelgrao.com\/wp-content\/uploads\/2022\/09\/Carrer-768x512.jpg 768w, http:\/\/santaceciliadelgrao.com\/wp-content\/uploads\/2022\/09\/Carrer-1536x1024.jpg 1536w, http:\/\/santaceciliadelgrao.com\/wp-content\/uploads\/2022\/09\/Carrer-1620x1080.jpg 1620w, http:\/\/santaceciliadelgrao.com\/wp-content\/uploads\/2022\/09\/Carrer.jpg 1944w\" sizes=\"auto, (max-width: 1024px) 100vw, 1024px\" \/><\/figure>\n\n\n\n<figure class=\"wp-block-image size-large\"><img decoding=\"async\" data-id=\"1913\" src=\"http:\/\/santaceciliadelgrao.com\/wp-content\/uploads\/2022\/09\/Solidariarte-1024x768.jpg\" alt=\"\" class=\"wp-image-1913\"\/><\/figure>\n\n\n\n<figure class=\"wp-block-image size-large\"><img loading=\"lazy\" decoding=\"async\" width=\"960\" height=\"720\" data-id=\"1911\" src=\"http:\/\/santaceciliadelgrao.com\/wp-content\/uploads\/2022\/09\/Pergola-2.jpg\" alt=\"\" class=\"wp-image-1911\" srcset=\"http:\/\/santaceciliadelgrao.com\/wp-content\/uploads\/2022\/09\/Pergola-2.jpg 960w, http:\/\/santaceciliadelgrao.com\/wp-content\/uploads\/2022\/09\/Pergola-2-300x225.jpg 300w, http:\/\/santaceciliadelgrao.com\/wp-content\/uploads\/2022\/09\/Pergola-2-768x576.jpg 768w\" sizes=\"auto, (max-width: 960px) 100vw, 960px\" \/><\/figure>\n<\/figure>\n","protected":false},"excerpt":{"rendered":"<p>La banda de Santa Cecilia del Grao se fund\u00f3 en 1980 con el nombre de Agrupaci\u00f3n Musical Falla Isaac Peral- M\u00e9ndez N\u00fa\u00f1ez, pero no fue hasta febrero de 1981 cuando realiz\u00f3 su primera actuaci\u00f3n oficial. Durante los primeros a\u00f1os fueron directores de la banda Vicente Gimeno, Vicente Benavent, Pedro Garc\u00eda Pay\u00e1n y El\u00edas Roger Garc\u00eda,&hellip; <br \/> <a class=\"button small blue\" href=\"http:\/\/santaceciliadelgrao.com\/?page_id=1469\">Read more<\/a><\/p>\n","protected":false},"author":1,"featured_media":0,"parent":0,"menu_order":0,"comment_status":"closed","ping_status":"closed","template":"","meta":{"footnotes":""},"class_list":["post-1469","page","type-page","status-publish","hentry"],"_links":{"self":[{"href":"http:\/\/santaceciliadelgrao.com\/index.php?rest_route=\/wp\/v2\/pages\/1469","targetHints":{"allow":["GET"]}}],"collection":[{"href":"http:\/\/santaceciliadelgrao.com\/index.php?rest_route=\/wp\/v2\/pages"}],"about":[{"href":"http:\/\/santaceciliadelgrao.com\/index.php?rest_route=\/wp\/v2\/types\/page"}],"author":[{"embeddable":true,"href":"http:\/\/santaceciliadelgrao.com\/index.php?rest_route=\/wp\/v2\/users\/1"}],"replies":[{"embeddable":true,"href":"http:\/\/santaceciliadelgrao.com\/index.php?rest_route=%2Fwp%2Fv2%2Fcomments&post=1469"}],"version-history":[{"count":9,"href":"http:\/\/santaceciliadelgrao.com\/index.php?rest_route=\/wp\/v2\/pages\/1469\/revisions"}],"predecessor-version":[{"id":3359,"href":"http:\/\/santaceciliadelgrao.com\/index.php?rest_route=\/wp\/v2\/pages\/1469\/revisions\/3359"}],"wp:attachment":[{"href":"http:\/\/santaceciliadelgrao.com\/index.php?rest_route=%2Fwp%2Fv2%2Fmedia&parent=1469"}],"curies":[{"name":"wp","href":"https:\/\/api.w.org\/{rel}","templated":true}]}}