{"id":1464,"date":"2022-03-27T13:53:17","date_gmt":"2022-03-27T13:53:17","guid":{"rendered":"http:\/\/santaceciliadelgrao.com\/?page_id=1464"},"modified":"2023-09-04T16:54:10","modified_gmt":"2023-09-04T16:54:10","slug":"extraescolares","status":"publish","type":"page","link":"http:\/\/santaceciliadelgrao.com\/?page_id=1464","title":{"rendered":"Extraescolares"},"content":{"rendered":"\n<p class=\"has-text-align-left\">La <strong>Escuela de M\u00fasica Santa Cec\u00edlia del Grau<\/strong> ofrece una formaci\u00f3n musical de calidad a todos los vecinos y vecinas del barrio.<\/p>\n\n\n\n<p class=\"has-text-align-left\">Para facilitar la conciliaci\u00f3n familiar de los horarios escolares y laborales, los traslados de centro y otras obligaciones, exporta su oferta de actividades a diferentes centros educativos de infantil y primaria del Grau, siempre con profesoras y profesores titulados. <\/p>\n\n\n\n<p>El alumnado de estos centros puede descubrir y disfrutar con la m\u00fasica a trav\u00e9s de diversas<strong> actividades extraescolares<\/strong>, dise\u00f1adas con diferentes contenidos y metodolog\u00edas seg\u00fan la edad de los ni\u00f1os y ni\u00f1as: <\/p>\n\n\n\n<ul class=\"wp-block-list\">\n<li><strong>M\u00fasica y movimiento<\/strong>: 1\u00ba, 2\u00ba y 3\u00ba de Infantil y 1\u00ba de Primaria.<\/li>\n\n\n\n<li><strong>Coro moderno<\/strong> (<em>dancing choir<\/em>): 2\u00ba, 3\u00ba, 4\u00ba, 5\u00ba i 6\u00ba de Primaria.<\/li>\n<\/ul>\n\n\n<p>Hemos preparado estos v\u00eddeos para que conozcas m\u00e1s sobre estas actividades.<\/p>\n\n\n<div class=\"wp-block-columns is-layout-flex wp-container-core-columns-is-layout-9d6595d7 wp-block-columns-is-layout-flex\">\n<div class=\"wp-block-column is-layout-flow wp-block-column-is-layout-flow\">\n<div class=\"wp-block-columns is-layout-flex wp-container-core-columns-is-layout-9d6595d7 wp-block-columns-is-layout-flex\">\n<div class=\"wp-block-column is-layout-flow wp-block-column-is-layout-flow\">\n<figure class=\"wp-block-image size-large\"><a href=\"https:\/\/www.youtube.com\/watch?v=LlfSap1ooSQ&amp;ab_channel=SantaCec%C3%ADliadelGrau\" target=\"_blank\" rel=\"noreferrer noopener\"><img loading=\"lazy\" decoding=\"async\" width=\"1024\" height=\"647\" src=\"http:\/\/santaceciliadelgrao.com\/wp-content\/uploads\/2023\/09\/Musica-i-moviment-portada-2-1024x647.png\" alt=\"\" class=\"wp-image-3168\" srcset=\"http:\/\/santaceciliadelgrao.com\/wp-content\/uploads\/2023\/09\/Musica-i-moviment-portada-2-1024x647.png 1024w, http:\/\/santaceciliadelgrao.com\/wp-content\/uploads\/2023\/09\/Musica-i-moviment-portada-2-300x190.png 300w, http:\/\/santaceciliadelgrao.com\/wp-content\/uploads\/2023\/09\/Musica-i-moviment-portada-2-768x485.png 768w, http:\/\/santaceciliadelgrao.com\/wp-content\/uploads\/2023\/09\/Musica-i-moviment-portada-2.png 1165w\" sizes=\"auto, (max-width: 1024px) 100vw, 1024px\" \/><\/a><\/figure>\n<\/div>\n\n\n\n<div class=\"wp-block-column is-layout-flow wp-block-column-is-layout-flow\">\n<figure class=\"wp-block-image size-large is-resized\"><a href=\"https:\/\/www.youtube.com\/watch?v=kFUsFovawBY&amp;ab_channel=SantaCec%C3%ADliadelGrau\" target=\"_blank\" rel=\"noreferrer noopener\"><img loading=\"lazy\" decoding=\"async\" src=\"http:\/\/santaceciliadelgrao.com\/wp-content\/uploads\/2023\/09\/Dancing-choir-portada-1-1024x676.png\" alt=\"\" class=\"wp-image-3169\" style=\"width:396px;height:261px\" width=\"396\" height=\"261\" srcset=\"http:\/\/santaceciliadelgrao.com\/wp-content\/uploads\/2023\/09\/Dancing-choir-portada-1-1024x676.png 1024w, http:\/\/santaceciliadelgrao.com\/wp-content\/uploads\/2023\/09\/Dancing-choir-portada-1-300x198.png 300w, http:\/\/santaceciliadelgrao.com\/wp-content\/uploads\/2023\/09\/Dancing-choir-portada-1-768x507.png 768w, http:\/\/santaceciliadelgrao.com\/wp-content\/uploads\/2023\/09\/Dancing-choir-portada-1.png 1182w\" sizes=\"auto, (max-width: 396px) 100vw, 396px\" \/><\/a><\/figure>\n<\/div>\n<\/div>\n<\/div>\n<\/div>\n\n\n\n<p>Actualmente, estas actividades extraescolares son ofrecidas por las asociaciones de padres y madres de:<\/p>\n\n\n\n<ul class=\"wp-block-list\" id=\"block-ba5ee33d-a3a2-42a9-8367-229166c7f962\">\n<li>AMPA del <strong>CEIP El Grau<\/strong><\/li>\n\n\n\n<li>AFA del <strong>CEIP L\u2019Albereda<\/strong><\/li>\n\n\n\n<li>AMPA del <strong>CEIP Tom\u00e1s de Monta\u00f1ana<\/strong><\/li>\n\n\n\n<li>AMPA del <strong>CEIP Angelina Carnicer<\/strong><\/li>\n<\/ul>\n\n\n<p style=\"text-align: center;\">La distribuci\u00f3n por centros, actividades y horarios para este curso escolar es la siguiente:<\/p>\n<p><img loading=\"lazy\" decoding=\"async\" class=\"size-full wp-image-2004 aligncenter\" src=\"http:\/\/santaceciliadelgrao.com\/wp-content\/uploads\/2022\/09\/Extraescolares.png\" alt=\"\" width=\"487\" height=\"606\" srcset=\"http:\/\/santaceciliadelgrao.com\/wp-content\/uploads\/2022\/09\/Extraescolares.png 487w, http:\/\/santaceciliadelgrao.com\/wp-content\/uploads\/2022\/09\/Extraescolares-241x300.png 241w\" sizes=\"auto, (max-width: 487px) 100vw, 487px\" \/><\/p>\n<h4 style=\"text-align: center;\">Si quieres que llevemos la m\u00fasica a tu centro educativo, contacta con nosotros!<\/h4>\n<h3 style=\"text-align: center;\"><strong><span style=\"color: #993366;\">\u21d3\u00a0 \u00a0 \u00a0 \u00a0 \u21d3\u00a0 \u00a0 \u00a0 \u00a0 \u21d3<\/span><\/strong><\/h3>","protected":false},"excerpt":{"rendered":"<p>La Escuela de M\u00fasica Santa Cec\u00edlia del Grau ofrece una formaci\u00f3n musical de calidad a todos los vecinos y vecinas del barrio. Para facilitar la conciliaci\u00f3n familiar de los horarios escolares y laborales, los traslados de centro y otras obligaciones, exporta su oferta de actividades a diferentes centros educativos de infantil y primaria del Grau,&hellip; <br \/> <a class=\"button small blue\" href=\"http:\/\/santaceciliadelgrao.com\/?page_id=1464\">Read more<\/a><\/p>\n","protected":false},"author":1,"featured_media":0,"parent":0,"menu_order":0,"comment_status":"closed","ping_status":"closed","template":"","meta":{"footnotes":""},"class_list":["post-1464","page","type-page","status-publish","hentry"],"_links":{"self":[{"href":"http:\/\/santaceciliadelgrao.com\/index.php?rest_route=\/wp\/v2\/pages\/1464","targetHints":{"allow":["GET"]}}],"collection":[{"href":"http:\/\/santaceciliadelgrao.com\/index.php?rest_route=\/wp\/v2\/pages"}],"about":[{"href":"http:\/\/santaceciliadelgrao.com\/index.php?rest_route=\/wp\/v2\/types\/page"}],"author":[{"embeddable":true,"href":"http:\/\/santaceciliadelgrao.com\/index.php?rest_route=\/wp\/v2\/users\/1"}],"replies":[{"embeddable":true,"href":"http:\/\/santaceciliadelgrao.com\/index.php?rest_route=%2Fwp%2Fv2%2Fcomments&post=1464"}],"version-history":[{"count":8,"href":"http:\/\/santaceciliadelgrao.com\/index.php?rest_route=\/wp\/v2\/pages\/1464\/revisions"}],"predecessor-version":[{"id":3170,"href":"http:\/\/santaceciliadelgrao.com\/index.php?rest_route=\/wp\/v2\/pages\/1464\/revisions\/3170"}],"wp:attachment":[{"href":"http:\/\/santaceciliadelgrao.com\/index.php?rest_route=%2Fwp%2Fv2%2Fmedia&parent=1464"}],"curies":[{"name":"wp","href":"https:\/\/api.w.org\/{rel}","templated":true}]}}