{"id":1441,"date":"2022-03-26T20:16:53","date_gmt":"2022-03-26T20:16:53","guid":{"rendered":"http:\/\/santaceciliadelgrao.com\/?page_id=1441"},"modified":"2023-09-11T10:12:33","modified_gmt":"2023-09-11T10:12:33","slug":"proyecto-educativo-de-centro","status":"publish","type":"page","link":"http:\/\/santaceciliadelgrao.com\/?page_id=1441","title":{"rendered":"Proyecto educativo de centro"},"content":{"rendered":"\n<div class=\"wp-block-media-text alignwide is-stacked-on-mobile\" style=\"grid-template-columns:33% auto\"><figure class=\"wp-block-media-text__media\"><img loading=\"lazy\" decoding=\"async\" width=\"632\" height=\"895\" src=\"http:\/\/santaceciliadelgrao.com\/wp-content\/uploads\/2023\/09\/Captura-1.png\" alt=\"\" class=\"wp-image-3258 size-full\" srcset=\"http:\/\/santaceciliadelgrao.com\/wp-content\/uploads\/2023\/09\/Captura-1.png 632w, http:\/\/santaceciliadelgrao.com\/wp-content\/uploads\/2023\/09\/Captura-1-212x300.png 212w\" sizes=\"auto, (max-width: 632px) 100vw, 632px\" \/><\/figure><div class=\"wp-block-media-text__content\">\n<p>La Escuela de M\u00fasica Santa Cecilia del Grao se rige por los Estatutos de la Agrupaci\u00f3n Musical Santa Cecilia del Grao i por su Reglamento de r\u00e9gimen interior.<\/p>\n\n\n\n<p>Ponemos a vuestra disposici\u00f3n el Proyecto educativo de centro (PEC), que recoge los valores, objetivos y prioridades de la Escuela de M\u00fasica de la Agrupaci\u00f3n Musical Santa Cecilia del Grao, y define nuestra identidad y la estructura organizativa entre otras cuestiones. <\/p>\n\n\n\n<p>Podeis consultarlo y descargarlo haciendo clic en el bot\u00f3n de abajo.<\/p>\n\n\n\n<div class=\"wp-block-buttons is-layout-flex wp-block-buttons-is-layout-flex\">\n<div class=\"wp-block-button aligncenter\"><a class=\"wp-block-button__link has-white-color has-vivid-red-background-color has-text-color has-background wp-element-button\" href=\"http:\/\/santaceciliadelgrao.com\/wp-content\/uploads\/2023\/09\/PEC-SCG-2023.pdf\" target=\"_blank\" rel=\"noreferrer noopener\">PEC<\/a><\/div>\n<\/div>\n<\/div><\/div>\n\n\n\n<p><\/p>\n","protected":false},"excerpt":{"rendered":"","protected":false},"author":1,"featured_media":0,"parent":0,"menu_order":0,"comment_status":"closed","ping_status":"closed","template":"","meta":{"footnotes":""},"class_list":["post-1441","page","type-page","status-publish","hentry"],"_links":{"self":[{"href":"http:\/\/santaceciliadelgrao.com\/index.php?rest_route=\/wp\/v2\/pages\/1441","targetHints":{"allow":["GET"]}}],"collection":[{"href":"http:\/\/santaceciliadelgrao.com\/index.php?rest_route=\/wp\/v2\/pages"}],"about":[{"href":"http:\/\/santaceciliadelgrao.com\/index.php?rest_route=\/wp\/v2\/types\/page"}],"author":[{"embeddable":true,"href":"http:\/\/santaceciliadelgrao.com\/index.php?rest_route=\/wp\/v2\/users\/1"}],"replies":[{"embeddable":true,"href":"http:\/\/santaceciliadelgrao.com\/index.php?rest_route=%2Fwp%2Fv2%2Fcomments&post=1441"}],"version-history":[{"count":7,"href":"http:\/\/santaceciliadelgrao.com\/index.php?rest_route=\/wp\/v2\/pages\/1441\/revisions"}],"predecessor-version":[{"id":3261,"href":"http:\/\/santaceciliadelgrao.com\/index.php?rest_route=\/wp\/v2\/pages\/1441\/revisions\/3261"}],"wp:attachment":[{"href":"http:\/\/santaceciliadelgrao.com\/index.php?rest_route=%2Fwp%2Fv2%2Fmedia&parent=1441"}],"curies":[{"name":"wp","href":"https:\/\/api.w.org\/{rel}","templated":true}]}}