{"id":1437,"date":"2022-03-26T20:12:42","date_gmt":"2022-03-26T20:12:42","guid":{"rendered":"http:\/\/santaceciliadelgrao.com\/?page_id=1437"},"modified":"2025-10-14T07:17:56","modified_gmt":"2025-10-14T07:17:56","slug":"director-de-la-banda-sinfonica","status":"publish","type":"page","link":"http:\/\/santaceciliadelgrao.com\/?page_id=1437","title":{"rendered":"Director de la banda sinf\u00f3nica"},"content":{"rendered":"\n<h4 class=\"wp-block-heading\">               <strong>ILDEFONSO MARTOS CARRETERO<\/strong><\/h4>\n\n\n\n<div class=\"wp-block-columns is-layout-flex wp-container-core-columns-is-layout-9d6595d7 wp-block-columns-is-layout-flex\">\n<div class=\"wp-block-column is-layout-flow wp-block-column-is-layout-flow\" style=\"flex-basis:33.33%\">\n<figure class=\"wp-block-image size-full\"><img loading=\"lazy\" decoding=\"async\" width=\"400\" height=\"400\" src=\"http:\/\/santaceciliadelgrao.com\/wp-content\/uploads\/2025\/10\/Ilde-1.jpg\" alt=\"\" class=\"wp-image-4040\" srcset=\"http:\/\/santaceciliadelgrao.com\/wp-content\/uploads\/2025\/10\/Ilde-1.jpg 400w, http:\/\/santaceciliadelgrao.com\/wp-content\/uploads\/2025\/10\/Ilde-1-300x300.jpg 300w, http:\/\/santaceciliadelgrao.com\/wp-content\/uploads\/2025\/10\/Ilde-1-150x150.jpg 150w\" sizes=\"auto, (max-width: 400px) 100vw, 400px\" \/><\/figure>\n<\/div>\n\n\n\n<div class=\"wp-block-column is-layout-flow wp-block-column-is-layout-flow\" style=\"flex-basis:66.66%\">\n<p>Ildefonso Martos Carretero es natural de El Puig (Val\u00e8ncia) y de \u00e9l destacan su formaci\u00f3n acad\u00e9mica, experiencia en docencia y en direcci\u00f3n musical.<\/p>\n<p>Es titulado superior en Tuba por el Conservatorio Superior de M\u00fasica de Castell\u00f3n (1999), con menci\u00f3n de honor; ha cursado estudios de Adaptaci\u00f3n Pedag\u00f3gica en la Universidad de Barcelona (1999) y de \u200bDirecci\u00f3n coral, de banda y orquesta (1999-2007) y formaci\u00f3n en Neuroeducaci\u00f3n Musical (2020).<\/p>\n<p>Ha desarrollado una carrera como int\u00e9rprete en varias orquestas sinf\u00f3nicas, como la de las Islas Baleares y la de La Palma (Gran Canaria), y ha participado en proyectos de m\u00fasica de c\u00e1mara, jazz y flamenco.<\/p>\n<p>Como director, se ha formado con nombres de referencia como Jos\u00e9 Rafael Vilaplana, Ram\u00f3n Ram\u00edrez i Llorens Mendoza, y ha estado al frente de bandas como la Agrupaci\u00f3n Musical de Alfara del Patriarca, el CIM de Benimaclet, la Uni\u00f3n Musical Santa Mar\u00eda del Puig y la Agrupaci\u00f3n Musical de Massarrojos, con las que ha obtenido varios primeros premios en cert\u00e1menes de la Diputaci\u00f3n de Val\u00e8ncia y de Benissan\u00f3.<\/p>\n<\/div>\n<\/div>\n\n\n\n<p><\/p>\n\n\n\n<p>Su trayectoria destaca tambi\u00e9n por la implicaci\u00f3n con la formaci\u00f3n musical, tanto como profesor de secundaria y como docente y director en varias escuelas de m\u00fasica de la Comunitat Valenciana. Actualmente, compagina la direcci\u00f3n de nuestra banda con otros proyectos art\u00edsticos como el coro MiForte, la banda Uni\u00f3n Musical Padre Bast\u00e9 y el proyecto \u00abN\u00e0quera Sona\u00bb, del cual es director musical desde 2023.<\/p>\n\n\n\n<p>Es tambi\u00e9n coordinador de proyectos Erasmus+ y director del Seminario de J\u00f3venes Int\u00e9rpretes de Sinarcas, una muestra de su compromiso con la educaci\u00f3n y la movilidad cultural internacional. Ha realizado grabaciones de CDs y DVDs de diversas producciones musicales a lo largo de su trayectoria profesional y ha formado parte del jurado de varios concursos y cert\u00e1menes tanto nacionales como internacionales.\u00a0<\/p>\n\n\n\n<p><br><\/p>\n","protected":false},"excerpt":{"rendered":"<p>ILDEFONSO MARTOS CARRETERO Ildefonso Martos Carretero es natural de El Puig (Val\u00e8ncia) y de \u00e9l destacan su formaci\u00f3n acad\u00e9mica, experiencia en docencia y en direcci\u00f3n musical. Es titulado superior en Tuba por el Conservatorio Superior de M\u00fasica de Castell\u00f3n (1999), con menci\u00f3n de honor; ha cursado estudios de Adaptaci\u00f3n Pedag\u00f3gica en la Universidad de Barcelona&hellip; <br \/> <a class=\"button small blue\" href=\"http:\/\/santaceciliadelgrao.com\/?page_id=1437\">Read more<\/a><\/p>\n","protected":false},"author":1,"featured_media":0,"parent":0,"menu_order":0,"comment_status":"closed","ping_status":"closed","template":"","meta":{"footnotes":""},"class_list":["post-1437","page","type-page","status-publish","hentry"],"_links":{"self":[{"href":"http:\/\/santaceciliadelgrao.com\/index.php?rest_route=\/wp\/v2\/pages\/1437","targetHints":{"allow":["GET"]}}],"collection":[{"href":"http:\/\/santaceciliadelgrao.com\/index.php?rest_route=\/wp\/v2\/pages"}],"about":[{"href":"http:\/\/santaceciliadelgrao.com\/index.php?rest_route=\/wp\/v2\/types\/page"}],"author":[{"embeddable":true,"href":"http:\/\/santaceciliadelgrao.com\/index.php?rest_route=\/wp\/v2\/users\/1"}],"replies":[{"embeddable":true,"href":"http:\/\/santaceciliadelgrao.com\/index.php?rest_route=%2Fwp%2Fv2%2Fcomments&post=1437"}],"version-history":[{"count":7,"href":"http:\/\/santaceciliadelgrao.com\/index.php?rest_route=\/wp\/v2\/pages\/1437\/revisions"}],"predecessor-version":[{"id":4043,"href":"http:\/\/santaceciliadelgrao.com\/index.php?rest_route=\/wp\/v2\/pages\/1437\/revisions\/4043"}],"wp:attachment":[{"href":"http:\/\/santaceciliadelgrao.com\/index.php?rest_route=%2Fwp%2Fv2%2Fmedia&parent=1437"}],"curies":[{"name":"wp","href":"https:\/\/api.w.org\/{rel}","templated":true}]}}