{"id":1432,"date":"2022-03-26T20:08:38","date_gmt":"2022-03-26T20:08:38","guid":{"rendered":"http:\/\/santaceciliadelgrao.com\/?page_id=1432"},"modified":"2022-09-16T08:14:14","modified_gmt":"2022-09-16T08:14:14","slug":"comision-de-igualdad","status":"publish","type":"page","link":"http:\/\/santaceciliadelgrao.com\/?page_id=1432","title":{"rendered":"Comisi\u00f3n de Igualdad"},"content":{"rendered":"\n<div class=\"wp-block-media-text alignwide is-stacked-on-mobile\"><figure class=\"wp-block-media-text__media\"><img loading=\"lazy\" decoding=\"async\" width=\"940\" height=\"788\" src=\"http:\/\/santaceciliadelgrao.com\/wp-content\/uploads\/2022\/03\/Logo-Comissio-Igualtat-2.png\" alt=\"\" class=\"wp-image-1175 size-full\" srcset=\"http:\/\/santaceciliadelgrao.com\/wp-content\/uploads\/2022\/03\/Logo-Comissio-Igualtat-2.png 940w, http:\/\/santaceciliadelgrao.com\/wp-content\/uploads\/2022\/03\/Logo-Comissio-Igualtat-2-300x251.png 300w, http:\/\/santaceciliadelgrao.com\/wp-content\/uploads\/2022\/03\/Logo-Comissio-Igualtat-2-768x644.png 768w\" sizes=\"auto, (max-width: 940px) 100vw, 940px\" \/><\/figure><div class=\"wp-block-media-text__content\">\n<p class=\"has-medium-font-size\">El 23 de octubre de 2021 se cre\u00f3 la Comisi\u00f3n de Igualdad de nuestra agrupaci\u00f3n con el objetivo principal de: <\/p>\n\n\n\n<ul class=\"has-medium-font-size wp-block-list\"><li>Promover y fomentar la igualdad de oportunidades entre mujeres, hombres y colectivo LGTBI en el \u00e1mbito de actuaci\u00f3n de la Agrupaci\u00f3n Musical Santa Cec\u00edlia del Grau. <\/li><\/ul>\n\n\n\n<ul class=\"has-medium-font-size wp-block-list\"><li>Trabajar por la visibilidad LGTBI y de la mujer en el mundo de la m\u00fasica en general. <\/li><\/ul>\n\n\n\n<p class=\"has-medium-font-size\">FORMAN PARTE DE LA COMISI\u00d3N<\/p>\n\n\n\n<ul class=\"has-medium-font-size wp-block-list\"><li>Elena Sim\u00f3n<\/li><li>Masi Comeche<\/li><li>Susi Valero<\/li><li>M. Jos\u00e9 Serrano<\/li><li>Maria Orrit<\/li><li>Silvia Blanes<\/li><li>Pilar Carril Avil\u00e9s<\/li><\/ul>\n<\/div><\/div>\n\n\n\n<p><\/p>\n","protected":false},"excerpt":{"rendered":"<p>El 23 de octubre de 2021 se cre\u00f3 la Comisi\u00f3n de Igualdad de nuestra agrupaci\u00f3n con el objetivo principal de: Promover y fomentar la igualdad de oportunidades entre mujeres, hombres y colectivo LGTBI en el \u00e1mbito de actuaci\u00f3n de la Agrupaci\u00f3n Musical Santa Cec\u00edlia del Grau. Trabajar por la visibilidad LGTBI y de la mujer&hellip; <br \/> <a class=\"button small blue\" href=\"http:\/\/santaceciliadelgrao.com\/?page_id=1432\">Read more<\/a><\/p>\n","protected":false},"author":1,"featured_media":0,"parent":0,"menu_order":0,"comment_status":"closed","ping_status":"closed","template":"","meta":{"footnotes":""},"class_list":["post-1432","page","type-page","status-publish","hentry"],"_links":{"self":[{"href":"http:\/\/santaceciliadelgrao.com\/index.php?rest_route=\/wp\/v2\/pages\/1432","targetHints":{"allow":["GET"]}}],"collection":[{"href":"http:\/\/santaceciliadelgrao.com\/index.php?rest_route=\/wp\/v2\/pages"}],"about":[{"href":"http:\/\/santaceciliadelgrao.com\/index.php?rest_route=\/wp\/v2\/types\/page"}],"author":[{"embeddable":true,"href":"http:\/\/santaceciliadelgrao.com\/index.php?rest_route=\/wp\/v2\/users\/1"}],"replies":[{"embeddable":true,"href":"http:\/\/santaceciliadelgrao.com\/index.php?rest_route=%2Fwp%2Fv2%2Fcomments&post=1432"}],"version-history":[{"count":3,"href":"http:\/\/santaceciliadelgrao.com\/index.php?rest_route=\/wp\/v2\/pages\/1432\/revisions"}],"predecessor-version":[{"id":1902,"href":"http:\/\/santaceciliadelgrao.com\/index.php?rest_route=\/wp\/v2\/pages\/1432\/revisions\/1902"}],"wp:attachment":[{"href":"http:\/\/santaceciliadelgrao.com\/index.php?rest_route=%2Fwp%2Fv2%2Fmedia&parent=1432"}],"curies":[{"name":"wp","href":"https:\/\/api.w.org\/{rel}","templated":true}]}}