{"id":1227,"date":"2022-03-15T19:37:30","date_gmt":"2022-03-15T19:37:30","guid":{"rendered":"http:\/\/santaceciliadelgrao.com\/?page_id=1227"},"modified":"2026-03-12T13:32:09","modified_gmt":"2026-03-12T13:32:09","slug":"director-de-la-banda-juvenil-i-deducands","status":"publish","type":"page","link":"http:\/\/santaceciliadelgrao.com\/?page_id=1227","title":{"rendered":"Director de la banda escolar"},"content":{"rendered":"\n<p><strong>MARIO SEVILLA<\/strong><\/p>\n\n\n\n<p><\/p>\n\n\n\n<p class=\"has-text-align-left\"><\/p>\n\n\n\n<div class=\"wp-block-media-text alignwide is-stacked-on-mobile\" style=\"grid-template-columns:25% auto\"><figure class=\"wp-block-media-text__media\"><img loading=\"lazy\" decoding=\"async\" width=\"1024\" height=\"1024\" src=\"http:\/\/santaceciliadelgrao.com\/wp-content\/uploads\/2026\/03\/WhatsApp-Image-2026-02-27-at-14.27.57-1024x1024.jpeg\" alt=\"\" class=\"wp-image-4226 size-full\" srcset=\"http:\/\/santaceciliadelgrao.com\/wp-content\/uploads\/2026\/03\/WhatsApp-Image-2026-02-27-at-14.27.57-1024x1024.jpeg 1024w, http:\/\/santaceciliadelgrao.com\/wp-content\/uploads\/2026\/03\/WhatsApp-Image-2026-02-27-at-14.27.57-300x300.jpeg 300w, http:\/\/santaceciliadelgrao.com\/wp-content\/uploads\/2026\/03\/WhatsApp-Image-2026-02-27-at-14.27.57-150x150.jpeg 150w, http:\/\/santaceciliadelgrao.com\/wp-content\/uploads\/2026\/03\/WhatsApp-Image-2026-02-27-at-14.27.57-768x768.jpeg 768w, http:\/\/santaceciliadelgrao.com\/wp-content\/uploads\/2026\/03\/WhatsApp-Image-2026-02-27-at-14.27.57-1536x1536.jpeg 1536w, http:\/\/santaceciliadelgrao.com\/wp-content\/uploads\/2026\/03\/WhatsApp-Image-2026-02-27-at-14.27.57-1080x1080.jpeg 1080w, http:\/\/santaceciliadelgrao.com\/wp-content\/uploads\/2026\/03\/WhatsApp-Image-2026-02-27-at-14.27.57.jpeg 1600w\" sizes=\"auto, (max-width: 1024px) 100vw, 1024px\" \/><\/figure><div class=\"wp-block-media-text__content\">\n<p>Natural de Val\u00e8ncia, completa els ensenyaments elementals i professionals de m\u00fasica en el Conservatori Municipal de M\u00fasica Jos\u00e9 Iturbi de Val\u00e8ncia, en l\u2019especialitat de Tuba (Bombard\u00ed). Actualment cursa un doble Grau Superior en Interpretaci\u00f3 Musical i Direcci\u00f3 d\u2019Orquestra i Cor en el Conservatori Superior de M\u00fasica Salvador Segu\u00ed de Castell\u00f3.<\/p>\n\n\n\n<p>\u00c9s m\u00fasic de l\u2019Agrupaci\u00f3 Musical Santa Cec\u00edlia del Grau des de 2014 i de les respectives bandes de les universitats de Val\u00e8ncia i Castell\u00f3. Ha tocat el bombard\u00ed i ha dirigit la Jove Orquestra Intercomarcal de Tarragona i la Banda Simf\u00f2nica del Llevant. Com a professor, ha impartit les assignatures de Tuba, Bombard\u00ed, Llenguatge Musical i Cor en diferents escoles com el Centre de M\u00fasica i Dansa de Natzaret, CAM B\u00e9tera i AM Xilxes, entre d\u2019altres.<\/p>\n<\/div><\/div>\n","protected":false},"excerpt":{"rendered":"<p>MARIO SEVILLA Natural de Val\u00e8ncia, completa els ensenyaments elementals i professionals de m\u00fasica en el Conservatori Municipal de M\u00fasica Jos\u00e9 Iturbi de Val\u00e8ncia, en l\u2019especialitat de Tuba (Bombard\u00ed). Actualment cursa un doble Grau Superior en Interpretaci\u00f3 Musical i Direcci\u00f3 d\u2019Orquestra i Cor en el Conservatori Superior de M\u00fasica Salvador Segu\u00ed de Castell\u00f3. \u00c9s m\u00fasic de&hellip; <br \/> <a class=\"button small blue\" href=\"http:\/\/santaceciliadelgrao.com\/?page_id=1227\">Read more<\/a><\/p>\n","protected":false},"author":1,"featured_media":0,"parent":0,"menu_order":0,"comment_status":"closed","ping_status":"closed","template":"","meta":{"footnotes":""},"class_list":["post-1227","page","type-page","status-publish","hentry"],"_links":{"self":[{"href":"http:\/\/santaceciliadelgrao.com\/index.php?rest_route=\/wp\/v2\/pages\/1227","targetHints":{"allow":["GET"]}}],"collection":[{"href":"http:\/\/santaceciliadelgrao.com\/index.php?rest_route=\/wp\/v2\/pages"}],"about":[{"href":"http:\/\/santaceciliadelgrao.com\/index.php?rest_route=\/wp\/v2\/types\/page"}],"author":[{"embeddable":true,"href":"http:\/\/santaceciliadelgrao.com\/index.php?rest_route=\/wp\/v2\/users\/1"}],"replies":[{"embeddable":true,"href":"http:\/\/santaceciliadelgrao.com\/index.php?rest_route=%2Fwp%2Fv2%2Fcomments&post=1227"}],"version-history":[{"count":5,"href":"http:\/\/santaceciliadelgrao.com\/index.php?rest_route=\/wp\/v2\/pages\/1227\/revisions"}],"predecessor-version":[{"id":4241,"href":"http:\/\/santaceciliadelgrao.com\/index.php?rest_route=\/wp\/v2\/pages\/1227\/revisions\/4241"}],"wp:attachment":[{"href":"http:\/\/santaceciliadelgrao.com\/index.php?rest_route=%2Fwp%2Fv2%2Fmedia&parent=1227"}],"curies":[{"name":"wp","href":"https:\/\/api.w.org\/{rel}","templated":true}]}}