{"id":1140,"date":"2022-03-14T18:16:53","date_gmt":"2022-03-14T18:16:53","guid":{"rendered":"http:\/\/santaceciliadelgrao.com\/?page_id=1140"},"modified":"2023-09-11T10:12:53","modified_gmt":"2023-09-11T10:12:53","slug":"projecte-educatiu-de-centre","status":"publish","type":"page","link":"http:\/\/santaceciliadelgrao.com\/?page_id=1140","title":{"rendered":"Projecte educatiu de centre"},"content":{"rendered":"\n<div class=\"wp-block-media-text alignwide is-stacked-on-mobile\" style=\"grid-template-columns:33% auto\"><figure class=\"wp-block-media-text__media\"><img loading=\"lazy\" decoding=\"async\" width=\"632\" height=\"895\" src=\"http:\/\/santaceciliadelgrao.com\/wp-content\/uploads\/2023\/09\/Captura.png\" alt=\"\" class=\"wp-image-3254 size-full\" srcset=\"http:\/\/santaceciliadelgrao.com\/wp-content\/uploads\/2023\/09\/Captura.png 632w, http:\/\/santaceciliadelgrao.com\/wp-content\/uploads\/2023\/09\/Captura-212x300.png 212w\" sizes=\"auto, (max-width: 632px) 100vw, 632px\" \/><\/figure><div class=\"wp-block-media-text__content\">\n<p>L&#8217;Escola de M\u00fasica Santa Cec\u00edlia del Grau es regix pels Estatuts de l&#8217;Agrupaci\u00f3 Musical Santa Cec\u00edlia del Grau i pel seu Reglament de r\u00e8gim inern.<\/p>\n\n\n\n<p>Posem a la vostra disposici\u00f3 el Projecte educatiu de centre (PEC), que recull els valors, els objectius i les prioritats de l\u2019Escola de M\u00fasica de l\u2019Agrupaci\u00f3 Musical Santa Cec\u00edlia del Grau, i definix la nostra identitat i l&#8217;estructura organitzativa entre altres q\u00fcestions.<\/p>\n\n\n\n<p>Podeu consultar-lo i descarregar-lo fent clic en el bot\u00f3 de davall.<\/p>\n\n\n\n<div class=\"wp-block-buttons is-layout-flex wp-block-buttons-is-layout-flex\">\n<div class=\"wp-block-button aligncenter\"><a class=\"wp-block-button__link has-white-color has-vivid-red-background-color has-text-color has-background wp-element-button\" href=\"http:\/\/santaceciliadelgrao.com\/wp-content\/uploads\/2023\/09\/PEC-SCG-2023.pdf\" target=\"_blank\" rel=\"noreferrer noopener\">PEC<\/a><\/div>\n<\/div>\n<\/div><\/div>\n","protected":false},"excerpt":{"rendered":"","protected":false},"author":1,"featured_media":0,"parent":0,"menu_order":0,"comment_status":"closed","ping_status":"closed","template":"","meta":{"footnotes":""},"class_list":["post-1140","page","type-page","status-publish","hentry"],"_links":{"self":[{"href":"http:\/\/santaceciliadelgrao.com\/index.php?rest_route=\/wp\/v2\/pages\/1140","targetHints":{"allow":["GET"]}}],"collection":[{"href":"http:\/\/santaceciliadelgrao.com\/index.php?rest_route=\/wp\/v2\/pages"}],"about":[{"href":"http:\/\/santaceciliadelgrao.com\/index.php?rest_route=\/wp\/v2\/types\/page"}],"author":[{"embeddable":true,"href":"http:\/\/santaceciliadelgrao.com\/index.php?rest_route=\/wp\/v2\/users\/1"}],"replies":[{"embeddable":true,"href":"http:\/\/santaceciliadelgrao.com\/index.php?rest_route=%2Fwp%2Fv2%2Fcomments&post=1140"}],"version-history":[{"count":12,"href":"http:\/\/santaceciliadelgrao.com\/index.php?rest_route=\/wp\/v2\/pages\/1140\/revisions"}],"predecessor-version":[{"id":3262,"href":"http:\/\/santaceciliadelgrao.com\/index.php?rest_route=\/wp\/v2\/pages\/1140\/revisions\/3262"}],"wp:attachment":[{"href":"http:\/\/santaceciliadelgrao.com\/index.php?rest_route=%2Fwp%2Fv2%2Fmedia&parent=1140"}],"curies":[{"name":"wp","href":"https:\/\/api.w.org\/{rel}","templated":true}]}}