{"id":1137,"date":"2022-03-14T18:11:23","date_gmt":"2022-03-14T18:11:23","guid":{"rendered":"http:\/\/santaceciliadelgrao.com\/?page_id=1137"},"modified":"2022-12-30T13:02:24","modified_gmt":"2022-12-30T13:02:24","slug":"album-fotografic","status":"publish","type":"page","link":"http:\/\/santaceciliadelgrao.com\/?page_id=1137","title":{"rendered":"\u00c0lbum fotogr\u00e0fic"},"content":{"rendered":"\n<p>Si vols estar al cas de totes les imatges que genera la nostra activitat com a agrupaci\u00f3 musical, res millor que seguir la nostra galeria de fotos en el perfil de <strong>Facebook<\/strong>, on trobar\u00e0s el nostre \u00e0lbum sempre al dia amb les \u00faltimes instant\u00e0nies de concerts, actes, celebracions, etc. <\/p>\n\n\n\n<p class=\"has-text-align-center\"><strong>Accedix a l&#8217;\u00e0lbum fent clic en la imatge.<\/strong><\/p>\n\n\n<div class=\"wp-block-image\">\n<figure class=\"aligncenter size-full\"><a href=\"https:\/\/www.facebook.com\/amsantaceciliadelgrau\/photos\" target=\"_blank\" rel=\"noreferrer noopener\"><img loading=\"lazy\" decoding=\"async\" width=\"517\" height=\"513\" src=\"http:\/\/santaceciliadelgrao.com\/wp-content\/uploads\/2022\/12\/Captura-de-pantalla-2022-12-30-135532.png\" alt=\"\" class=\"wp-image-2716\" srcset=\"http:\/\/santaceciliadelgrao.com\/wp-content\/uploads\/2022\/12\/Captura-de-pantalla-2022-12-30-135532.png 517w, http:\/\/santaceciliadelgrao.com\/wp-content\/uploads\/2022\/12\/Captura-de-pantalla-2022-12-30-135532-300x298.png 300w, http:\/\/santaceciliadelgrao.com\/wp-content\/uploads\/2022\/12\/Captura-de-pantalla-2022-12-30-135532-150x150.png 150w\" sizes=\"auto, (max-width: 517px) 100vw, 517px\" \/><\/a><\/figure>\n<\/div>","protected":false},"excerpt":{"rendered":"<p>Si vols estar al cas de totes les imatges que genera la nostra activitat com a agrupaci\u00f3 musical, res millor que seguir la nostra galeria de fotos en el perfil de Facebook, on trobar\u00e0s el nostre \u00e0lbum sempre al dia amb les \u00faltimes instant\u00e0nies de concerts, actes, celebracions, etc. Accedix a l&#8217;\u00e0lbum fent clic en&hellip; <br \/> <a class=\"button small blue\" href=\"http:\/\/santaceciliadelgrao.com\/?page_id=1137\">Read more<\/a><\/p>\n","protected":false},"author":1,"featured_media":0,"parent":0,"menu_order":0,"comment_status":"closed","ping_status":"closed","template":"","meta":{"footnotes":""},"class_list":["post-1137","page","type-page","status-publish","hentry"],"_links":{"self":[{"href":"http:\/\/santaceciliadelgrao.com\/index.php?rest_route=\/wp\/v2\/pages\/1137","targetHints":{"allow":["GET"]}}],"collection":[{"href":"http:\/\/santaceciliadelgrao.com\/index.php?rest_route=\/wp\/v2\/pages"}],"about":[{"href":"http:\/\/santaceciliadelgrao.com\/index.php?rest_route=\/wp\/v2\/types\/page"}],"author":[{"embeddable":true,"href":"http:\/\/santaceciliadelgrao.com\/index.php?rest_route=\/wp\/v2\/users\/1"}],"replies":[{"embeddable":true,"href":"http:\/\/santaceciliadelgrao.com\/index.php?rest_route=%2Fwp%2Fv2%2Fcomments&post=1137"}],"version-history":[{"count":4,"href":"http:\/\/santaceciliadelgrao.com\/index.php?rest_route=\/wp\/v2\/pages\/1137\/revisions"}],"predecessor-version":[{"id":2719,"href":"http:\/\/santaceciliadelgrao.com\/index.php?rest_route=\/wp\/v2\/pages\/1137\/revisions\/2719"}],"wp:attachment":[{"href":"http:\/\/santaceciliadelgrao.com\/index.php?rest_route=%2Fwp%2Fv2%2Fmedia&parent=1137"}],"curies":[{"name":"wp","href":"https:\/\/api.w.org\/{rel}","templated":true}]}}