{"id":1118,"date":"2022-03-14T18:05:41","date_gmt":"2022-03-14T18:05:41","guid":{"rendered":"http:\/\/santaceciliadelgrao.com\/?page_id=1118"},"modified":"2023-09-04T16:51:35","modified_gmt":"2023-09-04T16:51:35","slug":"extraescolars","status":"publish","type":"page","link":"http:\/\/santaceciliadelgrao.com\/?page_id=1118","title":{"rendered":"Extraescolars"},"content":{"rendered":"\n<p class=\"has-text-align-left\">L\u2019<strong>Escola de M\u00fasica Santa Cec\u00edlia del Grau<\/strong> oferix una formaci\u00f3 musical de qualitat a tots els ve\u00efns i ve\u00efnes del barri. <\/p>\n\n\n\n<p class=\"has-text-align-left\">Per tal de facilitar la conciliaci\u00f3 familiar dels horaris escolars i laborals, dels trasllats de centre i altres obligacions, exporta la seua oferta d\u2019activitats a diferents centres educatius d\u2019infantil i prim\u00e0ria del Grau, sempre amb professores i professors titulats.<\/p>\n\n\n\n<p>L\u2019alumnat d\u2019estos centres pot descobrir i gaudir de la m\u00fasica mitjan\u00e7ant diverses <strong>activitats extraescolars<\/strong>, dissenyades amb diferents continguts i metodologies segons l\u2019edat dels xiquets i xiquetes:<\/p>\n\n\n\n<ul class=\"wp-block-list\">\n<li><strong>M\u00fasica i moviment<\/strong>: 1er, 2n i 3er d\u2019Infantil i 1er de Prim\u00e0ria.<\/li>\n\n\n\n<li><strong>Cor modern<\/strong> (<em>dancing choir<\/em>) 2n, 3er, 4t, 5\u00e9 i 6\u00e9 de Prim\u00e0ria.<\/li>\n<\/ul>\n\n\n<p>Hem preparat estos v\u00eddeos perqu\u00e8 conegues millor estes activitats.<\/p>\n\n\n<div class=\"wp-block-columns is-layout-flex wp-container-core-columns-is-layout-9d6595d7 wp-block-columns-is-layout-flex\">\n<div class=\"wp-block-column is-layout-flow wp-block-column-is-layout-flow\">\n<figure class=\"wp-block-image size-large is-resized\"><a href=\"https:\/\/www.youtube.com\/watch?v=LlfSap1ooSQ&amp;ab_channel=SantaCec%C3%ADliadelGrau\" target=\"_blank\" rel=\"noreferrer noopener\"><img loading=\"lazy\" decoding=\"async\" src=\"http:\/\/santaceciliadelgrao.com\/wp-content\/uploads\/2023\/09\/Musica-i-moviment-portada-1-1024x647.png\" alt=\"\" class=\"wp-image-3164\" style=\"width:416px;height:263px\" width=\"416\" height=\"263\" srcset=\"http:\/\/santaceciliadelgrao.com\/wp-content\/uploads\/2023\/09\/Musica-i-moviment-portada-1-1024x647.png 1024w, http:\/\/santaceciliadelgrao.com\/wp-content\/uploads\/2023\/09\/Musica-i-moviment-portada-1-300x190.png 300w, http:\/\/santaceciliadelgrao.com\/wp-content\/uploads\/2023\/09\/Musica-i-moviment-portada-1-768x485.png 768w, http:\/\/santaceciliadelgrao.com\/wp-content\/uploads\/2023\/09\/Musica-i-moviment-portada-1.png 1165w\" sizes=\"auto, (max-width: 416px) 100vw, 416px\" \/><\/a><\/figure>\n<\/div>\n\n\n\n<div class=\"wp-block-column is-layout-flow wp-block-column-is-layout-flow\">\n<figure class=\"wp-block-image size-large is-resized\"><a href=\"https:\/\/www.youtube.com\/watch?v=kFUsFovawBY&amp;ab_channel=SantaCec%C3%ADliadelGrau\" target=\"_blank\" rel=\"noreferrer noopener\"><img loading=\"lazy\" decoding=\"async\" src=\"http:\/\/santaceciliadelgrao.com\/wp-content\/uploads\/2023\/09\/Dancing-choir-portada-1024x676.png\" alt=\"\" class=\"wp-image-3165\" style=\"width:399px;height:263px\" width=\"399\" height=\"263\" srcset=\"http:\/\/santaceciliadelgrao.com\/wp-content\/uploads\/2023\/09\/Dancing-choir-portada-1024x676.png 1024w, http:\/\/santaceciliadelgrao.com\/wp-content\/uploads\/2023\/09\/Dancing-choir-portada-300x198.png 300w, http:\/\/santaceciliadelgrao.com\/wp-content\/uploads\/2023\/09\/Dancing-choir-portada-768x507.png 768w, http:\/\/santaceciliadelgrao.com\/wp-content\/uploads\/2023\/09\/Dancing-choir-portada.png 1182w\" sizes=\"auto, (max-width: 399px) 100vw, 399px\" \/><\/a><\/figure>\n<\/div>\n<\/div>\n\n\n\n<p>Actualment, estes activitats extraescolars s\u00f3n oferides per les associacions de pares i mares de:<\/p>\n\n\n\n<ul class=\"wp-block-list\" id=\"block-ba5ee33d-a3a2-42a9-8367-229166c7f962\">\n<li>AMPA del <strong>CEIP El Grau<\/strong><\/li>\n\n\n\n<li>AFA del <strong>CEIP L\u2019Albereda<\/strong><\/li>\n\n\n\n<li>AMPA del <strong>CEIP Tom\u00e1s de Monta\u00f1ana<\/strong><\/li>\n\n\n\n<li>AMPA del <strong>CEIP Angelina Carnicer<\/strong><\/li>\n<\/ul>\n\n\n<p style=\"text-align: center;\">La distribuci\u00f3 per centres, activitats i horaris per a este curs escolar \u00e9s la seg\u00fcent:<img loading=\"lazy\" decoding=\"async\" class=\"size-full wp-image-1998 aligncenter\" src=\"http:\/\/santaceciliadelgrao.com\/wp-content\/uploads\/2022\/09\/Extraescolars.png\" alt=\"\" width=\"504\" height=\"567\" srcset=\"http:\/\/santaceciliadelgrao.com\/wp-content\/uploads\/2022\/09\/Extraescolars.png 504w, http:\/\/santaceciliadelgrao.com\/wp-content\/uploads\/2022\/09\/Extraescolars-267x300.png 267w\" sizes=\"auto, (max-width: 504px) 100vw, 504px\" \/><\/p>\n<h4 style=\"text-align: center;\">Si vols que duguem la m\u00fasica al teu centre educatiu, contacta amb nosaltres!<\/h4>\n<h3 style=\"text-align: center;\"><strong><span style=\"color: #993366;\">\u21d3\u00a0 \u00a0 \u00a0 \u00a0 \u21d3\u00a0 \u00a0 \u00a0 \u00a0 \u21d3<\/span><\/strong><\/h3>","protected":false},"excerpt":{"rendered":"<p>L\u2019Escola de M\u00fasica Santa Cec\u00edlia del Grau oferix una formaci\u00f3 musical de qualitat a tots els ve\u00efns i ve\u00efnes del barri. Per tal de facilitar la conciliaci\u00f3 familiar dels horaris escolars i laborals, dels trasllats de centre i altres obligacions, exporta la seua oferta d\u2019activitats a diferents centres educatius d\u2019infantil i prim\u00e0ria del Grau, sempre&hellip; <br \/> <a class=\"button small blue\" href=\"http:\/\/santaceciliadelgrao.com\/?page_id=1118\">Read more<\/a><\/p>\n","protected":false},"author":1,"featured_media":0,"parent":0,"menu_order":0,"comment_status":"closed","ping_status":"closed","template":"","meta":{"footnotes":""},"class_list":["post-1118","page","type-page","status-publish","hentry"],"_links":{"self":[{"href":"http:\/\/santaceciliadelgrao.com\/index.php?rest_route=\/wp\/v2\/pages\/1118","targetHints":{"allow":["GET"]}}],"collection":[{"href":"http:\/\/santaceciliadelgrao.com\/index.php?rest_route=\/wp\/v2\/pages"}],"about":[{"href":"http:\/\/santaceciliadelgrao.com\/index.php?rest_route=\/wp\/v2\/types\/page"}],"author":[{"embeddable":true,"href":"http:\/\/santaceciliadelgrao.com\/index.php?rest_route=\/wp\/v2\/users\/1"}],"replies":[{"embeddable":true,"href":"http:\/\/santaceciliadelgrao.com\/index.php?rest_route=%2Fwp%2Fv2%2Fcomments&post=1118"}],"version-history":[{"count":20,"href":"http:\/\/santaceciliadelgrao.com\/index.php?rest_route=\/wp\/v2\/pages\/1118\/revisions"}],"predecessor-version":[{"id":3166,"href":"http:\/\/santaceciliadelgrao.com\/index.php?rest_route=\/wp\/v2\/pages\/1118\/revisions\/3166"}],"wp:attachment":[{"href":"http:\/\/santaceciliadelgrao.com\/index.php?rest_route=%2Fwp%2Fv2%2Fmedia&parent=1118"}],"curies":[{"name":"wp","href":"https:\/\/api.w.org\/{rel}","templated":true}]}}