{"id":1105,"date":"2022-03-14T18:02:39","date_gmt":"2022-03-14T18:02:39","guid":{"rendered":"http:\/\/santaceciliadelgrao.com\/?page_id=1105"},"modified":"2023-02-06T19:00:51","modified_gmt":"2023-02-06T19:00:51","slug":"fes-ten-soci","status":"publish","type":"page","link":"http:\/\/santaceciliadelgrao.com\/?page_id=1105","title":{"rendered":"Fes-te&#8217;n soci\/s\u00f2cia"},"content":{"rendered":"\n<div class=\"wp-block-media-text alignwide is-stacked-on-mobile\" style=\"grid-template-columns:39% auto\"><figure class=\"wp-block-media-text__media\"><img loading=\"lazy\" decoding=\"async\" width=\"1024\" height=\"256\" src=\"http:\/\/santaceciliadelgrao.com\/wp-content\/uploads\/2017\/12\/cropped-IMG-20171107-WA0055-1-1024x256.jpg\" alt=\"\" class=\"wp-image-22 size-full\" srcset=\"http:\/\/santaceciliadelgrao.com\/wp-content\/uploads\/2017\/12\/cropped-IMG-20171107-WA0055-1-1024x256.jpg 1024w, http:\/\/santaceciliadelgrao.com\/wp-content\/uploads\/2017\/12\/cropped-IMG-20171107-WA0055-1-300x75.jpg 300w, http:\/\/santaceciliadelgrao.com\/wp-content\/uploads\/2017\/12\/cropped-IMG-20171107-WA0055-1-768x192.jpg 768w, http:\/\/santaceciliadelgrao.com\/wp-content\/uploads\/2017\/12\/cropped-IMG-20171107-WA0055-1.jpg 1600w\" sizes=\"auto, (max-width: 1024px) 100vw, 1024px\" \/><\/figure><div class=\"wp-block-media-text__content\">\n<p>Si vols formar part d&#8217;esta gran fam\u00edlia que formem en SCG, si tens inquietuds musicals i t&#8217;agradaria formar part d&#8217;alguna de les nostres agrupacions, si ha arribat el moment d&#8217;iniciar els teus estudis musicals&#8230; o simplement vols donar-nos suport en les nombroses activitats que duguen a terme, NO CAL QUE T&#8217;HO PENSES M\u00c9S i fes-te&#8217;n soci o s\u00f2cia. Nom\u00e9s s\u00f3n 22 \u20ac a l&#8217;any.<\/p>\n<\/div><\/div>\n\n\n\n<div class=\"wp-block-columns is-layout-flex wp-container-core-columns-is-layout-9d6595d7 wp-block-columns-is-layout-flex\"><\/div>\n\n\n<div class=\"yiv7430521503elementToProof\" style=\"text-align: left;\">Ompli este document i envia&#8217;l per correu electr\u00f2nic a\u00a0 <span style=\"color: #0000ff;\">santaceciliadelgrao@hotmail.com. <\/span><span class=\"yiv7430521503ContentPasted0\">Tamb\u00e9 pots acostar-te a secretaria en horari de 17:00 a 20:00 h.<\/span><\/div>\n<div>\u00a0<\/div>\n\n\n<div class=\"wp-block-buttons is-layout-flex wp-block-buttons-is-layout-flex\">\n<div class=\"wp-block-button aligncenter\"><a class=\"wp-block-button__link has-vivid-red-background-color has-background wp-element-button\" href=\"http:\/\/santaceciliadelgrao.com\/wp-content\/uploads\/2023\/02\/ALTA-SOCIO-SCG.pdf\" target=\"_blank\" rel=\"noreferrer noopener\">ALTA SOCI\/S\u00d2CIA<\/a><\/div>\n<\/div>\n\n\n<div>\u00a0<\/div>\n<div class=\"yiv7430521503elementToProof\" style=\"text-align: left;\"><span class=\"yiv7430521503ContentPasted0\">Has de saber que tot l&#8217;alumnat de l&#8217;escola i el conjunt de m\u00fasics, m\u00fasiques i integrants del cor han d&#8217;associar-s&#8217;hi, i que els menors d&#8217;edat han de tindre un soci o s\u00f2cia tutor.\u00a0<\/span><\/div>\n<div class=\"yiv7430521503elementToProof\" style=\"text-align: left;\">\u00a0<\/div>\n<div class=\"yiv7430521503elementToProof\" style=\"text-align: left;\">T&#8217;hi esperem!<\/div>","protected":false},"excerpt":{"rendered":"<p>Si vols formar part d&#8217;esta gran fam\u00edlia que formem en SCG, si tens inquietuds musicals i t&#8217;agradaria formar part d&#8217;alguna de les nostres agrupacions, si ha arribat el moment d&#8217;iniciar els teus estudis musicals&#8230; o simplement vols donar-nos suport en les nombroses activitats que duguen a terme, NO CAL QUE T&#8217;HO PENSES M\u00c9S i fes-te&#8217;n&hellip; <br \/> <a class=\"button small blue\" href=\"http:\/\/santaceciliadelgrao.com\/?page_id=1105\">Read more<\/a><\/p>\n","protected":false},"author":1,"featured_media":0,"parent":0,"menu_order":0,"comment_status":"closed","ping_status":"closed","template":"","meta":{"footnotes":""},"class_list":["post-1105","page","type-page","status-publish","hentry"],"_links":{"self":[{"href":"http:\/\/santaceciliadelgrao.com\/index.php?rest_route=\/wp\/v2\/pages\/1105","targetHints":{"allow":["GET"]}}],"collection":[{"href":"http:\/\/santaceciliadelgrao.com\/index.php?rest_route=\/wp\/v2\/pages"}],"about":[{"href":"http:\/\/santaceciliadelgrao.com\/index.php?rest_route=\/wp\/v2\/types\/page"}],"author":[{"embeddable":true,"href":"http:\/\/santaceciliadelgrao.com\/index.php?rest_route=\/wp\/v2\/users\/1"}],"replies":[{"embeddable":true,"href":"http:\/\/santaceciliadelgrao.com\/index.php?rest_route=%2Fwp%2Fv2%2Fcomments&post=1105"}],"version-history":[{"count":4,"href":"http:\/\/santaceciliadelgrao.com\/index.php?rest_route=\/wp\/v2\/pages\/1105\/revisions"}],"predecessor-version":[{"id":2927,"href":"http:\/\/santaceciliadelgrao.com\/index.php?rest_route=\/wp\/v2\/pages\/1105\/revisions\/2927"}],"wp:attachment":[{"href":"http:\/\/santaceciliadelgrao.com\/index.php?rest_route=%2Fwp%2Fv2%2Fmedia&parent=1105"}],"curies":[{"name":"wp","href":"https:\/\/api.w.org\/{rel}","templated":true}]}}