{"id":1099,"date":"2022-03-14T18:01:17","date_gmt":"2022-03-14T18:01:17","guid":{"rendered":"http:\/\/santaceciliadelgrao.com\/?page_id=1099"},"modified":"2022-12-30T12:34:00","modified_gmt":"2022-12-30T12:34:00","slug":"estatuts","status":"publish","type":"page","link":"http:\/\/santaceciliadelgrao.com\/?page_id=1099","title":{"rendered":"Normativa"},"content":{"rendered":"\n<p class=\"has-medium-font-size\">Posem a la disposici\u00f3 de les s\u00f2cies i socis els <strong>Estatuts<\/strong> i el <strong>Reglament de r\u00e8gim interior<\/strong> de l&#8217;Agrupaci\u00f3, que es poden consultar o descarregar fent clic en els botons.<\/p>\n\n\n\n<p><\/p>\n\n\n\n<p><\/p>\n\n\n\n<p><\/p>\n\n\n\n<div class=\"wp-block-columns is-layout-flex wp-container-core-columns-is-layout-9d6595d7 wp-block-columns-is-layout-flex\">\n<div class=\"wp-block-column is-layout-flow wp-block-column-is-layout-flow\">\n<figure class=\"wp-block-image size-large is-resized\"><img loading=\"lazy\" decoding=\"async\" src=\"http:\/\/santaceciliadelgrao.com\/wp-content\/uploads\/2022\/12\/ESCUDO-BANDA-BLANCO-Y-NEGRO-687x1024.png\" alt=\"\" class=\"wp-image-2708\" width=\"211\" height=\"314\" srcset=\"http:\/\/santaceciliadelgrao.com\/wp-content\/uploads\/2022\/12\/ESCUDO-BANDA-BLANCO-Y-NEGRO-687x1024.png 687w, http:\/\/santaceciliadelgrao.com\/wp-content\/uploads\/2022\/12\/ESCUDO-BANDA-BLANCO-Y-NEGRO-201x300.png 201w, http:\/\/santaceciliadelgrao.com\/wp-content\/uploads\/2022\/12\/ESCUDO-BANDA-BLANCO-Y-NEGRO-768x1145.png 768w, http:\/\/santaceciliadelgrao.com\/wp-content\/uploads\/2022\/12\/ESCUDO-BANDA-BLANCO-Y-NEGRO-1030x1536.png 1030w, http:\/\/santaceciliadelgrao.com\/wp-content\/uploads\/2022\/12\/ESCUDO-BANDA-BLANCO-Y-NEGRO-1374x2048.png 1374w, http:\/\/santaceciliadelgrao.com\/wp-content\/uploads\/2022\/12\/ESCUDO-BANDA-BLANCO-Y-NEGRO-1024x1527.png 1024w, http:\/\/santaceciliadelgrao.com\/wp-content\/uploads\/2022\/12\/ESCUDO-BANDA-BLANCO-Y-NEGRO-724x1080.png 724w\" sizes=\"auto, (max-width: 211px) 100vw, 211px\" \/><\/figure>\n<\/div>\n\n\n\n<div class=\"wp-block-column is-layout-flow wp-block-column-is-layout-flow\">\n<div class=\"wp-block-buttons is-layout-flex wp-block-buttons-is-layout-flex\">\n<div class=\"wp-block-button aligncenter\"><a class=\"wp-block-button__link has-black-color has-text-color has-background wp-element-button\" href=\"http:\/\/santaceciliadelgrao.com\/wp-content\/uploads\/2022\/03\/Estatuts-AM-SCG.pdf\" style=\"background-color:#f48a8a\" target=\"_blank\" rel=\"noreferrer noopener\">ESTATUTS<\/a><\/div>\n<\/div>\n<\/div>\n\n\n\n<div class=\"wp-block-column is-layout-flow wp-block-column-is-layout-flow\">\n<div class=\"wp-block-buttons is-layout-flex wp-block-buttons-is-layout-flex\">\n<div class=\"wp-block-button\"><a class=\"wp-block-button__link has-black-color has-text-color has-background wp-element-button\" href=\"http:\/\/santaceciliadelgrao.com\/wp-content\/uploads\/2022\/05\/REGLAMENT-BANDA-SCG-1.pdf\" style=\"background-color:#f58181\" target=\"_blank\" rel=\"noreferrer noopener\">REGLAMENT<\/a><\/div>\n<\/div>\n<\/div>\n<\/div>\n\n\n\n<p><\/p>\n\n\n\n<div class=\"wp-block-group alignwide\"><div class=\"wp-block-group__inner-container is-layout-flow wp-block-group-is-layout-flow\">\n<div class=\"wp-block-columns alignwide is-layout-flex wp-container-core-columns-is-layout-9d6595d7 wp-block-columns-is-layout-flex\">\n<div class=\"wp-block-column is-vertically-aligned-center is-layout-flow wp-block-column-is-layout-flow\" style=\"flex-basis:55%\">\n<p><\/p>\n<\/div>\n<\/div>\n<\/div><\/div>\n","protected":false},"excerpt":{"rendered":"<p>Posem a la disposici\u00f3 de les s\u00f2cies i socis els Estatuts i el Reglament de r\u00e8gim interior de l&#8217;Agrupaci\u00f3, que es poden consultar o descarregar fent clic en els botons.<\/p>\n","protected":false},"author":1,"featured_media":0,"parent":0,"menu_order":0,"comment_status":"closed","ping_status":"closed","template":"","meta":{"footnotes":""},"class_list":["post-1099","page","type-page","status-publish","hentry"],"_links":{"self":[{"href":"http:\/\/santaceciliadelgrao.com\/index.php?rest_route=\/wp\/v2\/pages\/1099","targetHints":{"allow":["GET"]}}],"collection":[{"href":"http:\/\/santaceciliadelgrao.com\/index.php?rest_route=\/wp\/v2\/pages"}],"about":[{"href":"http:\/\/santaceciliadelgrao.com\/index.php?rest_route=\/wp\/v2\/types\/page"}],"author":[{"embeddable":true,"href":"http:\/\/santaceciliadelgrao.com\/index.php?rest_route=\/wp\/v2\/users\/1"}],"replies":[{"embeddable":true,"href":"http:\/\/santaceciliadelgrao.com\/index.php?rest_route=%2Fwp%2Fv2%2Fcomments&post=1099"}],"version-history":[{"count":5,"href":"http:\/\/santaceciliadelgrao.com\/index.php?rest_route=\/wp\/v2\/pages\/1099\/revisions"}],"predecessor-version":[{"id":2710,"href":"http:\/\/santaceciliadelgrao.com\/index.php?rest_route=\/wp\/v2\/pages\/1099\/revisions\/2710"}],"wp:attachment":[{"href":"http:\/\/santaceciliadelgrao.com\/index.php?rest_route=%2Fwp%2Fv2%2Fmedia&parent=1099"}],"curies":[{"name":"wp","href":"https:\/\/api.w.org\/{rel}","templated":true}]}}