{"id":1092,"date":"2022-03-14T17:57:44","date_gmt":"2022-03-14T17:57:44","guid":{"rendered":"http:\/\/santaceciliadelgrao.com\/?page_id=1092"},"modified":"2025-10-14T07:15:53","modified_gmt":"2025-10-14T07:15:53","slug":"director-3","status":"publish","type":"page","link":"http:\/\/santaceciliadelgrao.com\/?page_id=1092","title":{"rendered":"Director de la banda simf\u00f2nica"},"content":{"rendered":"\n<h4 class=\"wp-block-heading\">               <strong>ILDEFONSO MARTOS CARRETERO<\/strong><\/h4>\n\n\n\n<div class=\"wp-block-columns is-layout-flex wp-container-core-columns-is-layout-9d6595d7 wp-block-columns-is-layout-flex\">\n<div class=\"wp-block-column is-layout-flow wp-block-column-is-layout-flow\" style=\"flex-basis:33.33%\">\n<figure class=\"wp-block-image size-full\"><img loading=\"lazy\" decoding=\"async\" width=\"400\" height=\"400\" src=\"http:\/\/santaceciliadelgrao.com\/wp-content\/uploads\/2025\/10\/Ilde-1.jpg\" alt=\"\" class=\"wp-image-4040\" srcset=\"http:\/\/santaceciliadelgrao.com\/wp-content\/uploads\/2025\/10\/Ilde-1.jpg 400w, http:\/\/santaceciliadelgrao.com\/wp-content\/uploads\/2025\/10\/Ilde-1-300x300.jpg 300w, http:\/\/santaceciliadelgrao.com\/wp-content\/uploads\/2025\/10\/Ilde-1-150x150.jpg 150w\" sizes=\"auto, (max-width: 400px) 100vw, 400px\" \/><\/figure>\n<\/div>\n\n\n\n<div class=\"wp-block-column is-layout-flow wp-block-column-is-layout-flow\" style=\"flex-basis:66.66%\">\n<p>Ildefonso Martos Carretero \u00e9s natural del Puig (Val\u00e8ncia) i d\u2019ell destaquen la seua formaci\u00f3 acad\u00e8mica, experi\u00e8ncia en doc\u00e8ncia i en direcci\u00f3 musical.<\/p>\n<p>T\u00e9 el t\u00edtol superior en Tuba pel Conservatori Superior de M\u00fasica de Castell\u00f3 (1999), amb menci\u00f3 d\u2019honor; ha cursat estudis d\u2019Adaptaci\u00f3 Pedag\u00f2gica en la Universitat de Barcelona (1999) i de \u200bDirecci\u00f3 coral, de banda i orquestra (1999-2007) i formaci\u00f3 en Neuroeducaci\u00f3 Musical (2020).<\/p>\n<p>Ha desenvolupat una carrera com a int\u00e8rpret en diverses orquestres simf\u00f2niques, com la de les Illes Balears i la de la Palma (Gran Can\u00e0ria), i ha participat en projectes de m\u00fasica de cambra, jazz i flamenc.<\/p>\n<p>Com a director, s\u2019ha format amb noms de refer\u00e8ncia com Jos\u00e9 Rafael Vilaplana, Ram\u00f3n Ram\u00edrez i Llorens Mendoza, i ha estat al capdavant de bandes com l\u2019Agrupaci\u00f3 Musical d\u2019Alfara del Patriarca, el CIM de Benimaclet, la Uni\u00f3 Musical Santa Maria del Puig i l\u2019Agrupaci\u00f3 Musical de Massarrojos, obtenint diversos primers premis en cert\u00e0mens de la Diputaci\u00f3 de Val\u00e8ncia i de Benissan\u00f3.<\/p>\n<\/div>\n<\/div>\n\n\n\n<p><\/p>\n\n\n\n<p>La seua traject\u00f2ria destaca tamb\u00e9 per la implicaci\u00f3 amb la formaci\u00f3 musical, tant com a professor de secund\u00e0ria i com a docent i director en diverses escoles de m\u00fasica de la Comunitat Valenciana. Actualment, compagina la direcci\u00f3 de la nostra banda amb altres projectes art\u00edstics com el cor MiForte, la banda Uni\u00f3n Musical Padre Bast\u00e9 i el projecte \u00abN\u00e0quera Sona\u00bb, del qual \u00e9s director musical des de 2023.<\/p>\n\n\n\n<p>\u00c9s tamb\u00e9 coordinador de projectes Erasmus+ i director del Seminari de Joves Int\u00e8rprets de Sinarcas, una mostra del seu comprom\u00eds amb l\u2019educaci\u00f3 i la mobilitat cultural internacional. Ha realitzat gravacions de CDs i DVDs de diverses produccions musicals al llarg de la seua traject\u00f2ria professional i ha format part del jurat de diversos concursos i cert\u00e0mens tant nacionals com internacionals. &nbsp;<\/p>\n","protected":false},"excerpt":{"rendered":"<p>ILDEFONSO MARTOS CARRETERO Ildefonso Martos Carretero \u00e9s natural del Puig (Val\u00e8ncia) i d\u2019ell destaquen la seua formaci\u00f3 acad\u00e8mica, experi\u00e8ncia en doc\u00e8ncia i en direcci\u00f3 musical. T\u00e9 el t\u00edtol superior en Tuba pel Conservatori Superior de M\u00fasica de Castell\u00f3 (1999), amb menci\u00f3 d\u2019honor; ha cursat estudis d\u2019Adaptaci\u00f3 Pedag\u00f2gica en la Universitat de Barcelona (1999) i de&hellip; <br \/> <a class=\"button small blue\" href=\"http:\/\/santaceciliadelgrao.com\/?page_id=1092\">Read more<\/a><\/p>\n","protected":false},"author":1,"featured_media":0,"parent":0,"menu_order":0,"comment_status":"closed","ping_status":"closed","template":"","meta":{"footnotes":""},"class_list":["post-1092","page","type-page","status-publish","hentry"],"_links":{"self":[{"href":"http:\/\/santaceciliadelgrao.com\/index.php?rest_route=\/wp\/v2\/pages\/1092","targetHints":{"allow":["GET"]}}],"collection":[{"href":"http:\/\/santaceciliadelgrao.com\/index.php?rest_route=\/wp\/v2\/pages"}],"about":[{"href":"http:\/\/santaceciliadelgrao.com\/index.php?rest_route=\/wp\/v2\/types\/page"}],"author":[{"embeddable":true,"href":"http:\/\/santaceciliadelgrao.com\/index.php?rest_route=\/wp\/v2\/users\/1"}],"replies":[{"embeddable":true,"href":"http:\/\/santaceciliadelgrao.com\/index.php?rest_route=%2Fwp%2Fv2%2Fcomments&post=1092"}],"version-history":[{"count":8,"href":"http:\/\/santaceciliadelgrao.com\/index.php?rest_route=\/wp\/v2\/pages\/1092\/revisions"}],"predecessor-version":[{"id":4041,"href":"http:\/\/santaceciliadelgrao.com\/index.php?rest_route=\/wp\/v2\/pages\/1092\/revisions\/4041"}],"wp:attachment":[{"href":"http:\/\/santaceciliadelgrao.com\/index.php?rest_route=%2Fwp%2Fv2%2Fmedia&parent=1092"}],"curies":[{"name":"wp","href":"https:\/\/api.w.org\/{rel}","templated":true}]}}